{"id":16,"date":"2023-11-20T11:45:37","date_gmt":"2023-11-20T11:45:37","guid":{"rendered":"https:\/\/simexmin.org.br\/2024\/?page_id=16"},"modified":"2024-05-16T19:39:49","modified_gmt":"2024-05-16T19:39:49","slug":"inscricoes","status":"publish","type":"page","link":"https:\/\/simexmin.org.br\/2024\/inscricoes\/","title":{"rendered":"INSCRI\u00c7\u00d5ES"},"content":{"rendered":"[et_pb_section fb_built=&#8221;1&#8243; fullwidth=&#8221;on&#8221; _builder_version=&#8221;4.23.1&#8243; _module_preset=&#8221;default&#8221; bottom_divider_style=&#8221;arrow2&#8243; bottom_divider_color=&#8221;#fbfae8&#8243; bottom_divider_height=&#8221;50px&#8221; global_colors_info=&#8221;{}&#8221;][et_pb_fullwidth_header title=&#8221;INSCRI\u00c7\u00d5ES&#8221; _builder_version=&#8221;4.23.1&#8243; _module_preset=&#8221;default&#8221; title_font=&#8221;|800|||||||&#8221; title_text_align=&#8221;center&#8221; title_font_size=&#8221;48px&#8221; background_color=&#8221;#DB6C00&#8243; background_image=&#8221;https:\/\/simexmin.org.br\/2024\/wp-content\/uploads\/2023\/11\/topo-pag-internas.jpg&#8221; custom_padding=&#8221;46px||40px|||&#8221; title_font_size_tablet=&#8221;48px&#8221; title_font_size_phone=&#8221;33px&#8221; title_font_size_last_edited=&#8221;on|phone&#8221; title_text_shadow_style=&#8221;preset2&#8243; global_colors_info=&#8221;{}&#8221;][\/et_pb_fullwidth_header][\/et_pb_section][et_pb_section fb_built=&#8221;1&#8243; _builder_version=&#8221;4.23.1&#8243; _module_preset=&#8221;default&#8221; background_image=&#8221;https:\/\/simexmin.org.br\/2024\/wp-content\/uploads\/2023\/11\/bg-curvas-bege.jpg&#8221; parallax=&#8221;on&#8221; parallax_method=&#8221;off&#8221; background_blend=&#8221;multiply&#8221; global_colors_info=&#8221;{}&#8221;][et_pb_row _builder_version=&#8221;4.23.1&#8243; _module_preset=&#8221;default&#8221; width=&#8221;90%&#8221; max_width=&#8221;1357px&#8221; custom_margin=&#8221;-25px|auto||auto||&#8221; custom_padding=&#8221;||0px|||&#8221; global_colors_info=&#8221;{}&#8221;][et_pb_column type=&#8221;4_4&#8243; _builder_version=&#8221;4.16&#8243; _module_preset=&#8221;default&#8221; global_colors_info=&#8221;{}&#8221;][et_pb_text _builder_version=&#8221;4.25.1&#8243; _module_preset=&#8221;default&#8221; text_font=&#8221;|600|||||||&#8221; text_font_size=&#8221;17px&#8221; background_color=&#8221;RGBA(255,255,255,0)&#8221; hover_enabled=&#8221;0&#8243; global_colors_info=&#8221;{}&#8221; sticky_enabled=&#8221;0&#8243;]\n<div class=\"su-table su-table-alternate\">\n<table>\n<tbody>\n<tr>\n<td style=\"text-align: center;width: 165px\"><span style=\"color: #ff9900\"><strong>CATEGORIA<\/strong><\/span><\/td>\n<td style=\"text-align: center;width: 96.2188px\"><span style=\"color: #ff9900\"><strong>DAY USE 19\/05 <\/strong><\/span><br \/><span style=\"color: #ff9900\"><strong>(cerim\u00f4nia de abertura+coquetel)<\/strong><\/span><\/td>\n<td style=\"text-align: center;width: 98.1406px\"><span style=\"color: #ff9900\"><strong>DAY USE 20, 21 e 22\/05<\/strong><\/span><\/td>\n<td style=\"text-align: center;width: 62.5469px\" bgcolor=\"#F7BC13\"><span style=\"color: #ff9900\"><strong>No Evento<\/strong><\/span><\/td>\n<\/tr>\n<tr>\n<td style=\"text-align: center;width: 165px\">Profissional de empresas associadas \u00e0 ADIMB &#8211; PLENO<\/td>\n<td style=\"text-align: center;width: 96.2188px\">R$ 200,00<\/td>\n<td style=\"text-align: center;width: 98.1406px\">R$ 425,00<\/td>\n<td style=\"text-align: center;width: 62.5469px\" bgcolor=\"#F7BC13\">R$ 1.513,00<\/td>\n<\/tr>\n<tr>\n<td style=\"text-align: center;width: 165px\">Profissional de empresas associadas \u00e0 ADIMB &#8211; PATRONO<\/td>\n<td style=\"text-align: center;width: 96.2188px\">R$ 200,00<\/td>\n<td style=\"text-align: center;width: 98.1406px\">R$ 375,00<\/td>\n<td style=\"text-align: center;width: 62.5469px\" bgcolor=\"#F7BC13\">R$ 1.335,00<\/td>\n<\/tr>\n<tr>\n<td style=\"text-align: center;width: 165px\">Profissional de empresas n\u00e3o associadas \u00e0 ADIMB<\/td>\n<td style=\"text-align: center;width: 96.2188px\">R$ 200,00<\/td>\n<td style=\"text-align: center;width: 98.1406px\">R$ 500,00<\/td>\n<td style=\"text-align: center;width: 62.5469px\" bgcolor=\"#F7BC13\">R$ 1.780,00<\/td>\n<\/tr>\n<tr>\n<td style=\"text-align: center;width: 165px\">Profissional S\u00eanior (+60 anos), Professores ou sem v\u00ednculo empregat\u00edcio<\/td>\n<td style=\"text-align: center;width: 96.2188px\">R$ 200,00<\/td>\n<td style=\"text-align: center;width: 98.1406px\">R$ 375,00<\/td>\n<td style=\"text-align: center;width: 62.5469px\" bgcolor=\"#F7BC13\">R$ 1.335,00<\/td>\n<\/tr>\n<tr>\n<td style=\"text-align: center;width: 165px\">Estudantes de gradua\u00e7\u00e3o ou p\u00f3s-gradua\u00e7\u00e3o (n\u00e3o vinculado \u00e0 empresas associadas ou n\u00e3o associadas)<\/td>\n<td style=\"text-align: center;width: 96.2188px\">R$ 200,00<\/td>\n<td style=\"text-align: center;width: 98.1406px\">N\u00c3O DISPON\u00cdVEL<\/td>\n<td style=\"text-align: center;width: 62.5469px\" bgcolor=\"#F7BC13\">R$ 520,00<\/td>\n<\/tr>\n<\/tbody>\n<\/table>\n<\/div>\n[\/et_pb_text][\/et_pb_column][\/et_pb_row][et_pb_row column_structure=&#8221;1_2,1_2&#8243; _builder_version=&#8221;4.23.1&#8243; _module_preset=&#8221;default&#8221; max_width=&#8221;1358px&#8221; global_colors_info=&#8221;{}&#8221;][et_pb_column type=&#8221;1_2&#8243; _builder_version=&#8221;4.23.1&#8243; _module_preset=&#8221;default&#8221; background_color=&#8221;#F2F1D3&#8243; custom_padding=&#8221;30px|30px|20px|30px|false|true&#8221; border_radii=&#8221;on|20px|20px|20px|20px&#8221; box_shadow_style=&#8221;preset2&#8243; box_shadow_horizontal=&#8221;3px&#8221; box_shadow_vertical=&#8221;3px&#8221; box_shadow_blur=&#8221;6px&#8221; global_colors_info=&#8221;{}&#8221;][et_pb_text _builder_version=&#8221;4.23.1&#8243; _module_preset=&#8221;default&#8221; text_font=&#8221;|700|||||||&#8221; text_text_color=&#8221;#DB6C00&#8243; custom_margin=&#8221;||14px|||&#8221; global_colors_info=&#8221;{}&#8221;]\n<p>ATEN\u00c7\u00c3O:<\/p>\n[\/et_pb_text][et_pb_text _builder_version=&#8221;4.25.1&#8243; _module_preset=&#8221;default&#8221; text_font=&#8221;|600|||||||&#8221; text_font_size=&#8221;17px&#8221; ul_font=&#8221;||||||||&#8221; ul_font_size=&#8221;17px&#8221; ul_line_height=&#8221;1.4em&#8221; hover_enabled=&#8221;0&#8243; global_colors_info=&#8221;{}&#8221; sticky_enabled=&#8221;0&#8243;]\n<ul>\n<li>Verifique se sua empresa \u00e9 associado \u00e0 ADIMB, antes da inscri\u00e7\u00e3o, n\u00e3o ser\u00e3o realizados reembolsos ou repasse de diferen\u00e7a de valor.<br \/><a href=\"https:\/\/adimb.org.br\/associados\/\" target=\"_blank\" rel=\"noopener\">https:\/\/adimb.org.br\/associados\/<\/a><\/li>\n<li>Day-use permite acesso ao evento somente nos dias 19, 20, 21 ou 22\/05\/2024.<\/li>\n<li>S\u00f3 \u00e9 permitido o envio de uma \u00fanica inscri\u00e7\u00e3o por conta de usu\u00e1rio.<\/li>\n<li>Sua vaga somente estar\u00e1 garantida ap\u00f3s o pagamento da inscri\u00e7\u00e3o.<\/li>\n<li>Estudantes de gradua\u00e7\u00e3o e p\u00f3s-gradua\u00e7\u00e3o dever\u00e3o anexar no sistema de inscri\u00e7\u00e3o o comprovante de matr\u00edcula do semestre atual, emitido pela institui\u00e7\u00e3o a que s\u00e3o vinculados.<\/li>\n<li>Professores dever\u00e3o anexar no sistema de inscri\u00e7\u00e3o documento que comprove o v\u00ednculo com a Universidade\/Institui\u00e7\u00e3o a que s\u00e3o vinculados.<\/li>\n<li>Profissional S\u00eanior: necess\u00e1rio envio de documento (CNH ou RG).<\/li>\n<li>O Recibo de Pagamento estar\u00e1 dispon\u00edvel na \u00c1rea de Inscrito, assim que o pagamento for confirmado.<\/li>\n<li>Caso necessite de faturamento direto pela ADIMB, antes de efetivar a inscri\u00e7\u00e3o favor solicitar o procedimento atrav\u00e9s do e-mail: financeiro@adimb.org.br informando os dados completos que devem constar no recibo (Raz\u00e3o Social, CNPJ, IM, IE, Endere\u00e7o Completo e contato do respons\u00e1vel), al\u00e9m da quantidade de inscri\u00e7\u00f5es.<\/li>\n<\/ul>\n[\/et_pb_text][\/et_pb_column][et_pb_column type=&#8221;1_2&#8243; _builder_version=&#8221;4.23.1&#8243; _module_preset=&#8221;default&#8221; global_colors_info=&#8221;{}&#8221;][et_pb_text _builder_version=&#8221;4.23.1&#8243; _module_preset=&#8221;default&#8221; header_3_text_color=&#8221;#DB6C00&#8243; custom_margin=&#8221;||21px|||&#8221; border_width_bottom=&#8221;1px&#8221; border_color_bottom=&#8221;#F7BC13&#8243; global_colors_info=&#8221;{}&#8221;]\n<h3>POL\u00cdTICA DE CANCELAMENTO<\/h3>\n[\/et_pb_text][et_pb_text _builder_version=&#8221;4.23.1&#8243; _module_preset=&#8221;default&#8221; text_font=&#8221;|600|||||||&#8221; text_font_size=&#8221;17px&#8221; text_line_height=&#8221;1.3em&#8221; global_colors_info=&#8221;{}&#8221;]\n<p>As solicita\u00e7\u00f5es de cancelamento dever\u00e3o ser efetuadas at\u00e9 o dia 05 de maio de 2024, mediante comunica\u00e7\u00e3o escrita ao e-mail: <a href=\"mailto:comercialsimexmin@adimb.org.br\">comercialsimexmin@adimb.org.br<\/a>.<\/p>\n<p>O participante ter\u00e1 direito a restitui\u00e7\u00e3o do valor pago, deduzido de 30% de encargos administrativos.<\/p>\n<p>A devolu\u00e7\u00e3o ser\u00e1 feita em at\u00e9 30 dias ap\u00f3s o evento.<\/p>\n<p>A solicita\u00e7\u00e3o de cancelamento de inscri\u00e7\u00e3o ap\u00f3s essa data N\u00c3O ser\u00e1 reembolsada.<\/p>\n[\/et_pb_text][et_pb_text _builder_version=&#8221;4.23.1&#8243; _module_preset=&#8221;default&#8221; header_3_text_color=&#8221;#DB6C00&#8243; custom_margin=&#8221;||21px|||&#8221; border_width_bottom=&#8221;1px&#8221; border_color_bottom=&#8221;#F7BC13&#8243; global_colors_info=&#8221;{}&#8221;]\n<h3>SUBSTITUI\u00c7\u00c3O DAS INSCRI\u00c7\u00d5ES<\/h3>\n[\/et_pb_text][et_pb_text _builder_version=&#8221;4.23.1&#8243; _module_preset=&#8221;default&#8221; text_font=&#8221;|600|||||||&#8221; text_font_size=&#8221;17px&#8221; text_line_height=&#8221;1.3em&#8221; global_colors_info=&#8221;{}&#8221;]\n<p>A inscri\u00e7\u00e3o no evento poder\u00e1 ser transferida para outra pessoa dentro da mesma categoria. Ser\u00e3o aceitas substitui\u00e7\u00f5es at\u00e9 o dia 9 de maio de 2024, mediante pedido por escrito, enviado para o e-mail: <a href=\"mailto:comercialsimexmin@adimb.org.br\">comercialsimexmin@adimb.org.br<\/a>, juntamente com os dados do novo participante que dever\u00e1 estar previamente cadastrado na plataforma de inscri\u00e7\u00e3o do evento.<\/p>\n[\/et_pb_text][et_pb_text _builder_version=&#8221;4.23.1&#8243; _module_preset=&#8221;default&#8221; header_3_text_color=&#8221;#DB6C00&#8243; custom_margin=&#8221;||21px|||&#8221; border_width_bottom=&#8221;1px&#8221; border_color_bottom=&#8221;#F7BC13&#8243; global_colors_info=&#8221;{}&#8221;]\n<h3>INSCRI\u00c7\u00d5ES NO LOCAL<\/h3>\n[\/et_pb_text][et_pb_text _builder_version=&#8221;4.23.1&#8243; _module_preset=&#8221;default&#8221; text_font=&#8221;|600|||||||&#8221; text_font_size=&#8221;17px&#8221; text_line_height=&#8221;1.3em&#8221; global_colors_info=&#8221;{}&#8221;]\n<p>Ap\u00f3s 15 de maio de 2024, as inscri\u00e7\u00f5es devem ser realizadas apenas no local do evento.<\/p>\n<p>Ser\u00e3o aceitos nesta data apenas pagamentos via cart\u00e3o de cr\u00e9dito, transfer\u00eancia banc\u00e1ria ou Pix.<\/p>\n<p>N\u00e3o ser\u00e1 aceito pagamento em dinheiro ou cheque.<\/p>\n[\/et_pb_text][\/et_pb_column][\/et_pb_row][et_pb_row _builder_version=&#8221;4.23.1&#8243; _module_preset=&#8221;default&#8221; max_width=&#8221;1358px&#8221; global_colors_info=&#8221;{}&#8221;][et_pb_column type=&#8221;4_4&#8243; _builder_version=&#8221;4.23.1&#8243; _module_preset=&#8221;default&#8221; global_colors_info=&#8221;{}&#8221;][et_pb_button button_url=&#8221;https:\/\/simexmin2024.evento.med.br\/inscricao\/&#8221; url_new_window=&#8221;on&#8221; button_text=&#8221;FA\u00c7A SUA INSCRI\u00c7\u00c3O! CLIQUE AQUI.&#8221; button_alignment=&#8221;center&#8221; disabled_on=&#8221;off|off|off&#8221; _builder_version=&#8221;4.23.1&#8243; _module_preset=&#8221;default&#8221; custom_button=&#8221;on&#8221; button_text_size=&#8221;28px&#8221; button_text_color=&#8221;#FFFFFF&#8221; button_bg_color=&#8221;#002A54&#8243; button_border_color=&#8221;#002A54&#8243; button_border_radius=&#8221;27px&#8221; button_font=&#8221;|700|||||||&#8221; custom_margin=&#8221;14px|||||&#8221; button_text_size_tablet=&#8221;28px&#8221; button_text_size_phone=&#8221;20px&#8221; button_text_size_last_edited=&#8221;on|phone&#8221; global_colors_info=&#8221;{}&#8221; button_text_color__hover_enabled=&#8221;on|hover&#8221; button_text_color__hover=&#8221;#002A54&#8243; button_bg_color__hover_enabled=&#8221;on|hover&#8221; button_bg_color__hover=&#8221;#F7BC13&#8243; button_bg_enable_color__hover=&#8221;on&#8221; button_border_color__hover_enabled=&#8221;on|hover&#8221; button_border_color__hover=&#8221;#F7BC13&#8243;][\/et_pb_button][\/et_pb_column][\/et_pb_row][\/et_pb_section]\n","protected":false},"excerpt":{"rendered":"<p><div class=\"su-table su-table-alternate\"><\/div> CATEGORIA DAY USE 19\/05 (cerim\u00f4nia de abertura+coquetel) DAY USE 20, 21 e 22\/05 No Evento Profissional de empresas associadas \u00e0 ADIMB &#8211; PLENO R$ 200,00 R$ 425,00 R$ 1.513,00 Profissional de empresas associadas \u00e0 ADIMB &#8211; PATRONO R$ 200,00 R$ 375,00 R$ 1.335,00 Profissional de empresas n\u00e3o associadas \u00e0 ADIMB R$ 200,00 R$ [&hellip;]<\/p>\n","protected":false},"author":1,"featured_media":0,"parent":0,"menu_order":0,"comment_status":"closed","ping_status":"closed","template":"","meta":{"_et_pb_use_builder":"on","_et_pb_old_content":"","_et_gb_content_width":"","footnotes":""},"class_list":["post-16","page","type-page","status-publish","hentry"],"_links":{"self":[{"href":"https:\/\/simexmin.org.br\/2024\/wp-json\/wp\/v2\/pages\/16","targetHints":{"allow":["GET"]}}],"collection":[{"href":"https:\/\/simexmin.org.br\/2024\/wp-json\/wp\/v2\/pages"}],"about":[{"href":"https:\/\/simexmin.org.br\/2024\/wp-json\/wp\/v2\/types\/page"}],"author":[{"embeddable":true,"href":"https:\/\/simexmin.org.br\/2024\/wp-json\/wp\/v2\/users\/1"}],"replies":[{"embeddable":true,"href":"https:\/\/simexmin.org.br\/2024\/wp-json\/wp\/v2\/comments?post=16"}],"version-history":[{"count":41,"href":"https:\/\/simexmin.org.br\/2024\/wp-json\/wp\/v2\/pages\/16\/revisions"}],"predecessor-version":[{"id":892,"href":"https:\/\/simexmin.org.br\/2024\/wp-json\/wp\/v2\/pages\/16\/revisions\/892"}],"wp:attachment":[{"href":"https:\/\/simexmin.org.br\/2024\/wp-json\/wp\/v2\/media?parent=16"}],"curies":[{"name":"wp","href":"https:\/\/api.w.org\/{rel}","templated":true}]}}