{"id":18,"date":"2023-11-20T11:47:26","date_gmt":"2023-11-20T11:47:26","guid":{"rendered":"https:\/\/simexmin.org.br\/2024\/?page_id=18"},"modified":"2023-11-30T13:01:35","modified_gmt":"2023-11-30T13:01:35","slug":"calendario-de-locacao-de-estandes","status":"publish","type":"page","link":"https:\/\/simexmin.org.br\/2024\/calendario-de-locacao-de-estandes\/","title":{"rendered":"Calend\u00e1rio de Loca\u00e7\u00e3o de Estandes"},"content":{"rendered":"[et_pb_section fb_built=&#8221;1&#8243; fullwidth=&#8221;on&#8221; _builder_version=&#8221;4.23.1&#8243; _module_preset=&#8221;default&#8221; bottom_divider_style=&#8221;arrow2&#8243; bottom_divider_color=&#8221;#fbfae8&#8243; bottom_divider_height=&#8221;50px&#8221; global_colors_info=&#8221;{}&#8221;][et_pb_fullwidth_header title=&#8221;CALEND\u00c1RIO DE LOCA\u00c7\u00c3O DE ESTANDES&#8221; _builder_version=&#8221;4.23.1&#8243; _module_preset=&#8221;default&#8221; title_font=&#8221;|800|||||||&#8221; title_text_align=&#8221;center&#8221; title_font_size=&#8221;48px&#8221; background_color=&#8221;#DB6C00&#8243; background_image=&#8221;https:\/\/simexmin.org.br\/2024\/wp-content\/uploads\/2023\/11\/topo-pag-internas.jpg&#8221; custom_padding=&#8221;46px||40px|||&#8221; hover_enabled=&#8221;0&#8243; title_text_shadow_style=&#8221;preset2&#8243; global_colors_info=&#8221;{}&#8221; title_font_size_last_edited=&#8221;on|phone&#8221; sticky_enabled=&#8221;0&#8243; title_font_size_phone=&#8221;33px&#8221; title_font_size_tablet=&#8221;48px&#8221;][\/et_pb_fullwidth_header][\/et_pb_section][et_pb_section fb_built=&#8221;1&#8243; _builder_version=&#8221;4.23.1&#8243; _module_preset=&#8221;default&#8221; background_image=&#8221;https:\/\/simexmin.org.br\/2024\/wp-content\/uploads\/2023\/11\/bg-curvas-bege.jpg&#8221; parallax=&#8221;on&#8221; parallax_method=&#8221;off&#8221; background_blend=&#8221;multiply&#8221; global_colors_info=&#8221;{}&#8221;][et_pb_row _builder_version=&#8221;4.23.1&#8243; _module_preset=&#8221;default&#8221; background_color=&#8221;RGBA(255,255,255,0)&#8221; custom_padding=&#8221;||0px|||&#8221; border_color_all=&#8221;#002A54&#8243; global_colors_info=&#8221;{}&#8221;][et_pb_column type=&#8221;4_4&#8243; _builder_version=&#8221;4.16&#8243; _module_preset=&#8221;default&#8221; global_colors_info=&#8221;{}&#8221;][et_pb_text _builder_version=&#8221;4.23.1&#8243; _module_preset=&#8221;default&#8221; text_font=&#8221;|600|||||||&#8221; text_font_size=&#8221;17px&#8221; global_colors_info=&#8221;{}&#8221;]\n<div class=\"su-table su-table-alternate\">\n<table>\n<tbody>\n<tr>\n<td style=\"text-align: center;width: 106px\"><span style=\"color: #ff9900\">CATEGORIAS<\/span><\/td>\n<td style=\"text-align: center;width: 91px\"><span style=\"color: #ff9900\">ABERTURA<\/span><\/td>\n<td style=\"text-align: center;width: 140px\"><span style=\"color: #ff9900\">ENCERRAMENTO<\/span><\/td>\n<\/tr>\n<tr>\n<td style=\"text-align: center;width: 106px\">EXPOSITOR &#8211; edi\u00e7\u00e3o X SIMEXMIN<\/td>\n<td style=\"text-align: center;width: 91px\">22\/11\/2023<\/td>\n<td style=\"text-align: center;width: 140px\">31\/12\/2023<\/td>\n<\/tr>\n<tr>\n<td style=\"text-align: center;width: 106px\">EXPOSITOR &#8211; edi\u00e7\u00e3o X SIMEXMIN<br \/><span style=\"font-size: 17px\">(TROCA DE ESTANDE)<\/span><\/td>\n<td style=\"text-align: center;width: 91px\">01\/01\/2024<\/td>\n<td style=\"text-align: center;width: 140px\">15\/01\/2024<\/td>\n<\/tr>\n<tr>\n<td style=\"text-align: center;width: 106px\">ASSOCIADO \u00c0 ADIMB<\/td>\n<td style=\"text-align: center;width: 91px\">16\/01\/2024<\/td>\n<td style=\"text-align: center;width: 140px\">15\/02\/2024<\/td>\n<\/tr>\n<tr>\n<td style=\"text-align: center;width: 106px\">N\u00c3O ASSOCIADOS e DIVERSOS<\/td>\n<td style=\"text-align: center;width: 91px\">16\/02\/2024<\/td>\n<td style=\"text-align: center;width: 140px\">10\/05\/20<\/td>\n<\/tr>\n<\/tbody>\n<\/table>\n<p><span><\/div><\/span><\/p>\n[\/et_pb_text][\/et_pb_column][\/et_pb_row][et_pb_row _builder_version=&#8221;4.23.1&#8243; _module_preset=&#8221;default&#8221; custom_padding=&#8221;9px|||||&#8221; global_colors_info=&#8221;{}&#8221;][et_pb_column type=&#8221;4_4&#8243; _builder_version=&#8221;4.23.1&#8243; _module_preset=&#8221;default&#8221; global_colors_info=&#8221;{}&#8221;][et_pb_text _builder_version=&#8221;4.23.1&#8243; _module_preset=&#8221;default&#8221; text_font=&#8221;|600|||||||&#8221; global_colors_info=&#8221;{}&#8221;]\n<ul>\n<li>Expositores da X ExpoSimexmin tem prioridade na loca\u00e7\u00e3o do mesmo estande (posi\u00e7\u00e3o e n\u00famero);<\/li>\n<li>Expositor que solicitar a troca de estande, deve se manifestar via e-mail e aguardar at\u00e9 1\u00ba\/01\/2024 para acesso \u00e0 lista de estandes dispon\u00edveis;<\/li>\n<li>O oferecimento de estandes ocorre de acordo com data e hora do recebimento do pedido de reserva ao e-mail <a href=\"mailto:comercialsimexmin@adimb.org.br\">comercialsimexmin@adimb.org.br<\/a>.<\/li>\n<\/ul>\n[\/et_pb_text][\/et_pb_column][\/et_pb_row][\/et_pb_section]\n","protected":false},"excerpt":{"rendered":"<p><div class=\"su-table su-table-alternate\"> CATEGORIAS ABERTURA ENCERRAMENTO EXPOSITOR &#8211; edi\u00e7\u00e3o X SIMEXMIN 22\/11\/2023 31\/12\/2023 EXPOSITOR &#8211; edi\u00e7\u00e3o X SIMEXMIN(TROCA DE ESTANDE) 01\/01\/2024 15\/01\/2024 ASSOCIADO \u00c0 ADIMB 16\/01\/2024 15\/02\/2024 N\u00c3O ASSOCIADOS e DIVERSOS 16\/02\/2024 10\/05\/20 <\/div> Expositores da X ExpoSimexmin tem prioridade na loca\u00e7\u00e3o do mesmo estande (posi\u00e7\u00e3o e n\u00famero); Expositor que solicitar a troca de estande, deve [&hellip;]<\/p>\n","protected":false},"author":1,"featured_media":0,"parent":0,"menu_order":0,"comment_status":"closed","ping_status":"closed","template":"","meta":{"_et_pb_use_builder":"on","_et_pb_old_content":"","_et_gb_content_width":"","footnotes":""},"class_list":["post-18","page","type-page","status-publish","hentry"],"_links":{"self":[{"href":"https:\/\/simexmin.org.br\/2024\/wp-json\/wp\/v2\/pages\/18","targetHints":{"allow":["GET"]}}],"collection":[{"href":"https:\/\/simexmin.org.br\/2024\/wp-json\/wp\/v2\/pages"}],"about":[{"href":"https:\/\/simexmin.org.br\/2024\/wp-json\/wp\/v2\/types\/page"}],"author":[{"embeddable":true,"href":"https:\/\/simexmin.org.br\/2024\/wp-json\/wp\/v2\/users\/1"}],"replies":[{"embeddable":true,"href":"https:\/\/simexmin.org.br\/2024\/wp-json\/wp\/v2\/comments?post=18"}],"version-history":[{"count":8,"href":"https:\/\/simexmin.org.br\/2024\/wp-json\/wp\/v2\/pages\/18\/revisions"}],"predecessor-version":[{"id":304,"href":"https:\/\/simexmin.org.br\/2024\/wp-json\/wp\/v2\/pages\/18\/revisions\/304"}],"wp:attachment":[{"href":"https:\/\/simexmin.org.br\/2024\/wp-json\/wp\/v2\/media?parent=18"}],"curies":[{"name":"wp","href":"https:\/\/api.w.org\/{rel}","templated":true}]}}