{"id":200,"date":"2023-11-22T17:06:50","date_gmt":"2023-11-22T17:06:50","guid":{"rendered":"https:\/\/simexmin.org.br\/2024\/?page_id=200"},"modified":"2024-05-22T14:08:32","modified_gmt":"2024-05-22T14:08:32","slug":"areas-tematicas","status":"publish","type":"page","link":"https:\/\/simexmin.org.br\/2024\/areas-tematicas\/","title":{"rendered":"\u00c1reas tem\u00e1ticas"},"content":{"rendered":"[et_pb_section fb_built=&#8221;1&#8243; fullwidth=&#8221;on&#8221; _builder_version=&#8221;4.23.1&#8243; _module_preset=&#8221;default&#8221; bottom_divider_style=&#8221;arrow2&#8243; bottom_divider_color=&#8221;#fbfae8&#8243; bottom_divider_height=&#8221;50px&#8221; global_colors_info=&#8221;{}&#8221;][et_pb_fullwidth_header title=&#8221;\u00c1REAS TEM\u00c1TICAS&#8221; admin_label=&#8221;Cabe\u00e7alho de Largura Completa&#8221; _builder_version=&#8221;4.25.1&#8243; _module_preset=&#8221;default&#8221; title_font=&#8221;|800|||||||&#8221; title_text_align=&#8221;center&#8221; title_font_size=&#8221;48px&#8221; background_color=&#8221;#DB6C00&#8243; background_image=&#8221;https:\/\/simexmin.org.br\/2024\/wp-content\/uploads\/2023\/11\/topo-pag-internas.jpg&#8221; custom_padding=&#8221;46px||40px|||&#8221; hover_enabled=&#8221;0&#8243; title_font_size_tablet=&#8221;48px&#8221; title_font_size_phone=&#8221;33px&#8221; title_font_size_last_edited=&#8221;on|phone&#8221; title_text_shadow_style=&#8221;preset2&#8243; global_colors_info=&#8221;{}&#8221; sticky_enabled=&#8221;0&#8243;][\/et_pb_fullwidth_header][\/et_pb_section][et_pb_section fb_built=&#8221;1&#8243; _builder_version=&#8221;4.23.1&#8243; _module_preset=&#8221;default&#8221; background_image=&#8221;https:\/\/simexmin.org.br\/2024\/wp-content\/uploads\/2023\/11\/bg-curvas-bege.jpg&#8221; parallax=&#8221;on&#8221; parallax_method=&#8221;off&#8221; background_blend=&#8221;multiply&#8221; global_colors_info=&#8221;{}&#8221;][et_pb_row disabled_on=&#8221;off|off|off&#8221; _builder_version=&#8221;4.25.1&#8243; _module_preset=&#8221;default&#8221; hover_enabled=&#8221;0&#8243; global_colors_info=&#8221;{}&#8221; sticky_enabled=&#8221;0&#8243;][et_pb_column type=&#8221;4_4&#8243; _builder_version=&#8221;4.23.1&#8243; _module_preset=&#8221;default&#8221; global_colors_info=&#8221;{}&#8221;][et_pb_text _builder_version=&#8221;4.23.1&#8243; _module_preset=&#8221;default&#8221; ol_font=&#8221;|600|||||||&#8221; ol_text_color=&#8221;#002A54&#8243; ol_font_size=&#8221;23px&#8221; ol_line_height=&#8221;1.9em&#8221; header_2_text_color=&#8221;#DB6C00&#8243; custom_margin=&#8221;||6px|||&#8221; global_colors_info=&#8221;{}&#8221;]\n<h2><strong>\u00c1REAS TEM\u00c1TICAS<\/strong><\/h2>\n[\/et_pb_text][et_pb_text ol_position=&#8221;outside&#8221; _builder_version=&#8221;4.23.1&#8243; _module_preset=&#8221;default&#8221; ol_font=&#8221;|600|||||||&#8221; ol_text_color=&#8221;#002A54&#8243; ol_font_size=&#8221;23px&#8221; ol_line_height=&#8221;1.8em&#8221; custom_padding=&#8221;|||29px|false|false&#8221; global_colors_info=&#8221;{}&#8221;]\n<ol>\n<li>Sistemas Minerais e Processos Mineralizantes.<\/li>\n<li>A produ\u00e7\u00e3o e o potencial geol\u00f3gico de minerais\/metais estrat\u00e9gicos no Brasil: avan\u00e7os e novas fontes.<\/li>\n<li>Tecnologias e M\u00e9todos Aplicados \u00e0 Pesquisa Mineral.<\/li>\n<li>Geometalurgia: estudos de recupera\u00e7\u00e3o de subprodutos em min\u00e9rios e em rejeitos.<\/li>\n<\/ol>\n[\/et_pb_text][\/et_pb_column][\/et_pb_row][et_pb_row disabled_on=&#8221;off|off|off&#8221; _builder_version=&#8221;4.25.1&#8243; _module_preset=&#8221;default&#8221; custom_padding=&#8221;6px|||||&#8221; hover_enabled=&#8221;0&#8243; global_colors_info=&#8221;{}&#8221; sticky_enabled=&#8221;0&#8243;][et_pb_column type=&#8221;4_4&#8243; _builder_version=&#8221;4.23.1&#8243; _module_preset=&#8221;default&#8221; global_colors_info=&#8221;{}&#8221;][et_pb_text _builder_version=&#8221;4.23.1&#8243; _module_preset=&#8221;default&#8221; ol_font=&#8221;|600|||||||&#8221; ol_text_color=&#8221;#002A54&#8243; ol_font_size=&#8221;23px&#8221; ol_line_height=&#8221;1.9em&#8221; header_2_text_color=&#8221;#DB6C00&#8243; custom_margin=&#8221;||6px|||&#8221; global_colors_info=&#8221;{}&#8221;]\n<h2><strong>CRONOGRAMA<\/strong><\/h2>\n[\/et_pb_text][et_pb_text _builder_version=&#8221;4.24.2&#8243; _module_preset=&#8221;default&#8221; text_font=&#8221;|600|||||||&#8221; text_font_size=&#8221;17px&#8221; global_colors_info=&#8221;{}&#8221;]\n<div class=\"su-table su-table-alternate\">\n<table>\n<tbody>\n<tr>\n<td style=\"text-align: center;width: 106px\"><strong>10\/04\/2024<\/strong><\/td>\n<td style=\"text-align: center\">Data limite para submiss\u00e3o de resumo.<\/td>\n<\/tr>\n<tr>\n<td style=\"text-align: center;width: 106px\"><strong>19\/04\/2024<\/strong><\/td>\n<td style=\"text-align: center\">Comunica\u00e7\u00e3o aos autores da aprova\u00e7\u00e3o ou n\u00e3o do resumo.<\/td>\n<\/tr>\n<tr>\n<td style=\"text-align: center;width: 106px\"><strong>29\/04\/2024<\/strong><\/td>\n<td style=\"text-align: center\">Data limite para efetiva\u00e7\u00e3o de inscri\u00e7\u00e3o do autor apresentador.<\/td>\n<\/tr>\n<tr>\n<td style=\"text-align: center;width: 106px\"><strong>03\/05\/2024<\/strong><\/td>\n<td style=\"text-align: center\">Informa\u00e7\u00e3o dos dados de apresenta\u00e7\u00e3o e instru\u00e7\u00f5es para montagem do p\u00f4ster.<\/td>\n<\/tr>\n<tr>\n<td style=\"text-align: center;width: 106px\"><strong>08\/05\/2024<\/strong><\/td>\n<td style=\"text-align: center\">Envio do PDF do p\u00f4ster em formato final de apresenta\u00e7\u00e3o, para publica\u00e7\u00e3o no site do evento.<\/td>\n<\/tr>\n<\/tbody>\n<\/table>\n<\/div>\n[\/et_pb_text][\/et_pb_column][\/et_pb_row][\/et_pb_section]\n","protected":false},"excerpt":{"rendered":"<p>\u00c1REAS TEM\u00c1TICAS Sistemas Minerais e Processos Mineralizantes. A produ\u00e7\u00e3o e o potencial geol\u00f3gico de minerais\/metais estrat\u00e9gicos no Brasil: avan\u00e7os e novas fontes. Tecnologias e M\u00e9todos Aplicados \u00e0 Pesquisa Mineral. Geometalurgia: estudos de recupera\u00e7\u00e3o de subprodutos em min\u00e9rios e em rejeitos. CRONOGRAMA<div class=\"su-table su-table-alternate\"><\/div> 10\/04\/2024 Data limite para submiss\u00e3o de resumo. 19\/04\/2024 Comunica\u00e7\u00e3o aos autores da aprova\u00e7\u00e3o [&hellip;]<\/p>\n","protected":false},"author":1,"featured_media":0,"parent":0,"menu_order":0,"comment_status":"closed","ping_status":"closed","template":"","meta":{"_et_pb_use_builder":"on","_et_pb_old_content":"","_et_gb_content_width":"","footnotes":""},"class_list":["post-200","page","type-page","status-publish","hentry"],"_links":{"self":[{"href":"https:\/\/simexmin.org.br\/2024\/wp-json\/wp\/v2\/pages\/200","targetHints":{"allow":["GET"]}}],"collection":[{"href":"https:\/\/simexmin.org.br\/2024\/wp-json\/wp\/v2\/pages"}],"about":[{"href":"https:\/\/simexmin.org.br\/2024\/wp-json\/wp\/v2\/types\/page"}],"author":[{"embeddable":true,"href":"https:\/\/simexmin.org.br\/2024\/wp-json\/wp\/v2\/users\/1"}],"replies":[{"embeddable":true,"href":"https:\/\/simexmin.org.br\/2024\/wp-json\/wp\/v2\/comments?post=200"}],"version-history":[{"count":15,"href":"https:\/\/simexmin.org.br\/2024\/wp-json\/wp\/v2\/pages\/200\/revisions"}],"predecessor-version":[{"id":974,"href":"https:\/\/simexmin.org.br\/2024\/wp-json\/wp\/v2\/pages\/200\/revisions\/974"}],"wp:attachment":[{"href":"https:\/\/simexmin.org.br\/2024\/wp-json\/wp\/v2\/media?parent=200"}],"curies":[{"name":"wp","href":"https:\/\/api.w.org\/{rel}","templated":true}]}}