{"id":540,"date":"2024-03-27T11:22:53","date_gmt":"2024-03-27T11:22:53","guid":{"rendered":"https:\/\/simexmin.org.br\/2024\/?page_id=540"},"modified":"2024-06-24T16:55:10","modified_gmt":"2024-06-24T16:55:10","slug":"programa-dia20","status":"publish","type":"page","link":"https:\/\/simexmin.org.br\/2024\/programa-dia20\/","title":{"rendered":"PROGRAMA-DIA20"},"content":{"rendered":"[et_pb_section fb_built=&#8221;1&#8243; fullwidth=&#8221;on&#8221; _builder_version=&#8221;4.23.1&#8243; _module_preset=&#8221;default&#8221; bottom_divider_style=&#8221;arrow2&#8243; bottom_divider_color=&#8221;#fbfae8&#8243; bottom_divider_height=&#8221;50px&#8221; global_colors_info=&#8221;{}&#8221;][et_pb_fullwidth_header title=&#8221;PROGRAMA OFICIAL&#8221; _builder_version=&#8221;4.23.1&#8243; _module_preset=&#8221;default&#8221; title_font=&#8221;|800|||||||&#8221; title_text_align=&#8221;center&#8221; title_font_size=&#8221;48px&#8221; background_color=&#8221;#DB6C00&#8243; background_image=&#8221;https:\/\/simexmin.org.br\/2024\/wp-content\/uploads\/2023\/11\/topo-pag-internas.jpg&#8221; custom_padding=&#8221;46px||40px|||&#8221; title_font_size_tablet=&#8221;48px&#8221; title_font_size_phone=&#8221;33px&#8221; title_font_size_last_edited=&#8221;on|phone&#8221; title_text_shadow_style=&#8221;preset2&#8243; global_colors_info=&#8221;{}&#8221;][\/et_pb_fullwidth_header][\/et_pb_section][et_pb_section fb_built=&#8221;1&#8243; _builder_version=&#8221;4.23.1&#8243; _module_preset=&#8221;default&#8221; background_image=&#8221;https:\/\/simexmin.org.br\/2024\/wp-content\/uploads\/2023\/11\/bg-curvas-bege.jpg&#8221; parallax=&#8221;on&#8221; parallax_method=&#8221;off&#8221; background_blend=&#8221;multiply&#8221; global_colors_info=&#8221;{}&#8221;][et_pb_row _builder_version=&#8221;4.16&#8243; _module_preset=&#8221;default&#8221; global_colors_info=&#8221;{}&#8221;][et_pb_column type=&#8221;4_4&#8243; _builder_version=&#8221;4.16&#8243; _module_preset=&#8221;default&#8221; global_colors_info=&#8221;{}&#8221;][et_pb_text admin_label=&#8221;Segunda-feira &#8211; 20 de maio &#8211; manh\u00e3&#8221; _builder_version=&#8221;4.24.2&#8243; _module_preset=&#8221;default&#8221; text_text_color=&#8221;#000000&#8243; text_font_size=&#8221;24px&#8221; header_font=&#8221;|700|||||||&#8221; header_text_color=&#8221;#FFFFFF&#8221; background_color=&#8221;#0D7366&#8243; custom_margin=&#8221;||||true|false&#8221; custom_padding=&#8221;15px|15px|5px|15px|false|true&#8221; global_colors_info=&#8221;{}&#8221;]\n<h1 style=\"text-align: center;\">Segunda-feira &#8211; 20 de maio de 2024 &#8211; MANH\u00c3<\/h1>\n[\/et_pb_text][et_pb_text admin_label=&#8221;Abertura\/Opening : Marcos Andr\u00e9 Gon\u00e7alves (Presidente &#8211; ADIMB) &#8221; _builder_version=&#8221;4.24.2&#8243; _module_preset=&#8221;default&#8221; global_colors_info=&#8221;{}&#8221;]\n<p><strong>Abertura:<\/strong> Marcos Andr\u00e9 Gon\u00e7alves (Presidente &#8211; ADIMB)<\/p>\n[\/et_pb_text][et_pb_text admin_label=&#8221;Palestra&#8221; _builder_version=&#8221;4.25.1&#8243; _module_preset=&#8221;default&#8221; link_font=&#8221;||||on||||&#8221; link_text_color=&#8221;#002A54&#8243; z_index=&#8221;81&#8243; global_colors_info=&#8221;{}&#8221;]\n<table border=\"1\" cellspacing=\"0\" cellpadding=\"0\" align=\"left\">\n<tbody>\n<tr>\n<td bgcolor=\"#FFCC99\" width=\"180\">\n<p align=\"center\">09:00 \u2013 09:30<br \/><strong>Palestra<\/strong><\/p>\n<\/td>\n<td bgcolor=\"#FFCC99\"><strong><a href=\"https:\/\/simexmin.org.br\/2024\/wp-content\/uploads\/2024\/06\/09h-Adam-Simon-Palestra-1.pdf\" target=\"_blank\" rel=\"noopener\">Critical Mineral Resources for the Green Energy Transition: Are They Available?<\/a><br \/><\/strong>Adam Simon<br \/>SEG &#8211; Distinguished Lecturer<br \/>Earth and Environmental Sciences at the University of Michigan, USA<\/td>\n<\/tr>\n<\/tbody>\n<\/table>\n[\/et_pb_text][et_pb_text admin_label=&#8221;1. PAINEL: O SETOR MINERAL BRASILEIRO: PERSPECTIVAS P\u00daBLICAS E PRIVADAS&#8221; _builder_version=&#8221;4.24.2&#8243; _module_preset=&#8221;default&#8221; custom_margin=&#8221;||||false|false&#8221; global_colors_info=&#8221;{}&#8221;]\n<h3><strong>1. <\/strong><strong>PAINEL: O SETOR MINERAL BRASILEIRO: PERSPECTIVAS P\u00daBLICAS E PRIVADAS<\/strong><\/h3>\n<p>Moderador: <strong>Marcos Andr\u00e9 Gon\u00e7alves<\/strong> (Presidente- ADIMB)<\/p>\n[\/et_pb_text][et_pb_text _builder_version=&#8221;4.25.1&#8243; _module_preset=&#8221;default&#8221; link_font=&#8221;||||on|||#DB6C00|&#8221; link_text_color=&#8221;#DB6C00&#8243; global_colors_info=&#8221;{}&#8221;]\n<table border=\"1\" cellspacing=\"0\" cellpadding=\"0\">\n<tbody>\n<tr>\n<td rowspan=\"4\" bgcolor=\"#FFFFFF\" width=\"180\">09:30 \u2013 10:30<\/td>\n<td bgcolor=\"#FFFFFF\"><a href=\"https:\/\/simexmin.org.br\/2024\/wp-content\/uploads\/2024\/06\/Minerais-criticos-Rodrigo-Toledo-Cota.pdf\" target=\"_blank\" rel=\"noopener\"><strong>Secretaria Nacional de Geologia, Minera\u00e7\u00e3o e Transforma\u00e7\u00e3o Mineral\/MME<\/strong><\/a><br \/>Rodrigo Toledo Cabral Cota<br \/>Diretor<br \/>Departamento de Transforma\u00e7\u00e3o e Tecnologia Mineral<\/td>\n<\/tr>\n<tr>\n<td bgcolor=\"#FFFFCC\"><strong>Anglo American<\/strong><br \/>Rodrigo Martins<br \/>Gerente Geral de Explora\u00e7\u00e3o<\/td>\n<\/tr>\n<tr>\n<td valign=\"top\" bgcolor=\"#FFFFFF\"><strong>Ag\u00eancia Nacional de Minera\u00e7\u00e3o<\/strong><br \/>Mauro Henrique Moreira Sousa<br \/>Diretor Geral<\/td>\n<\/tr>\n<tr>\n<td bgcolor=\"#FFFFCC\"><strong>Caputo &amp; Bastos e Serra Advogados<br \/><\/strong>Frederico Bedran de Oliveira<br \/>Advogado e Ge\u00f3logo<\/td>\n<\/tr>\n<\/tbody>\n<\/table>\n[\/et_pb_text][et_pb_text admin_label=&#8221;COFFEE BREAK \u2013 10:30-10:50&#8243; _builder_version=&#8221;4.24.2&#8243; _module_preset=&#8221;default&#8221; background_color=&#8221;#d3f2b3&#8243; text_orientation=&#8221;center&#8221; custom_padding=&#8221;10px||10px||true|false&#8221; global_colors_info=&#8221;{}&#8221;]\n<p><strong>COFFEE BREAK \u2013 10:30 \u2013 10:50<\/strong><\/p>\n[\/et_pb_text][et_pb_text admin_label=&#8221;2. A PRODU\u00c7\u00c3O E O POTENCIAL GEOL\u00d3GICO DE MINERAIS ESTRAT\u00c9GICOS NO BRASIL&#8221; _builder_version=&#8221;4.24.2&#8243; _module_preset=&#8221;default&#8221; global_colors_info=&#8221;{}&#8221;]\n<h3><strong>2. A PRODU\u00c7\u00c3O E O POTENCIAL GEOL\u00d3GICO DE MINERAIS ESTRAT\u00c9GICOS NO BRASIL<\/strong><\/h3>\n<p>Moderador: <strong>Roberto Perez Xavier<\/strong> (Diretor Executivo &#8211; ADIMB)<\/p>\n[\/et_pb_text][et_pb_text _builder_version=&#8221;4.25.1&#8243; _module_preset=&#8221;default&#8221; text_font=&#8221;||||||||&#8221; link_font=&#8221;||||on|||#DB6C00|&#8221; link_text_color=&#8221;#DB6C00&#8243; global_colors_info=&#8221;{}&#8221;]\n<table border=\"1\" cellspacing=\"0\" cellpadding=\"0\">\n<tbody>\n<tr>\n<td bgcolor=\"#FFFFFF\" width=\"180\">\n<div align=\"center\">10:50 \u2013 11:10<br \/><strong>Palestra<\/strong><\/div>\n<\/td>\n<td bgcolor=\"#FFFFFF\"><a href=\"https:\/\/simexmin.org.br\/2024\/wp-content\/uploads\/2024\/06\/10h50-GuilhermerFerreira_dia20_1050h_SIMEXMIN2024.pdf\" target=\"_blank\" rel=\"noopener\"><strong style=\"font-size: 19px;\">A Produ\u00e7\u00e3o e o potencial geol\u00f3gico de minerais estrat\u00e9gicos no Brasil<\/strong><\/a><strong><strong><br \/><\/strong><\/strong>Guilherme Ferreira da Silva<br \/>Chefe da Divis\u00e3o de Geologia Econ\u00f4mica &#8211; Servi\u00e7o Geol\u00f3gico do Brasil (SGB)<\/td>\n<\/tr>\n<tr>\n<td bgcolor=\"#eeeeee\" width=\"180\">\n<p align=\"center\">11:10 \u2013 11:15<\/p>\n<\/td>\n<td bgcolor=\"#eeeeee\">Perguntas<\/td>\n<\/tr>\n<tr>\n<td bgcolor=\"#FFFFFF\" width=\"180\">\n<p align=\"center\">11:15 \u2013 11:30<\/p>\n<\/td>\n<td bgcolor=\"#FFFFFF\"><a href=\"https:\/\/simexmin.org.br\/2024\/wp-content\/uploads\/2024\/06\/Minerais-para-Materiais-Marcio-Goto.pdf\" target=\"_blank\" rel=\"noopener\"><strong>Mercado de commodities para minerais estrat\u00e9gicos<\/strong><\/a><br \/>Marcio Goto<br \/><span style=\"font-size: 19px;\">Business Development, Latin America &#8211; Project Blue<\/span><\/td>\n<\/tr>\n<tr bgcolor=\"#eeeeee\">\n<td width=\"180\">\n<p align=\"center\">11:30 \u2013 11:35<\/p>\n<\/td>\n<td>Perguntas<\/td>\n<\/tr>\n<tr>\n<td bgcolor=\"#FFFFFF\" width=\"180\">\n<p align=\"center\">11:35 \u2013 11:50<\/p>\n<\/td>\n<td valign=\"top\" bgcolor=\"#FFFFFF\"><strong><a href=\"https:\/\/simexmin.org.br\/2024\/wp-content\/uploads\/2024\/06\/URANIO-NO-BRASIL-Francisco-Javier-Rios.pdf\" target=\"_blank\" rel=\"noopener\">Ur\u00e2nio no Brasil<\/a><br \/><\/strong>Francisco Javier Rios<br \/><span style=\"font-size: 19px;\">Pesquisador Titular<br \/><\/span><span style=\"font-size: 19px;\">Centro de Desenvolvimento de Tecnologia Nuclear<\/span><\/td>\n<\/tr>\n<tr bgcolor=\"#eeeeee\">\n<td width=\"180\">\n<p align=\"center\">11:50 \u2013 11:55<\/p>\n<\/td>\n<td>Perguntas<\/td>\n<\/tr>\n<tr>\n<td bgcolor=\"#FFFFFF\" width=\"180\">\n<p align=\"center\">11:55 \u2013 12:10<\/p>\n<\/td>\n<td bgcolor=\"#FFFFFF\"><strong><a href=\"https:\/\/simexmin.org.br\/2024\/wp-content\/uploads\/2024\/06\/11h55-Debora-Matos_Grafita.pdf\" target=\"_blank\" rel=\"noopener\">Grafita no Brasil<\/a><br \/><\/strong>D\u00e9bora Rabelo Matos<br \/><span style=\"font-size: 19px;\">Pesquisadora em Geoci\u00eancias<br \/><\/span><span style=\"font-size: 19px;\">Servi\u00e7o Geol\u00f3gico do Brasil (SGB)<\/span><\/td>\n<\/tr>\n<tr bgcolor=\"#eeeeee\">\n<td width=\"180\">\n<p align=\"center\">12:10 \u2013 12:15<\/p>\n<\/td>\n<td>Perguntas<\/td>\n<\/tr>\n<tr>\n<td bgcolor=\"#FFFFFF\" width=\"180\">\n<p align=\"center\">12:15 \u2013 12:30<\/p>\n<\/td>\n<td bgcolor=\"#FFFFFF\"><strong><a href=\"https:\/\/simexmin.org.br\/2024\/wp-content\/uploads\/2024\/06\/Fase-atual-do-Projeto-Jaguar-de-Sulfeto-de-Niquel-Gaudius-Montresor.pdf\" target=\"_blank\" rel=\"noopener\">Desenvolvimento da pesquisa geol\u00f3gica e fase atual do Projeto Jaguar de Sulfeto de N\u00edquel, na Prov\u00edncia de Caraj\u00e1s &#8211; PA<\/a><strong><br \/><\/strong><\/strong>Gaudius Montresor<br \/>Gerente de Explora\u00e7\u00e3o &#8211; Centaurus Metals<\/td>\n<\/tr>\n<tr bgcolor=\"#eeeeee\">\n<td width=\"180\">\n<p align=\"center\">12:30 \u2013 12:35<\/p>\n<\/td>\n<td>Perguntas<\/td>\n<\/tr>\n<\/tbody>\n<\/table>\n[\/et_pb_text][et_pb_text admin_label=&#8221;12:35 \u2013 14:30: ALMO\u00c7O&#8221; _builder_version=&#8221;4.24.2&#8243; _module_preset=&#8221;default&#8221; background_color=&#8221;#d3f2b3&#8243; text_orientation=&#8221;center&#8221; custom_padding=&#8221;10px||10px||true|false&#8221; global_colors_info=&#8221;{}&#8221;]\n<p><strong>ALMO\u00c7O \u2013 12:35 \u2013 14:30<\/strong><\/p>\n[\/et_pb_text][et_pb_text admin_label=&#8221;Segunda-feira &#8211; 20 de maio de 2024 &#8211; TARDE&#8221; _builder_version=&#8221;4.24.2&#8243; _module_preset=&#8221;default&#8221; text_text_color=&#8221;#000000&#8243; text_font_size=&#8221;24px&#8221; header_font=&#8221;|700|||||||&#8221; header_text_color=&#8221;#FFFFFF&#8221; background_color=&#8221;#3F5E80&#8243; custom_margin=&#8221;||||true|false&#8221; custom_padding=&#8221;15px|15px|5px|15px|false|true&#8221; global_colors_info=&#8221;{}&#8221;]\n<h1 style=\"text-align: center;\">Segunda-feira &#8211; 20 de maio de 2024 &#8211; TARDE<\/h1>\n[\/et_pb_text][et_pb_text admin_label=&#8221;3. SUSTENTABILIDADE AMBIENTAL, SOCIAL E GOVERNAN\u00c7A (ESG) NO SETOR MINERAL: DESENVOLVIMENTO E RISCOS&#8221; _builder_version=&#8221;4.24.2&#8243; _module_preset=&#8221;default&#8221; global_colors_info=&#8221;{}&#8221;]\n<h3><strong>3. SUSTENTABILIDADE AMBIENTAL, SOCIAL E GOVERNAN\u00c7A (ESG) NO SETOR MINERAL:\u00a0DESENVOLVIMENTO E RISCOS<\/strong><\/h3>\n<p>Moderadora: <strong>Patricia Proc\u00f3pio<\/strong> (Diretora de Planejamento e Inova\u00e7\u00e3o\/Hexagon)<\/p>\n[\/et_pb_text][et_pb_text _builder_version=&#8221;4.25.1&#8243; _module_preset=&#8221;default&#8221; link_font=&#8221;||||on|||#DB6C00|&#8221; link_text_color=&#8221;#DB6C00&#8243; global_colors_info=&#8221;{}&#8221;]\n<table border=\"1\" cellspacing=\"0\" cellpadding=\"0\">\n<tbody>\n<tr>\n<td bgcolor=\"#FFFFFF\" width=\"180\">\n<p align=\"center\">14:30 \u2013 14:45<\/p>\n<\/td>\n<td bgcolor=\"#FFFFFF\"><strong><a href=\"https:\/\/simexmin.org.br\/2024\/wp-content\/uploads\/2024\/06\/14h30-SIMEXMIN-2024-Ana-Muniz-ESG.pdf\" target=\"_blank\" rel=\"noopener\">ESG como alavanca para a mitiga\u00e7\u00e3o dos impactos socioambientais e econ\u00f4micos do setor mineral<\/a><br \/><\/strong>Ana Carolina Muniz<br \/>Gerente<br \/><span style=\"font-size: 19px;\">Alvarez &amp; Marsal<\/span><\/td>\n<\/tr>\n<tr>\n<td bgcolor=\"#eeeeee\" width=\"180\">\n<p align=\"center\">14: 45 \u2013 14:50<\/p>\n<\/td>\n<td bgcolor=\"#eeeeee\">Perguntas<\/td>\n<\/tr>\n<tr>\n<td bgcolor=\"#FFFFFF\" width=\"180\">\n<p align=\"center\">14:50 \u2013 15:05<\/p>\n<\/td>\n<td bgcolor=\"#FFFFFF\"><strong><a href=\"https:\/\/simexmin.org.br\/2024\/wp-content\/uploads\/2024\/06\/Dialogos-que-Transformam-Daniela_villar.pdf\" target=\"_blank\" rel=\"noopener\">Di\u00e1logos que Transformam: Relacionamentos atrav\u00e9s da comunica\u00e7\u00e3o sustent\u00e1vel<\/a><br \/><\/strong>Daniela Villar<br \/>S\u00f3cia-Diretora &#8211; Nano Biztools<\/td>\n<\/tr>\n<tr>\n<td bgcolor=\"#eeeeee\" width=\"180\">\n<p align=\"center\">15:05 \u2013 15:10<\/p>\n<\/td>\n<td bgcolor=\"#eeeeee\">Perguntas<\/td>\n<\/tr>\n<tr>\n<td bgcolor=\"#FFFFFF\" width=\"180\">\n<p align=\"center\">15:10\u2013 15:25<\/p>\n<\/td>\n<td bgcolor=\"#FFFFFF\"><strong>S no ESG: olhares multidisciplinares e interseccionais na agenda de diversidade e inclus\u00e3o do setor miner\u00e1rio<br \/><\/strong>Camila Silva<br \/>Especialista Responsabilidade Social, Gest\u00e3o de Projetos, Diversidade &amp; Inclus\u00e3o<br \/><span style=\"font-size: 19px;\">Coletivo Quantos<\/span><\/td>\n<\/tr>\n<tr>\n<td bgcolor=\"#eeeeee\" width=\"180\">\n<p align=\"center\">15:25 \u2013 15:30<\/p>\n<\/td>\n<td bgcolor=\"#eeeeee\">Perguntas<\/td>\n<\/tr>\n<\/tbody>\n<\/table>\n[\/et_pb_text][et_pb_text admin_label=&#8221;Palestra&#8221; _builder_version=&#8221;4.24.2&#8243; _module_preset=&#8221;default&#8221; global_colors_info=&#8221;{}&#8221;]\n<table border=\"1\" cellspacing=\"0\" cellpadding=\"0\">\n<tbody>\n<tr>\n<td valign=\"top\" bgcolor=\"#FFCC99\" width=\"180\">\n<div align=\"center\"><strong>15:30 \u2013 16:00<br \/>Palestra<br \/><\/strong><\/div>\n<\/td>\n<td valign=\"top\" bgcolor=\"#FFCC99\"><strong>Do Data Lake ao Alvo: Estudos de caso de aplica\u00e7\u00e3o de Intelig\u00eancia Artificial na explora\u00e7\u00e3o mineral<\/strong><br \/>Charles Rezende Freitas<br \/>Diretor Executivo GE21 Geotecnologias<\/td>\n<\/tr>\n<\/tbody>\n<\/table>\n[\/et_pb_text][et_pb_text admin_label=&#8221;COFFEE BREAK \u2013 16:45-17:00&#8243; _builder_version=&#8221;4.24.2&#8243; _module_preset=&#8221;default&#8221; background_color=&#8221;#d3f2b3&#8243; text_orientation=&#8221;center&#8221; custom_padding=&#8221;10px||10px||true|false&#8221; global_colors_info=&#8221;{}&#8221;]\n<p><strong>COFFEE BREAK \u2013 16:00 \u2013 16:2<\/strong><strong>0<\/strong><\/p>\n[\/et_pb_text][et_pb_text admin_label=&#8221;4. INOVA\u00c7\u00d5ES EM M\u00c9TODOS APLICADOS \u00c0 PESQUISA MINERAL E GEOMETALURGIA&#8221; _builder_version=&#8221;4.24.2&#8243; _module_preset=&#8221;default&#8221; global_colors_info=&#8221;{}&#8221;]\n<h3><strong>4. INOVA\u00c7\u00d5ES EM M\u00c9TODOS APLICADOS \u00c0 PESQUISA MINERAL E GEOMETALURGIA<\/strong><\/h3>\n<p>Moderadora: <strong>Mariana Brando Soares<\/strong> ((Professora Adjunta de Geologia Econ\u00f4mica &#8211; Departamento de Geologia Aplicada\/UERJ)<\/p>\n[\/et_pb_text][et_pb_text _builder_version=&#8221;4.25.1&#8243; _module_preset=&#8221;default&#8221; link_font=&#8221;||||on||||&#8221; link_text_color=&#8221;#DB6C00&#8243; hover_enabled=&#8221;0&#8243; global_colors_info=&#8221;{}&#8221; sticky_enabled=&#8221;0&#8243;]\n<table border=\"1\" cellspacing=\"0\" cellpadding=\"0\">\n<tbody>\n<tr>\n<td valign=\"top\" bgcolor=\"#FFFFFF\" width=\"180\">\n<p align=\"center\">16:20 \u2013 16:35<\/p>\n<\/td>\n<td valign=\"top\" bgcolor=\"#FFFFFF\"><strong><a href=\"https:\/\/simexmin.org.br\/2024\/wp-content\/uploads\/2024\/06\/16h20-Simexmin_ALSGoldSpot_Bluemel.pdf\" target=\"_blank\" rel=\"noopener\">Innovation, Integration, and Predictive Analytics to Improve Rock Characterization and Optimize Decision-Making<\/a><br \/><\/strong>Britt Bluemel<br \/>Geoqu\u00edmica S\u00eanior &#8211; ALS\/GoldSpots<\/td>\n<\/tr>\n<tr>\n<td valign=\"top\" bgcolor=\"#eeeeee\" width=\"180\">\n<p align=\"center\">16:35 \u2013 16:40<\/p>\n<\/td>\n<td valign=\"top\" bgcolor=\"#eeeeee\">Perguntas<\/td>\n<\/tr>\n<tr>\n<td valign=\"top\" bgcolor=\"#FFFFFF\" width=\"180\">\n<p align=\"center\">16:40 \u2013 16:55<\/p>\n<\/td>\n<td valign=\"top\" bgcolor=\"#FFFFFF\"><strong><a href=\"https:\/\/simexmin.org.br\/2024\/wp-content\/uploads\/2024\/06\/20-16h40-Simexmin-May-2024-2-Fernanda-Bretas.pdf.pdf\" target=\"_blank\" rel=\"noopener\">Intelig\u00eancia Artificial aplicada ao desenvolvimento de modelo litogeoqu\u00edmico do dep\u00f3sito paleoplacer aur\u00edfero de Castelo de Sonhos<\/a><br \/><\/strong>Fernanda Bretas<br \/>Gerente de Desenvolvimento de Projeto<br \/><span style=\"font-size: 19px;\">TriStar Gold Inc.<\/span><\/td>\n<\/tr>\n<tr>\n<td valign=\"top\" bgcolor=\"#eeeeee\" width=\"180\">\n<p align=\"center\">16:55 \u2013 17:00<\/p>\n<\/td>\n<td valign=\"top\" bgcolor=\"#eeeeee\">Perguntas<\/td>\n<\/tr>\n<tr>\n<td valign=\"top\" bgcolor=\"#FFFFFF\" width=\"180\">\n<p align=\"center\">17:00 \u2013 17:15<\/p>\n<\/td>\n<td valign=\"top\" bgcolor=\"#FFFFFF\"><strong><a href=\"https:\/\/simexmin.org.br\/2024\/wp-content\/uploads\/2024\/06\/17h-Geomet-na-exploracao-mineral_Mariana-Gazire-Lemos-SIMEXMIN-2024.pdf\" target=\"_blank\" rel=\"noopener\">O papel da geometalurgia na sustentabilidade de Projetos e Explora\u00e7\u00e3o<\/a><br \/><\/strong><span style=\"font-size: 19px;\">Mariana Gazire Lemos<br \/><\/span>Especialista em Geometalurgia &#8211; AngloGold Ashanti<\/td>\n<\/tr>\n<tr>\n<td valign=\"top\" bgcolor=\"#eeeeee\" width=\"180\">\n<p align=\"center\">17:15 \u2013 17:20<\/p>\n<\/td>\n<td valign=\"top\" bgcolor=\"#eeeeee\">Perguntas<\/td>\n<\/tr>\n<tr>\n<td valign=\"top\" bgcolor=\"#FFFFFF\" width=\"180\">\n<p align=\"center\">17:20 \u2013 17:35<\/p>\n<\/td>\n<td valign=\"top\" bgcolor=\"#FFFFFF\"><a href=\"https:\/\/simexmin.org.br\/2024\/wp-content\/uploads\/2024\/06\/17h20-Fonteneau-SIMEXMIN-2024.pdf\" target=\"_blank\" rel=\"noopener\"><strong>Aplica\u00e7\u00e3o da Mineralogia Hiperespectral na Explora\u00e7\u00e3o Mineral (min\u00e9rios de ferro e metais b\u00e1sicos)<\/strong><\/a><br \/>Lionel Fonteneau<br \/>Global Principal Spectral Geologist &#8211; Epiroc\/Corescan<\/td>\n<\/tr>\n<tr>\n<td valign=\"top\" bgcolor=\"#eeeeee\" width=\"180\">\n<p align=\"center\">17:35 \u2013 17:40<\/p>\n<\/td>\n<td valign=\"top\" bgcolor=\"#eeeeee\">Perguntas<\/td>\n<\/tr>\n<\/tbody>\n<\/table>\n[\/et_pb_text][\/et_pb_column][\/et_pb_row][\/et_pb_section]\n","protected":false},"excerpt":{"rendered":"<p>Segunda-feira &#8211; 20 de maio de 2024 &#8211; MANH\u00c3Abertura: Marcos Andr\u00e9 Gon\u00e7alves (Presidente &#8211; ADIMB) 09:00 \u2013 09:30Palestra Critical Mineral Resources for the Green Energy Transition: Are They Available?Adam SimonSEG &#8211; Distinguished LecturerEarth and Environmental Sciences at the University of Michigan, USA 1. PAINEL: O SETOR MINERAL BRASILEIRO: PERSPECTIVAS P\u00daBLICAS E PRIVADAS Moderador: Marcos Andr\u00e9 [&hellip;]<\/p>\n","protected":false},"author":1,"featured_media":0,"parent":0,"menu_order":0,"comment_status":"closed","ping_status":"closed","template":"","meta":{"_et_pb_use_builder":"on","_et_pb_old_content":"","_et_gb_content_width":"","footnotes":""},"class_list":["post-540","page","type-page","status-publish","hentry"],"_links":{"self":[{"href":"https:\/\/simexmin.org.br\/2024\/wp-json\/wp\/v2\/pages\/540","targetHints":{"allow":["GET"]}}],"collection":[{"href":"https:\/\/simexmin.org.br\/2024\/wp-json\/wp\/v2\/pages"}],"about":[{"href":"https:\/\/simexmin.org.br\/2024\/wp-json\/wp\/v2\/types\/page"}],"author":[{"embeddable":true,"href":"https:\/\/simexmin.org.br\/2024\/wp-json\/wp\/v2\/users\/1"}],"replies":[{"embeddable":true,"href":"https:\/\/simexmin.org.br\/2024\/wp-json\/wp\/v2\/comments?post=540"}],"version-history":[{"count":40,"href":"https:\/\/simexmin.org.br\/2024\/wp-json\/wp\/v2\/pages\/540\/revisions"}],"predecessor-version":[{"id":1083,"href":"https:\/\/simexmin.org.br\/2024\/wp-json\/wp\/v2\/pages\/540\/revisions\/1083"}],"wp:attachment":[{"href":"https:\/\/simexmin.org.br\/2024\/wp-json\/wp\/v2\/media?parent=540"}],"curies":[{"name":"wp","href":"https:\/\/api.w.org\/{rel}","templated":true}]}}