{"id":573,"date":"2024-03-27T12:34:49","date_gmt":"2024-03-27T12:34:49","guid":{"rendered":"https:\/\/simexmin.org.br\/2024\/?page_id=573"},"modified":"2024-06-10T23:26:22","modified_gmt":"2024-06-10T23:26:22","slug":"programa-dia21","status":"publish","type":"page","link":"https:\/\/simexmin.org.br\/2024\/programa-dia21\/","title":{"rendered":"PROGRAMA-DIA21"},"content":{"rendered":"[et_pb_section fb_built=&#8221;1&#8243; fullwidth=&#8221;on&#8221; _builder_version=&#8221;4.23.1&#8243; _module_preset=&#8221;default&#8221; bottom_divider_style=&#8221;arrow2&#8243; bottom_divider_color=&#8221;#fbfae8&#8243; bottom_divider_height=&#8221;50px&#8221; global_colors_info=&#8221;{}&#8221;][et_pb_fullwidth_header title=&#8221;PROGRAMA OFICIAL&#8221; _builder_version=&#8221;4.23.1&#8243; _module_preset=&#8221;default&#8221; title_font=&#8221;|800|||||||&#8221; title_text_align=&#8221;center&#8221; title_font_size=&#8221;48px&#8221; background_color=&#8221;#DB6C00&#8243; background_image=&#8221;https:\/\/simexmin.org.br\/2024\/wp-content\/uploads\/2023\/11\/topo-pag-internas.jpg&#8221; custom_padding=&#8221;46px||40px|||&#8221; title_font_size_tablet=&#8221;48px&#8221; title_font_size_phone=&#8221;33px&#8221; title_font_size_last_edited=&#8221;on|phone&#8221; title_text_shadow_style=&#8221;preset2&#8243; global_colors_info=&#8221;{}&#8221;][\/et_pb_fullwidth_header][\/et_pb_section][et_pb_section fb_built=&#8221;1&#8243; _builder_version=&#8221;4.23.1&#8243; _module_preset=&#8221;default&#8221; background_image=&#8221;https:\/\/simexmin.org.br\/2024\/wp-content\/uploads\/2023\/11\/bg-curvas-bege.jpg&#8221; parallax=&#8221;on&#8221; parallax_method=&#8221;off&#8221; background_blend=&#8221;multiply&#8221; global_colors_info=&#8221;{}&#8221;][et_pb_row _builder_version=&#8221;4.16&#8243; _module_preset=&#8221;default&#8221; global_colors_info=&#8221;{}&#8221;][et_pb_column type=&#8221;4_4&#8243; _builder_version=&#8221;4.16&#8243; _module_preset=&#8221;default&#8221; global_colors_info=&#8221;{}&#8221;][et_pb_text admin_label=&#8221;Ter\u00e7a-feira &#8211; 21 de maio &#8211; manh\u00e3&#8221; _builder_version=&#8221;4.24.2&#8243; _module_preset=&#8221;default&#8221; text_text_color=&#8221;#000000&#8243; text_font_size=&#8221;24px&#8221; header_font=&#8221;|700|||||||&#8221; header_text_color=&#8221;#FFFFFF&#8221; background_color=&#8221;#0D7366&#8243; custom_margin=&#8221;||||true|false&#8221; custom_padding=&#8221;15px|15px|5px|15px|false|true&#8221; global_colors_info=&#8221;{}&#8221;]\n<h1 style=\"text-align: center;\">Ter\u00e7a-feira &#8211; 21 de maio de 2024 &#8211; MANH\u00c3<\/h1>\n[\/et_pb_text][et_pb_text admin_label=&#8221;5. A PESQUISA EM MINERAIS ESTRAT\u00c9GICOS NO BRASIL: AVAN\u00c7OS E NOVAS FONTES ALTERNATIVAS&#8221; _builder_version=&#8221;4.24.2&#8243; _module_preset=&#8221;default&#8221; global_colors_info=&#8221;{}&#8221;]\n<h3><strong>5. A PESQUISA EM MINERAIS ESTRAT\u00c9GICOS NO BRASIL: AVAN\u00c7OS E NOVAS FONTES ALTERNATIVAS<\/strong><\/h3>\n<p>Moderador: <strong>Henrique Portella<\/strong> (Gerente T\u00e9cnico S\u00eanior de Geoci\u00eancias Latam \/ Anglo Gold Ashanti)<\/p>\n[\/et_pb_text][et_pb_text admin_label=&#8221;Palestra&#8221; _builder_version=&#8221;4.25.1&#8243; _module_preset=&#8221;default&#8221; link_font=&#8221;||||on||||&#8221; link_text_color=&#8221;#002A54&#8243; global_colors_info=&#8221;{}&#8221;]\n<table border=\"1\" cellspacing=\"0\" cellpadding=\"0\">\n<tbody>\n<tr>\n<td style=\"text-align: center;\" valign=\"top\" bgcolor=\"#FFCC99\" width=\"180\"><strong>09:00 \u2013 09:30<\/strong><br \/><strong>Palestra<\/strong><\/td>\n<td valign=\"top\" bgcolor=\"#FFCC99\"><strong><a href=\"https:\/\/simexmin.org.br\/2024\/wp-content\/uploads\/2024\/06\/Critical-minerals-and-rare-earths-Mark-Noppe.pdf\" target=\"_blank\" rel=\"noopener\">Critical minerals and rare earths: lessons from Australia to support the global energy transition<\/a><br \/><\/strong><span style=\"font-size: 19px;\">Mark Nopp\u00e9<br \/><\/span>WH Bryan Mining Geology Research Centre\/Director<br \/><span style=\"font-size: 19px;\">The University of Queensland (Australia)<\/span><\/td>\n<\/tr>\n<\/tbody>\n<\/table>\n<p>&nbsp;<\/p>\n[\/et_pb_text][et_pb_text _builder_version=&#8221;4.25.1&#8243; _module_preset=&#8221;default&#8221; link_font=&#8221;||||on||||&#8221; link_text_color=&#8221;#DB6C00&#8243; hover_enabled=&#8221;0&#8243; global_colors_info=&#8221;{}&#8221; sticky_enabled=&#8221;0&#8243;]\n<table border=\"1\" cellspacing=\"0\" cellpadding=\"0\">\n<tbody>\n<tr>\n<td valign=\"top\" bgcolor=\"#FFFFFF\" width=\"180\">09:30 \u2013 09:45<\/td>\n<td valign=\"top\" bgcolor=\"#FFFFFF\"><strong><a href=\"https:\/\/simexmin.org.br\/2024\/wp-content\/uploads\/2024\/06\/A-new-tier-MATEUS-DIAS-OLIVEIRA.pdf\" target=\"_blank\" rel=\"noopener\">A new Tier 1 Rare Earth Province in the Jequi\u00e9 Block, Northeastern S\u00e3o Francisco Craton<\/a><br \/><\/strong><span style=\"font-size: 19px;\"><span style=\"font-size: 19px;\">Matheus Dias Oliveira<br \/><\/span><\/span><span style=\"font-size: 19px;\">Minera\u00e7\u00e3o Borborema<\/span><\/td>\n<\/tr>\n<tr>\n<td valign=\"top\" bgcolor=\"#eeeeee\" width=\"180\">09:45 \u2013 09:50<\/td>\n<td valign=\"top\" bgcolor=\"#eeeeee\">Perguntas<\/td>\n<\/tr>\n<tr>\n<td valign=\"top\" bgcolor=\"#FFFFFF\" width=\"180\">09:50 \u2013 10:05<\/td>\n<td valign=\"top\" bgcolor=\"#FFFFFF\"><strong><a href=\"https:\/\/simexmin.org.br\/2024\/wp-content\/uploads\/2024\/06\/9h50-A-Jazida-de-Bauxita-de-Barro-Alto-GO-Geologia-e-significado-economico.pdf\" target=\"_blank\" rel=\"noopener\">A Jazida de Bauxita de Barro Alto (GO): Geologia e significado econ\u00f4mico<\/a><br \/><\/strong><span style=\"font-size: 19px;\">Lucas Portes Ramos<br \/><\/span><span style=\"font-size: 19px;\">Ge\u00f3logo &#8211; Terra Goyana<\/span><\/td>\n<\/tr>\n<tr>\n<td valign=\"top\" bgcolor=\"#eeeeee\" width=\"180\">10:05 \u2013 10:10<\/td>\n<td valign=\"top\" bgcolor=\"#eeeeee\">Perguntas<\/td>\n<\/tr>\n<tr>\n<td valign=\"top\" bgcolor=\"#FFFFFF\" width=\"180\">10:10 \u2013 10:25<\/td>\n<td valign=\"top\" bgcolor=\"#FFFFFF\"><strong><a href=\"https:\/\/simexmin.org.br\/2024\/wp-content\/uploads\/2024\/06\/10h10-Simexmin-2024.pdf\" target=\"_blank\" rel=\"noopener\">O Dep\u00f3sito Caldeira &#8211; Argilas i\u00f4nicas em Po\u00e7os de Caldas &#8211; MG<\/a><br \/><\/strong><span style=\"font-size: 19px;\">Marcelo Carvalho<br \/><\/span><span style=\"font-size: 19px;\">Diretor Executivo &#8211; Meteoric Resources<\/span><\/td>\n<\/tr>\n<tr>\n<td valign=\"top\" bgcolor=\"#eeeeee\" width=\"180\">10:25 \u2013 10:30<\/td>\n<td valign=\"top\" bgcolor=\"#eeeeee\">Perguntas<\/td>\n<\/tr>\n<tr>\n<td valign=\"top\" bgcolor=\"#FFFFFF\" width=\"180\">10:30 \u2013 10:50<br \/><strong>Palestra<\/strong><\/td>\n<td valign=\"top\" bgcolor=\"#FFFFFF\"><strong><a href=\"https:\/\/simexmin.org.br\/2024\/wp-content\/uploads\/2024\/06\/Lithium-oresin-Eastern-Brazilian-Antonio-Carlos-Pedrosa-Soares.pdf\" target=\"_blank\" rel=\"noopener\">Lithium ores in Eastern Brazilian Pegmatite Province: a review and new discoveries of spodumene-rich pegmatites<\/a><br \/><\/strong>Antonio Carlos Pedrosa Soares<br \/><span style=\"font-size: 19px;\">Professor Titular<br \/><\/span><span style=\"font-size: 19px;\">IG\/UFMG, Pesquisador CNPq e Consultor Senior<\/span><\/td>\n<\/tr>\n<\/tbody>\n<\/table>\n<p>&nbsp;<\/p>\n[\/et_pb_text][et_pb_text admin_label=&#8221;COFFEE BREAK \u2013 10:55 \u2013 11:10&#8243; _builder_version=&#8221;4.24.2&#8243; _module_preset=&#8221;default&#8221; background_color=&#8221;#d3f2b3&#8243; text_orientation=&#8221;center&#8221; custom_padding=&#8221;10px||10px||true|false&#8221; global_colors_info=&#8221;{}&#8221;]\n<p><strong>COFFEE BREAK \u2013 10:55 \u2013 11:10<\/strong><\/p>\n[\/et_pb_text][et_pb_text admin_label=&#8221;6. AGREGANDO VALOR NA PRODU\u00c7\u00c3O MINERAL: RECUPERA\u00c7\u00c3O DE SUB-PRODUTOS NA OPERA\u00c7\u00c3O E REJEITOS&#8221; _builder_version=&#8221;4.24.2&#8243; _module_preset=&#8221;default&#8221; global_colors_info=&#8221;{}&#8221;]\n<h3><strong>6. AGREGANDO VALOR NA PRODU\u00c7\u00c3O MINERAL: RECUPERA\u00c7\u00c3O DE SUB-PRODUTOS NA OPERA\u00c7\u00c3O E REJEITOS<\/strong><\/h3>\n<p>Moderadora: <strong>L\u00facia Helena Xavier\u00a0<\/strong>(Pesquisadora Titular\/Centro de Tecnologia Mineral\/CETEM)<\/p>\n[\/et_pb_text][et_pb_text _builder_version=&#8221;4.25.1&#8243; _module_preset=&#8221;default&#8221; text_font=&#8221;||||||||&#8221; link_font=&#8221;||||on|||#DB6C00|&#8221; link_text_color=&#8221;#DB6C00&#8243; hover_enabled=&#8221;0&#8243; global_colors_info=&#8221;{}&#8221; sticky_enabled=&#8221;0&#8243;]\n<table border=\"1\" cellspacing=\"0\" cellpadding=\"0\">\n<tbody>\n<tr>\n<td valign=\"top\" bgcolor=\"#FFFFFF\" width=\"180\">\n<p align=\"center\">11:10 \u2013 11:25<\/p>\n<\/td>\n<td valign=\"top\" bgcolor=\"#FFFFFF\"><strong><a href=\"https:\/\/simexmin.org.br\/2024\/wp-content\/uploads\/2024\/06\/11h10m-LTChemale-Simexmin_2024_V3.pdf\" target=\"_blank\" rel=\"noopener\">Potencial de extra\u00e7\u00e3o de terras raras em rejeitos<\/a><br \/><\/strong>Lucy Takehara Chemale<br \/>Pesquisadora em Geoci\u00eancias &#8211; Servi\u00e7o Geol\u00f3gico do Brasil (SGB)<\/td>\n<\/tr>\n<tr>\n<td valign=\"top\" bgcolor=\"#eeeeee\" width=\"180\">\n<p align=\"center\">11:25 \u2013 11:30<\/p>\n<\/td>\n<td valign=\"top\" bgcolor=\"#eeeeee\">Perguntas<\/td>\n<\/tr>\n<tr>\n<td valign=\"top\" bgcolor=\"#FFFFFF\" width=\"180\">\n<p align=\"center\">11:30 \u2013 11:45<\/p>\n<\/td>\n<td valign=\"top\" bgcolor=\"#FFFFFF\"><strong>Aproveitamento de rejeito e de agregado sider\u00fargico em projetos fechamento de mina e de mobilidade rural<br \/><\/strong>Flavio Vasconcelos<br \/>Diretor &#8211; Hidrogeo Engenharia e Gest\u00e3o de Projetos<\/td>\n<\/tr>\n<tr>\n<td valign=\"top\" bgcolor=\"#eeeeee\" width=\"180\">\n<p align=\"center\">11:45 \u2013 11:50<\/p>\n<\/td>\n<td valign=\"top\" bgcolor=\"#eeeeee\">Perguntas<\/td>\n<\/tr>\n<tr>\n<td valign=\"top\" bgcolor=\"#FFFFFF\" width=\"180\">\n<p align=\"center\">11:50 \u2013 12:05<\/p>\n<\/td>\n<td valign=\"top\" bgcolor=\"#FFFFFF\"><strong><a href=\"https:\/\/simexmin.org.br\/2024\/wp-content\/uploads\/2024\/06\/Aproveitamento-de-subprodutos-da-mineracao-Fernando-J-Vilela.pdf\" target=\"_blank\" rel=\"noopener\">Aproveitamento de subprodutos da minera\u00e7\u00e3o como fontes de nutrientes para a agricultura: Perspectivas, desafios e casos de sucesso<\/a><br \/><\/strong>Fernando Vilela<br \/>Diretor T\u00e9cnico &#8211; Campo An\u00e1lises<\/td>\n<\/tr>\n<tr>\n<td valign=\"top\" bgcolor=\"#eeeeee\" width=\"180\">\n<p align=\"center\">12:05 \u2013 12:10<\/p>\n<\/td>\n<td valign=\"top\" bgcolor=\"#eeeeee\">Perguntas<\/td>\n<\/tr>\n<tr>\n<td valign=\"top\" bgcolor=\"#FFFFFF\" width=\"180\">\n<p align=\"center\">12:10 \u2013 12:25<\/p>\n<\/td>\n<td valign=\"top\" bgcolor=\"#FFFFFF\"><strong><a href=\"https:\/\/simexmin.org.br\/2024\/wp-content\/uploads\/2024\/06\/12h10-SIMEXMIN-2024-Viridis-Klaus-Petersen-v4.pdf\" target=\"_blank\" rel=\"noopener\">Inova\u00e7\u00e3o e Desenvolvimento Sustent\u00e1vel na Cadeia Downstream de Produ\u00e7\u00e3o de Terras Raras: O Caso da Viridis com o Projeto Colossus em Po\u00e7os de Caldas<\/a><br \/><\/strong><span style=\"font-size: 19px;\">Klaus Petersen<br \/><\/span><span style=\"font-size: 19px;\">Gerente de Explora\u00e7\u00e3o &#8211; Viridis Mining &amp; Minerals Ltd<\/span><\/td>\n<\/tr>\n<tr>\n<td valign=\"top\" bgcolor=\"#eeeeee\" width=\"180\">\n<p align=\"center\">12:25 \u2013 12:30<\/p>\n<\/td>\n<td valign=\"top\" bgcolor=\"#eeeeee\">Perguntas<\/td>\n<\/tr>\n<\/tbody>\n<\/table>\n[\/et_pb_text][et_pb_text admin_label=&#8221;12:30 \u2013 14:30: ALMO\u00c7O&#8221; _builder_version=&#8221;4.24.2&#8243; _module_preset=&#8221;default&#8221; background_color=&#8221;#d3f2b3&#8243; text_orientation=&#8221;center&#8221; custom_padding=&#8221;10px||10px||true|false&#8221; global_colors_info=&#8221;{}&#8221;]\n<p><strong>ALMO\u00c7O \u2013 12:30 \u2013 14:30<\/strong><\/p>\n[\/et_pb_text][et_pb_text admin_label=&#8221;Ter\u00e7a-feira &#8211; 21 de maio de 2024 &#8211; TARDE&#8221; _builder_version=&#8221;4.24.2&#8243; _module_preset=&#8221;default&#8221; text_text_color=&#8221;#000000&#8243; text_font_size=&#8221;24px&#8221; header_font=&#8221;|700|||||||&#8221; header_text_color=&#8221;#FFFFFF&#8221; background_color=&#8221;#3F5E80&#8243; custom_margin=&#8221;||||true|false&#8221; custom_padding=&#8221;15px|15px|5px|15px|false|true&#8221; global_colors_info=&#8221;{}&#8221;]\n<h1 style=\"text-align: center;\">Ter\u00e7a-feira &#8211; 21 de maio de 2024 &#8211; TARDE<\/h1>\n[\/et_pb_text][et_pb_text admin_label=&#8221;7. GEOF\u00cdSICA APLICADA \u00c0 PESQUISA MINERAL &#8221; _builder_version=&#8221;4.24.2&#8243; _module_preset=&#8221;default&#8221; global_colors_info=&#8221;{}&#8221;]\n<h3><strong>7. GEOF\u00cdSICA APLICADA \u00c0 PESQUISA MINERAL <\/strong><\/h3>\n<p>Moderadores: <strong>Luiz Fernando Braga<\/strong> (Sociedade Brasileira de Geof\u00edsica \u2013SBGf e Diretor da Invision Geof\u00edsica) e <strong>Alan Cunha<\/strong> (Conselheiro da Sociedade Brasileira de Geof\u00edsica \u2013 SBGf e UFRJ\/CPGA)<\/p>\n[\/et_pb_text][et_pb_text _builder_version=&#8221;4.25.1&#8243; _module_preset=&#8221;default&#8221; link_font=&#8221;||||on||||&#8221; global_colors_info=&#8221;{}&#8221;]\n<table border=\"1\" cellspacing=\"0\" cellpadding=\"0\">\n<tbody>\n<tr>\n<td width=\"180\" bgcolor=\"#FFFFFF\">\n<p align=\"center\">14:30 \u2013 14:50<\/p>\n<\/td>\n<td bgcolor=\"#FFFFFF\"><strong>Perfilagem Geof\u00edsica de Po\u00e7os Aplicada \u00e0 Explora\u00e7\u00e3o de Fertilizantes<br \/><\/strong>Marco Ant\u00f4nio Braga e<br \/>Maria Filipa Perez da Gama<br \/>Centro de Pesquisa em Geof\u00edsica Aplicada\/UFRJ<\/td>\n<\/tr>\n<tr>\n<td width=\"180\" bgcolor=\"#eeeeee\">\n<p align=\"center\">14:50 \u2013 14:55<\/p>\n<\/td>\n<td bgcolor=\"#eeeeee\">Perguntas<\/td>\n<\/tr>\n<tr>\n<td width=\"180\" bgcolor=\"#FFFFFF\">\n<p align=\"center\">14:55 \u2013 15:10<\/p>\n<\/td>\n<td bgcolor=\"#FFFFFF\"><strong>Regional Airborne Geophysical Surveys (Country Mapping) to unlock critical minerals<br \/><\/strong><span style=\"font-size: 19px;\">Andre Rabelo<br \/><\/span>Development Manager<br \/>Latin America Xcalibur Multiphysics Business<\/td>\n<\/tr>\n<tr>\n<td width=\"180\" bgcolor=\"#eeeeee\">\n<p align=\"center\">15:10 \u2013 15:15<\/p>\n<\/td>\n<td bgcolor=\"#eeeeee\">Perguntas<\/td>\n<\/tr>\n<tr>\n<td width=\"180\" bgcolor=\"#FFFFFF\">\n<p align=\"center\">15:15 \u2013 15:30<\/p>\n<\/td>\n<td bgcolor=\"#FFFFFF\"><strong><a href=\"https:\/\/simexmin.org.br\/2024\/wp-content\/uploads\/2024\/06\/Estrutura-Eletrica-da-Provincia-Mineral-do-Tapajos-Raphael-Correa.pdf\" target=\"_blank\" rel=\"noopener\">Estrutura El\u00e9trica da Prov\u00edncia Mineral do Tapaj\u00f3s<\/a><br \/><\/strong><span style=\"font-family: inherit; font-size: inherit;\">Raphael Teixeira Correa<br \/><\/span>Pesquisador em Geoci\u00eancias &#8211; Servi\u00e7o Geol\u00f3gico do Brasil (SGB)<\/td>\n<\/tr>\n<tr>\n<td width=\"180\" bgcolor=\"#eeeeee\">\n<p align=\"center\">15:30 \u2013 15:35<\/p>\n<\/td>\n<td bgcolor=\"#eeeeee\">Perguntas<\/td>\n<\/tr>\n<tr>\n<td width=\"180\" valign=\"top\" bgcolor=\"#FFFFFF\">\n<p align=\"center\">15:35 \u2013 15:50<\/p>\n<\/td>\n<td bgcolor=\"#FFFFFF\"><strong>New perspectives for petrophysical studies in hydrothermal mineral systems<br \/><\/strong><span style=\"font-family: inherit; font-size: inherit;\">Adalene Moreira Silva<br \/><\/span>Professora Associada<br \/>Instituto de Geoci\u00eancias\/UNB<\/td>\n<\/tr>\n<tr>\n<td width=\"180\" valign=\"top\" bgcolor=\"#eeeeee\">\n<p align=\"center\">15:50 \u2013 15:55<\/p>\n<\/td>\n<td bgcolor=\"#eeeeee\">Perguntas<\/td>\n<\/tr>\n<\/tbody>\n<\/table>\n[\/et_pb_text][et_pb_text admin_label=&#8221;COFFEE BREAK \u2013 16:00-16:20&#8243; _builder_version=&#8221;4.24.2&#8243; _module_preset=&#8221;default&#8221; background_color=&#8221;#d3f2b3&#8243; text_orientation=&#8221;center&#8221; custom_padding=&#8221;10px||10px||true|false&#8221; global_colors_info=&#8221;{}&#8221;]\n<p><strong>COFFEE BREAK \u2013 16:00 \u2013 16:2<\/strong><strong>0<\/strong><\/p>\n[\/et_pb_text][et_pb_text admin_label=&#8221;8. FERTILIZANTES E AGROMINERAIS: PROJETOS, PRODUTOS E VIS\u00c3O DE FUTURO&#8221; _builder_version=&#8221;4.24.2&#8243; _module_preset=&#8221;default&#8221; custom_padding=&#8221;||0px|||&#8221; global_colors_info=&#8221;{}&#8221;]\n<h3><strong>8. FERTILIZANTES E AGROMINERAIS: PROJETOS, PRODUTOS E VIS\u00c3O DE FUTURO<\/strong><\/h3>\n<p>Moderadora: <strong>Magda Bergmann<\/strong> (Pesquisadora em Geoci\u00eancias \u2013 Servi\u00e7o Geol\u00f3gico do Brasil\/SGB)<\/p>\n[\/et_pb_text][et_pb_text _builder_version=&#8221;4.25.1&#8243; _module_preset=&#8221;default&#8221; link_font=&#8221;||||on|||#DB6C00|&#8221; link_text_color=&#8221;#DB6C00&#8243; hover_enabled=&#8221;0&#8243; global_colors_info=&#8221;{}&#8221; sticky_enabled=&#8221;0&#8243;]\n<table border=\"1\" cellspacing=\"0\" cellpadding=\"0\">\n<tbody>\n<tr>\n<td bgcolor=\"#FFFFFF\" width=\"180\">\n<p align=\"center\">16:20 \u2013 16:35<\/p>\n<\/td>\n<td bgcolor=\"#FFFFFF\"><strong><a href=\"https:\/\/simexmin.org.br\/2024\/wp-content\/uploads\/2024\/06\/O-trabalho-do-SGB-CPRM-na-pesquisa-Alessandra-Elisa.pdf\" target=\"_blank\" rel=\"noopener\">O trabalho do SGB na pesquisa de agrominerais silic\u00e1ticos no Brasil<\/a><br \/><\/strong>Alessandra Elisa Blaskowski<br \/>Coordenadora Executiva DIPEME \u2013 Servi\u00e7o Geol\u00f3gico do Brasil\/SGB<\/td>\n<\/tr>\n<tr>\n<td bgcolor=\"#eeeeee\" width=\"180\">\n<p align=\"center\">16:35 \u2013 16:40<\/p>\n<\/td>\n<td bgcolor=\"#eeeeee\">Perguntas<\/td>\n<\/tr>\n<tr>\n<td bgcolor=\"#FFFFFF\" width=\"180\">\n<p align=\"center\">16:40 \u2013 16:55<\/p>\n<\/td>\n<td bgcolor=\"#FFFFFF\"><strong><a href=\"https:\/\/simexmin.org.br\/2024\/wp-content\/uploads\/2024\/06\/16h40-A-PdB-APR-Adriano-Espeschit.pdf\" target=\"_blank\" rel=\"noopener\">Projeto Pot\u00e1ssio Autazes &#8211; Seguran\u00e7a Alimentar para o Brasil e o Mundo<\/a><br \/><\/strong>Adriano Espeschit<br \/>Presidente &#8211; Pot\u00e1ssio do Brasil<\/td>\n<\/tr>\n<tr>\n<td bgcolor=\"#eeeeee\" width=\"180\">\n<p align=\"center\">16:55 \u2013 17:00<\/p>\n<\/td>\n<td bgcolor=\"#eeeeee\">Perguntas<\/td>\n<\/tr>\n<tr>\n<td bgcolor=\"#FFFFFF\" width=\"180\">\n<p align=\"center\">17:00 \u2013 17:15<\/p>\n<\/td>\n<td bgcolor=\"#FFFFFF\"><strong><a href=\"https:\/\/simexmin.org.br\/2024\/wp-content\/uploads\/2024\/06\/Zoneamento-Agrogeologico-Eder-Martins.pdf\" target=\"_blank\" rel=\"noopener\">Zoneamento Agrogeol\u00f3gico para o desenvolvimento de solu\u00e7\u00f5es regionais do manejo da fertilidade do solo<\/a><br \/><\/strong>\u00c9der de Souza Martins<strong><br \/><\/strong>Pesquisador A<br \/>Embrapa Cerrados<\/td>\n<\/tr>\n<tr bgcolor=\"#eeeeee\">\n<td width=\"180\">\n<p align=\"center\">17:15 \u2013 17:20<\/p>\n<\/td>\n<td>Perguntas<\/td>\n<\/tr>\n<tr>\n<td bgcolor=\"#FFFFFF\" width=\"180\">\n<p align=\"center\">17:20 \u2013 17:35<\/p>\n<\/td>\n<td bgcolor=\"#FFFFFF\"><strong><a href=\"https:\/\/simexmin.org.br\/2024\/wp-content\/uploads\/2024\/06\/Depositos-minerais-de-fosfato-da-CMOC-Fabrizzio-Costa.pdf\" target=\"_blank\" rel=\"noopener\">Dep\u00f3sitos de fosfato da CMOC Brasil: Geologia e Produ\u00e7\u00e3o<\/a><br \/><\/strong>Fabrizzio Rodrigues Costa<br \/>Ge\u00f3logo de Longo Prazo de Ni\u00f3bio &amp; Fosfato &#8211; CMOC<\/td>\n<\/tr>\n<tr bgcolor=\"#eeeeee\">\n<td width=\"180\">\n<p align=\"center\">17:35 \u2013 17:40<\/p>\n<\/td>\n<td>Perguntas<\/td>\n<\/tr>\n<\/tbody>\n<\/table>\n[\/et_pb_text][\/et_pb_column][\/et_pb_row][\/et_pb_section]\n","protected":false},"excerpt":{"rendered":"<p>Ter\u00e7a-feira &#8211; 21 de maio de 2024 &#8211; MANH\u00c35. A PESQUISA EM MINERAIS ESTRAT\u00c9GICOS NO BRASIL: AVAN\u00c7OS E NOVAS FONTES ALTERNATIVAS Moderador: Henrique Portella (Gerente T\u00e9cnico S\u00eanior de Geoci\u00eancias Latam \/ Anglo Gold Ashanti) 09:00 \u2013 09:30Palestra Critical minerals and rare earths: lessons from Australia to support the global energy transitionMark Nopp\u00e9WH Bryan Mining Geology [&hellip;]<\/p>\n","protected":false},"author":1,"featured_media":0,"parent":0,"menu_order":0,"comment_status":"closed","ping_status":"closed","template":"","meta":{"_et_pb_use_builder":"on","_et_pb_old_content":"","_et_gb_content_width":"","footnotes":""},"class_list":["post-573","page","type-page","status-publish","hentry"],"_links":{"self":[{"href":"https:\/\/simexmin.org.br\/2024\/wp-json\/wp\/v2\/pages\/573","targetHints":{"allow":["GET"]}}],"collection":[{"href":"https:\/\/simexmin.org.br\/2024\/wp-json\/wp\/v2\/pages"}],"about":[{"href":"https:\/\/simexmin.org.br\/2024\/wp-json\/wp\/v2\/types\/page"}],"author":[{"embeddable":true,"href":"https:\/\/simexmin.org.br\/2024\/wp-json\/wp\/v2\/users\/1"}],"replies":[{"embeddable":true,"href":"https:\/\/simexmin.org.br\/2024\/wp-json\/wp\/v2\/comments?post=573"}],"version-history":[{"count":33,"href":"https:\/\/simexmin.org.br\/2024\/wp-json\/wp\/v2\/pages\/573\/revisions"}],"predecessor-version":[{"id":1071,"href":"https:\/\/simexmin.org.br\/2024\/wp-json\/wp\/v2\/pages\/573\/revisions\/1071"}],"wp:attachment":[{"href":"https:\/\/simexmin.org.br\/2024\/wp-json\/wp\/v2\/media?parent=573"}],"curies":[{"name":"wp","href":"https:\/\/api.w.org\/{rel}","templated":true}]}}