{"id":584,"date":"2024-03-27T13:12:46","date_gmt":"2024-03-27T13:12:46","guid":{"rendered":"https:\/\/simexmin.org.br\/2024\/?page_id=584"},"modified":"2024-06-24T16:54:15","modified_gmt":"2024-06-24T16:54:15","slug":"programa-dia22","status":"publish","type":"page","link":"https:\/\/simexmin.org.br\/2024\/programa-dia22\/","title":{"rendered":"PROGRAMA-DIA22"},"content":{"rendered":"[et_pb_section fb_built=&#8221;1&#8243; fullwidth=&#8221;on&#8221; _builder_version=&#8221;4.23.1&#8243; _module_preset=&#8221;default&#8221; bottom_divider_style=&#8221;arrow2&#8243; bottom_divider_color=&#8221;#fbfae8&#8243; bottom_divider_height=&#8221;50px&#8221; global_colors_info=&#8221;{}&#8221;][et_pb_fullwidth_header title=&#8221;PROGRAMA OFICIAL&#8221; _builder_version=&#8221;4.23.1&#8243; _module_preset=&#8221;default&#8221; title_font=&#8221;|800|||||||&#8221; title_text_align=&#8221;center&#8221; title_font_size=&#8221;48px&#8221; background_color=&#8221;#DB6C00&#8243; background_image=&#8221;https:\/\/simexmin.org.br\/2024\/wp-content\/uploads\/2023\/11\/topo-pag-internas.jpg&#8221; custom_padding=&#8221;46px||40px|||&#8221; title_font_size_tablet=&#8221;48px&#8221; title_font_size_phone=&#8221;33px&#8221; title_font_size_last_edited=&#8221;on|phone&#8221; title_text_shadow_style=&#8221;preset2&#8243; global_colors_info=&#8221;{}&#8221;][\/et_pb_fullwidth_header][\/et_pb_section][et_pb_section fb_built=&#8221;1&#8243; _builder_version=&#8221;4.23.1&#8243; _module_preset=&#8221;default&#8221; background_image=&#8221;https:\/\/simexmin.org.br\/2024\/wp-content\/uploads\/2023\/11\/bg-curvas-bege.jpg&#8221; parallax=&#8221;on&#8221; parallax_method=&#8221;off&#8221; background_blend=&#8221;multiply&#8221; global_colors_info=&#8221;{}&#8221;][et_pb_row _builder_version=&#8221;4.16&#8243; _module_preset=&#8221;default&#8221; global_colors_info=&#8221;{}&#8221;][et_pb_column type=&#8221;4_4&#8243; _builder_version=&#8221;4.16&#8243; _module_preset=&#8221;default&#8221; global_colors_info=&#8221;{}&#8221;][et_pb_text admin_label=&#8221;Quarta-feira &#8211; 22 de maio &#8211; manh\u00e3&#8221; _builder_version=&#8221;4.24.2&#8243; _module_preset=&#8221;default&#8221; text_text_color=&#8221;#000000&#8243; text_font_size=&#8221;24px&#8221; header_font=&#8221;|700|||||||&#8221; header_text_color=&#8221;#FFFFFF&#8221; background_color=&#8221;#0D7366&#8243; custom_margin=&#8221;||||true|false&#8221; custom_padding=&#8221;15px|15px|5px|15px|false|true&#8221; global_colors_info=&#8221;{}&#8221;]\n<h1 style=\"text-align: center;\">Quarta-feira &#8211; 22 de maio de 2024 &#8211; MANH\u00c3<\/h1>\n[\/et_pb_text][et_pb_text admin_label=&#8221;9. DIVULGA\u00c7\u00c3O DE RECURSOS, RESERVAS E RESULTADOS EM PROJETOS DE PESQUISA MINERAL&#8221; _builder_version=&#8221;4.24.2&#8243; _module_preset=&#8221;default&#8221; global_colors_info=&#8221;{}&#8221;]\n<h3><strong>9. PAINEL: DIVULGA\u00c7\u00c3O DE RECURSOS, RESERVAS E RESULTADOS EM PROJETOS DE PESQUISA MINERAL<\/strong><\/h3>\n<p>Moderadora: <strong>Glaucia Cuchierato<\/strong> (Diretora Executiva- GeoAnsata)<\/p>\n[\/et_pb_text][et_pb_text admin_label=&#8221;Palestra&#8221; _builder_version=&#8221;4.25.1&#8243; _module_preset=&#8221;default&#8221; link_font=&#8221;||||on|||#002A54|&#8221; link_text_color=&#8221;#002A54&#8243; global_colors_info=&#8221;{}&#8221;]\n<table border=\"1\" cellspacing=\"0\" cellpadding=\"0\">\n<tbody>\n<tr>\n<td bgcolor=\"#FFCC99\" width=\"180\">\n<p align=\"center\"><strong>09:00 \u2013 09:30<br \/>Palestra<br \/><\/strong><\/p>\n<\/td>\n<td bgcolor=\"#FFCC99\"><strong><strong><a href=\"https:\/\/simexmin.org.br\/2024\/wp-content\/uploads\/2024\/06\/The-assurance-around-reporting-Mark-Noppe.pdf\" target=\"_blank\" rel=\"noopener\">The assurance around reporting and progressing from exploration to development of projects<\/a><br \/><\/strong><\/strong>Mark Nopp\u00e9<br \/>WH Bryan Mining Geology Research Centre\/Director<br \/>The University of Queensland (Australia)<strong><br \/><\/strong><\/td>\n<\/tr>\n<\/tbody>\n<\/table>\n[\/et_pb_text][et_pb_text _builder_version=&#8221;4.25.1&#8243; _module_preset=&#8221;default&#8221; link_font=&#8221;||||on||||&#8221; link_text_color=&#8221;#DB6C00&#8243; global_colors_info=&#8221;{}&#8221;]\n<table border=\"1\" cellspacing=\"0\" cellpadding=\"0\">\n<tbody>\n<tr>\n<td rowspan=\"3\" bgcolor=\"#FFFFFF\" width=\"180\">\n<p align=\"center\">09:30 \u2013 10:30<\/p>\n<\/td>\n<td bgcolor=\"#FFFFFF\"><strong><a href=\"https:\/\/simexmin.org.br\/2024\/wp-content\/uploads\/2024\/06\/9h30-Kinross-SIMEXMIN-2024_MESARR.pdf\" target=\"_blank\" rel=\"noopener\">Kinross Brasil Minera\u00e7\u00e3o<\/a><br \/><\/strong>Lilian Grabellos de Barros de Moura<br \/>Executiva e Consultora de Recursos Minerais \u2013 Kinross Brasil Minera\u00e7\u00e3o<\/td>\n<\/tr>\n<tr>\n<td bgcolor=\"#FFFFCC\"><strong>GeoEstima<br \/><\/strong>Talita Cristina de Oliveira Ferreira<br \/>Consultora Principal<\/td>\n<\/tr>\n<tr>\n<td valign=\"top\" bgcolor=\"#FFFFFF\"><strong>Harpia Gold<br \/><\/strong>Brunna J\u00e9ssica Pajanoti<br \/>Ge\u00f3loga S\u00eanior<\/td>\n<\/tr>\n<\/tbody>\n<\/table>\n[\/et_pb_text][et_pb_text admin_label=&#8221;COFFEE BREAK \u2013 10:30 \u2013 10:45&#8243; _builder_version=&#8221;4.24.2&#8243; _module_preset=&#8221;default&#8221; background_color=&#8221;#d3f2b3&#8243; text_orientation=&#8221;center&#8221; custom_padding=&#8221;10px||10px||true|false&#8221; global_colors_info=&#8221;{}&#8221;]\n<p><strong>COFFEE BREAK \u2013 10:30 \u2013 10:45<\/strong><\/p>\n[\/et_pb_text][et_pb_text admin_label=&#8221;10. O FINANCIAMENTO DA PESQUISA E DO DESENVOLVIMENTO MINERAL DO PA\u00cdS&#8221; _builder_version=&#8221;4.24.2&#8243; _module_preset=&#8221;default&#8221; custom_padding=&#8221;||0px|||&#8221; global_colors_info=&#8221;{}&#8221;]\n<h3><strong>10. PAINEL: O FINANCIAMENTO DA PESQUISA E DO DESENVOLVIMENTO MINERAL DO PA\u00cdS<\/strong><\/h3>\n<p>Moderador: <strong>Luis Mauricio Azevedo<\/strong> (Associa\u00e7\u00e3o Brasileira de Empresas de Pesquisa Mineral e Minera\u00e7\u00e3o (ABPM)\/Presidente)<\/p>\n[\/et_pb_text][et_pb_text _builder_version=&#8221;4.24.2&#8243; _module_preset=&#8221;default&#8221; text_font=&#8221;||||||||&#8221; link_font=&#8221;||||on||||&#8221; global_colors_info=&#8221;{}&#8221;]\n<table border=\"1\" cellspacing=\"0\" cellpadding=\"0\" align=\"left\">\n<tbody>\n<tr>\n<td rowspan=\"3\" bgcolor=\"#FFFFFF\" width=\"180\">\n<p align=\"center\">09:30 \u2013 10:30<\/p>\n<\/td>\n<td bgcolor=\"#FFFFFF\">Ricardo Fonseca<br \/>Diretor<br \/>Genial Investimentos<\/td>\n<\/tr>\n<tr>\n<td bgcolor=\"#FFFFCC\"><strong>BNDES<\/strong><br \/>Pedro Paulo Mesquita<br \/>Gerente de Intelig\u00eancia de Mercado de Minera\u00e7\u00e3o e Transforma\u00e7\u00e3o Mineral \u2013 Banco Nacional do Desenvolvimento (BNDES)<\/td>\n<\/tr>\n<tr>\n<td valign=\"top\" bgcolor=\"#FFFFFF\"><strong>B3<\/strong><br \/>Leonardo Resende<br \/>Superintendente de Relacionamento com Empresas e Estruturadores de Ofertas<\/td>\n<\/tr>\n<\/tbody>\n<\/table>\n[\/et_pb_text][et_pb_text admin_label=&#8221;11. O CONHECIMENTO GEOL\u00d3GICO DAS PROV\u00cdNCIAS MINERAIS BRASILEIRAS: ESPA\u00c7OS PROSPECTIVOS PARA NOVOS SISTEMAS MINERAIS&#8221; _builder_version=&#8221;4.24.2&#8243; _module_preset=&#8221;default&#8221; custom_margin=&#8221;||||false|false&#8221; custom_padding=&#8221;||3px|||&#8221; global_colors_info=&#8221;{}&#8221;]\n<h3><strong>11. O CONHECIMENTO GEOL\u00d3GICO DAS PROV\u00cdNCIAS MINERAIS BRASILEIRAS: ESPA\u00c7OS PROSPECTIVOS PARA NOVOS SISTEMAS MINERAIS<\/strong><\/h3>\n<p>Moderadora: <strong>L\u00facia Travassos da Rosa Costa<\/strong>\u00a0(Assessora da Diretoria de Geologia e Recursos Minerais\/DGM\/Servi\u00e7o Geol\u00f3gico do Brasil \u2013 SGB)<\/p>\n[\/et_pb_text][et_pb_text _builder_version=&#8221;4.25.1&#8243; _module_preset=&#8221;default&#8221; text_font=&#8221;||||||||&#8221; link_font=&#8221;||||on||||&#8221; link_text_color=&#8221;#DB6C00&#8243; global_colors_info=&#8221;{}&#8221;]\n<table border=\"1\" cellspacing=\"0\" cellpadding=\"0\">\n<tbody>\n<tr>\n<td valign=\"top\" bgcolor=\"#FFFFFF\" width=\"180\">\n<p align=\"center\">11:45 \u2013 12:00<\/p>\n<\/td>\n<td valign=\"top\" bgcolor=\"#FFFFFF\"><strong>Geodin\u00e2mica da Prov\u00edncia Mineral de Caraj\u00e1s<br \/><\/strong><span style=\"font-size: 19px;\">Noevaldo A. Teixeira<br \/>Chefe do Centro de Geoci\u00eancias Aplicada (CGA) &#8211; Servi\u00e7o Geol\u00f3gico do Brasil (SGB)<\/span><\/td>\n<\/tr>\n<tr>\n<td valign=\"top\" bgcolor=\"#eeeeee\" width=\"180\">\n<p align=\"center\">12:00 \u2013 12:05<\/p>\n<\/td>\n<td valign=\"top\" bgcolor=\"#eeeeee\">Perguntas<\/td>\n<\/tr>\n<tr>\n<td valign=\"top\" bgcolor=\"#FFFFFF\" width=\"180\">\n<p align=\"center\">12:05 \u2013 12:20<\/p>\n<\/td>\n<td valign=\"top\" bgcolor=\"#FFFFFF\"><strong><a href=\"https:\/\/simexmin.org.br\/2024\/wp-content\/uploads\/2024\/06\/12h05-Eduardo-Oliveira-EroCopper.pdf\" target=\"_blank\" rel=\"noopener\">A por\u00e7\u00e3o norte do or\u00f3geno Itabuna-Salvador-Cura\u00e7\u00e1 (ISAC) e os dep\u00f3sitos magm\u00e1ticos de Ni-Cu-Au, Cr\u00e1ton do S\u00e3o Francisco<\/a><br \/><\/strong>Eduardo Oliveira<br \/><span style=\"font-size: 19px;\">Gerente de Geologia Brasil &#8211; Ero Copper Corp.<\/span><\/td>\n<\/tr>\n<tr>\n<td valign=\"top\" bgcolor=\"#eeeeee\" width=\"180\">\n<p align=\"center\">12:20 \u2013 12:25<\/p>\n<\/td>\n<td valign=\"top\" bgcolor=\"#eeeeee\">Perguntas<\/td>\n<\/tr>\n<\/tbody>\n<\/table>\n[\/et_pb_text][et_pb_text admin_label=&#8221;Palestra&#8221; _builder_version=&#8221;4.25.1&#8243; _module_preset=&#8221;default&#8221; hover_enabled=&#8221;0&#8243; global_colors_info=&#8221;{}&#8221; link_font=&#8221;||||on||||&#8221; link_text_color=&#8221;#002A54&#8243; sticky_enabled=&#8221;0&#8243;]\n<table border=\"1\" cellspacing=\"0\" cellpadding=\"0\">\n<tbody>\n<tr>\n<td bgcolor=\"#FFCC99\" width=\"180\">\n<p align=\"center\"><strong>12:25 \u2013 12:55<br \/>Palestra<br \/><\/strong><\/p>\n<\/td>\n<td bgcolor=\"#FFCC99\"><strong><a href=\"https:\/\/simexmin.org.br\/2024\/wp-content\/uploads\/2024\/06\/22-12h25-formation-of-iron-oxide-Adam-Simon.pdf\" target=\"_blank\" rel=\"noopener\">The Formation of Iron Oxide-Apatite (IOA) and Iron Oxide Copper-Gold (IOCG)<\/a><br \/><\/strong>Adam Simon<br \/>SEG Distinguished Lecturer<br \/>Earth and Environmental Sciences at the University of Michigan, USA<\/td>\n<\/tr>\n<\/tbody>\n<\/table>\n[\/et_pb_text][et_pb_text admin_label=&#8221;12:55 \u2013 14:30: ALMO\u00c7O&#8221; _builder_version=&#8221;4.24.2&#8243; _module_preset=&#8221;default&#8221; background_color=&#8221;#d3f2b3&#8243; text_orientation=&#8221;center&#8221; custom_padding=&#8221;10px||10px||true|false&#8221; global_colors_info=&#8221;{}&#8221;]\n<p><strong>ALMO\u00c7O \u2013 12:55 \u2013 14:30<\/strong><\/p>\n[\/et_pb_text][et_pb_text admin_label=&#8221;Quarta-feira &#8211; 22 de maio de 2024 &#8211; TARDE&#8221; _builder_version=&#8221;4.24.2&#8243; _module_preset=&#8221;default&#8221; text_text_color=&#8221;#000000&#8243; text_font_size=&#8221;24px&#8221; header_font=&#8221;|700|||||||&#8221; header_text_color=&#8221;#FFFFFF&#8221; background_color=&#8221;#3F5E80&#8243; custom_margin=&#8221;||||true|false&#8221; custom_padding=&#8221;15px|15px|5px|15px|false|true&#8221; global_colors_info=&#8221;{}&#8221;]\n<h1 style=\"text-align: center;\">Quarta-feira &#8211; 22 de maio de 2024 &#8211; TARDE<\/h1>\n[\/et_pb_text][et_pb_text admin_label=&#8221;11. O CONHECIMENTO GEOL\u00d3GICO DAS PROV\u00cdNCIAS MINERAIS BRASILEIRAS: ESPA\u00c7OS PROSPECTIVOS PARA NOVOS SISTEMAS MINERAIS&#8221; _builder_version=&#8221;4.24.2&#8243; _module_preset=&#8221;default&#8221; global_colors_info=&#8221;{}&#8221;]\n<h3><strong>1<\/strong><strong>1. O CONHECIMENTO GEOL\u00d3GICO DAS PROV\u00cdNCIAS MINERAIS BRASILEIRAS: ESPA\u00c7OS PROSPECTIVOS PARA NOVOS SISTEMAS MINERAIS<\/strong><\/h3>\n<p>Moderadora: <strong>L\u00facia Travassos da Rosa Costa<\/strong>\u00a0(Assessora da Diretoria de Geologia e Recursos Minerais\/DGM &#8211; SGB)<\/p>\n[\/et_pb_text][et_pb_text _builder_version=&#8221;4.25.1&#8243; _module_preset=&#8221;default&#8221; link_font=&#8221;||||on|||#DB6C00|&#8221; link_text_color=&#8221;#DB6C00&#8243; global_colors_info=&#8221;{}&#8221;]\n<table border=\"1\" cellspacing=\"0\" cellpadding=\"0\">\n<tbody>\n<tr>\n<td valign=\"top\" bgcolor=\"#FFFFFF\" width=\"180\">\n<p align=\"center\">14:30 \u2013 14:45<\/p>\n<\/td>\n<td valign=\"top\" bgcolor=\"#FFFFFF\"><strong>Uma revisita \u00e0 metalogenia da Prov\u00edncia Mineral de Tapaj\u00f3s<br \/><\/strong>Caetano Juliani<br \/><span style=\"font-size: 19px;\">Professor Titular<br \/><\/span><span style=\"font-size: 19px;\">Instituto de Geoci\u00eancias &#8211; USP<\/span><\/td>\n<\/tr>\n<tr>\n<td valign=\"top\" bgcolor=\"#eeeeee\" width=\"180\">\n<p align=\"center\">14:45 \u2013 14:50<\/p>\n<\/td>\n<td valign=\"top\" bgcolor=\"#eeeeee\">Perguntas<\/td>\n<\/tr>\n<tr>\n<td valign=\"top\" bgcolor=\"#FFFFFF\" width=\"180\">\n<p align=\"center\">14:50 \u2013 15:05<\/p>\n<\/td>\n<td valign=\"top\" bgcolor=\"#FFFFFF\"><strong><a href=\"https:\/\/simexmin.org.br\/2024\/wp-content\/uploads\/2024\/06\/Revisiting-the-Cu-Au-Potential-Antonio-Jose-de-Almeida.pdf\" target=\"_blank\" rel=\"noopener\">Revisiting the Cu-Au Potential of the Caba\u00e7al Belt (Mato Grosso): New Opportunities for VMS Systems with Orogenic Gold Overprint<\/a><br \/><\/strong>Ant\u00f4nio Jos\u00e9 de Almeida<br \/>Ge\u00f3logo S\u00eanior \u2013 Meridian Mining<\/td>\n<\/tr>\n<tr>\n<td valign=\"top\" bgcolor=\"#eeeeee\" width=\"180\">\n<p align=\"center\">15:05 \u2013 15:10<\/p>\n<\/td>\n<td valign=\"top\" bgcolor=\"#eeeeee\">Perguntas<\/td>\n<\/tr>\n<tr>\n<td valign=\"top\" bgcolor=\"#FFFFFF\" width=\"180\">\n<p align=\"center\">15:10 \u2013 15:25<\/p>\n<\/td>\n<td valign=\"top\" bgcolor=\"#FFFFFF\"><strong><a href=\"https:\/\/simexmin.org.br\/2024\/wp-content\/uploads\/2024\/06\/15h10-SIMEXMIN-2024-Nick-Winer-FINAL.pdf\" target=\"_blank\" rel=\"noopener\">Serabi&#8217;s copper-gold district: regional exploration model and drill results &#8211; Tapaj\u00f3s Mineral Province (PA)<\/a><br \/><\/strong>Nicholas Winer<br \/>Senior Consultant<\/td>\n<\/tr>\n<tr>\n<td valign=\"top\" bgcolor=\"#eeeeee\" width=\"180\">\n<p align=\"center\">15:25 \u2013 15:30<\/p>\n<\/td>\n<td valign=\"top\" bgcolor=\"#eeeeee\">Perguntas<\/td>\n<\/tr>\n<\/tbody>\n<\/table>\n<p>&nbsp;<\/p>\n[\/et_pb_text][et_pb_text admin_label=&#8221;Palestra&#8221; _builder_version=&#8221;4.25.1&#8243; _module_preset=&#8221;default&#8221; link_font=&#8221;||||on||||&#8221; link_text_color=&#8221;#002A54&#8243; global_colors_info=&#8221;{}&#8221;]\n<table border=\"1\" cellspacing=\"0\" cellpadding=\"0\">\n<tbody>\n<tr>\n<td valign=\"top\" bgcolor=\"#FFCC99\" width=\"180\">\n<p align=\"center\"><strong>15:30 \u2013 16:00<br \/>Palestra<br \/><\/strong><\/p>\n<\/td>\n<td valign=\"top\" bgcolor=\"#FFCC99\"><strong style=\"font-family: inherit; font-size: inherit;\"><a href=\"https:\/\/simexmin.org.br\/2024\/wp-content\/uploads\/2024\/06\/Exploracao-Mineral-em-Terrenos-Lateriticos-no-Brasil-Claudio-Gerbeim-Porto.pdf\" target=\"_blank\" rel=\"noopener\">Pesquisa Mineral em Terrenos Later\u00edticos: estudos de caso<\/a><br \/><\/strong>Claudio Gerheim Porto<br \/>Professor Associado<br \/><span style=\"font-size: 19px;\">Departamento de Geologia e Geof\u00edsica\/UFRJ<\/span><\/td>\n<\/tr>\n<\/tbody>\n<\/table>\n<p>&nbsp;<\/p>\n[\/et_pb_text][et_pb_text admin_label=&#8221;COFFEE BREAK \u2013 16:00-16:15&#8243; _builder_version=&#8221;4.24.2&#8243; _module_preset=&#8221;default&#8221; background_color=&#8221;#d3f2b3&#8243; text_orientation=&#8221;center&#8221; custom_padding=&#8221;10px||10px||true|false&#8221; global_colors_info=&#8221;{}&#8221;]\n<p><strong>COFFEE BREAK \u2013 16:00 \u2013 16:15<\/strong><\/p>\n[\/et_pb_text][et_pb_text admin_label=&#8221;12. SISTEMAS MINERAIS, PROCESSOS MINERALIZANTES E FOOTPRINTS&#8221; _builder_version=&#8221;4.24.2&#8243; _module_preset=&#8221;default&#8221; global_colors_info=&#8221;{}&#8221;]\n<h3><strong>12. SISTEMAS MINERAIS, PROCESSOS MINERALIZANTES E FOOTPRINTS<\/strong><\/h3>\n<p>Moderadora: <strong>Carolina Penteado Natividade Moreto<\/strong> (Professora Associada do Instituto de Geoci\u00eancias\/UNICAMP)<\/p>\n[\/et_pb_text][et_pb_text _builder_version=&#8221;4.25.1&#8243; _module_preset=&#8221;default&#8221; link_font=&#8221;||||on|||#DB6C00|&#8221; link_text_color=&#8221;#DB6C00&#8243; global_colors_info=&#8221;{}&#8221;]\n<table border=\"1\" cellspacing=\"0\" cellpadding=\"0\">\n<tbody>\n<tr>\n<td valign=\"top\" bgcolor=\"#FFFFFF\" width=\"180\">\n<p align=\"center\">16:15 \u2013 16:30<\/p>\n<\/td>\n<td valign=\"top\" bgcolor=\"#FFFFFF\"><strong>Sistemas Cupro-Aur\u00edferos da Prov\u00edncia Mineral de Caraj\u00e1s<br \/><\/strong>Lena Virginia Soares Monteiro<br \/><span style=\"font-size: 19px;\">Professora Titular<br \/><\/span><span style=\"font-size: 19px;\">Instituto de Geoci\u00eancias\/USP<\/span><\/td>\n<\/tr>\n<tr bgcolor=\"#eeeeee\">\n<td valign=\"top\" width=\"180\">\n<p align=\"center\">16:30 \u2013 16:35<\/p>\n<\/td>\n<td valign=\"top\">Perguntas<\/td>\n<\/tr>\n<tr>\n<td valign=\"top\" bgcolor=\"#FFFFFF\" width=\"180\">\n<p align=\"center\">16:35 \u2013 16:50<\/p>\n<\/td>\n<td valign=\"top\" bgcolor=\"#FFFFFF\"><span style=\"font-size: 19px;\"><a href=\"https:\/\/simexmin.org.br\/2024\/wp-content\/uploads\/2024\/06\/O-deposito-de-ouro-Tocantizinho-Antonio-Seabra.pdf\" target=\"_blank\" rel=\"noopener\"><strong>O dep\u00f3sito de ouro Tocantinzinho, Prov\u00edncia Mineral do Tapaj\u00f3s: caracter\u00edsticas geol\u00f3gicas e evolu\u00e7\u00e3o metalogen\u00e9tica<\/strong><\/a><br \/><\/span><span style=\"font-size: 19px;\">Ant\u00f4nio Augusto Seabra Gomes Jr. \u2013 Coordenador de Geologia de Explora\u00e7\u00e3o \u2013 G Mining Ventures<\/span><\/td>\n<\/tr>\n<tr bgcolor=\"#eeeeee\">\n<td valign=\"top\" width=\"180\">\n<p align=\"center\">16:50 \u2013 16:55<\/p>\n<\/td>\n<td valign=\"top\">Perguntas<\/td>\n<\/tr>\n<tr>\n<td valign=\"top\" bgcolor=\"#FFFFFF\" width=\"180\">\n<p align=\"center\">16:55 \u2013 17:10<\/p>\n<\/td>\n<td valign=\"top\" bgcolor=\"#FFFFFF\"><a href=\"https:\/\/simexmin.org.br\/2024\/wp-content\/uploads\/2024\/06\/16h55-Hugo-Paiva-SIMEXMIN-2024.pdf\" target=\"_blank\" rel=\"noopener\"><b>Sistemas Mineralizantes do Dep\u00f3sito Aur\u00edfero Volta Grande (World Class), Dom\u00ednio Bacaj\u00e1, Cr\u00e1ton Amaz\u00f4nico<\/b><\/a><br \/>Hugo Paiva Tavares de Souza<br \/>Ag\u00eancia Nacional de Minera\u00e7\u00e3o (ANM)\/Par\u00e1<\/td>\n<\/tr>\n<tr bgcolor=\"#eeeeee\">\n<td valign=\"top\" width=\"180\">\n<p align=\"center\">17:10 \u2013 17:15<\/p>\n<\/td>\n<td valign=\"top\">Perguntas<\/td>\n<\/tr>\n<tr>\n<td valign=\"top\" bgcolor=\"#FFFFFF\" width=\"180\">\n<p align=\"center\">17:15 \u2013 17:30<\/p>\n<\/td>\n<td bgcolor=\"#FFFFFF\"><strong><a href=\"https:\/\/simexmin.org.br\/2024\/wp-content\/uploads\/2024\/06\/Depositos-de-ouro-em-greenstonebeltsno-Vitor_Silveira.pdf\" target=\"_blank\" rel=\"noopener\">Dep\u00f3sitos de ouro em greenstone belts no Quadril\u00e1tero Ferr\u00edfero: novas descobertas e avan\u00e7os na evolu\u00e7\u00e3o dos eventos mineralizantes<\/a><br \/><\/strong><span style=\"font-size: 19px;\">Vitor Diniz Silveira<br \/><\/span>Exploration Geology Coordinator\u00a0 &#8211; Jaguar Mining<\/td>\n<\/tr>\n<tr bgcolor=\"#eeeeee\">\n<td valign=\"top\" width=\"180\">\n<p align=\"center\">17:30 \u2013 17:35<\/p>\n<\/td>\n<td valign=\"top\">Perguntas<\/td>\n<\/tr>\n<\/tbody>\n<\/table>\n<p>&nbsp;<\/p>\n[\/et_pb_text][et_pb_text admin_label=&#8221;ENCERRAMENTO DAS SESS\u00d5ES T\u00c9CNICAS&#8221; _builder_version=&#8221;4.24.2&#8243; _module_preset=&#8221;default&#8221; header_3_text_align=&#8221;center&#8221; header_3_text_color=&#8221;#DB6C00&#8243; global_colors_info=&#8221;{}&#8221;]\n<h3>ENCERRAMENTO DAS SESS\u00d5ES T\u00c9CNICAS<\/h3>\n[\/et_pb_text][\/et_pb_column][\/et_pb_row][\/et_pb_section]\n","protected":false},"excerpt":{"rendered":"<p>Quarta-feira &#8211; 22 de maio de 2024 &#8211; MANH\u00c39. PAINEL: DIVULGA\u00c7\u00c3O DE RECURSOS, RESERVAS E RESULTADOS EM PROJETOS DE PESQUISA MINERAL Moderadora: Glaucia Cuchierato (Diretora Executiva- GeoAnsata) 09:00 \u2013 09:30Palestra The assurance around reporting and progressing from exploration to development of projectsMark Nopp\u00e9WH Bryan Mining Geology Research Centre\/DirectorThe University of Queensland (Australia) 09:30 \u2013 10:30 [&hellip;]<\/p>\n","protected":false},"author":1,"featured_media":0,"parent":0,"menu_order":0,"comment_status":"closed","ping_status":"closed","template":"","meta":{"_et_pb_use_builder":"on","_et_pb_old_content":"","_et_gb_content_width":"","footnotes":""},"class_list":["post-584","page","type-page","status-publish","hentry"],"_links":{"self":[{"href":"https:\/\/simexmin.org.br\/2024\/wp-json\/wp\/v2\/pages\/584","targetHints":{"allow":["GET"]}}],"collection":[{"href":"https:\/\/simexmin.org.br\/2024\/wp-json\/wp\/v2\/pages"}],"about":[{"href":"https:\/\/simexmin.org.br\/2024\/wp-json\/wp\/v2\/types\/page"}],"author":[{"embeddable":true,"href":"https:\/\/simexmin.org.br\/2024\/wp-json\/wp\/v2\/users\/1"}],"replies":[{"embeddable":true,"href":"https:\/\/simexmin.org.br\/2024\/wp-json\/wp\/v2\/comments?post=584"}],"version-history":[{"count":33,"href":"https:\/\/simexmin.org.br\/2024\/wp-json\/wp\/v2\/pages\/584\/revisions"}],"predecessor-version":[{"id":1082,"href":"https:\/\/simexmin.org.br\/2024\/wp-json\/wp\/v2\/pages\/584\/revisions\/1082"}],"wp:attachment":[{"href":"https:\/\/simexmin.org.br\/2024\/wp-json\/wp\/v2\/media?parent=584"}],"curies":[{"name":"wp","href":"https:\/\/api.w.org\/{rel}","templated":true}]}}