{"id":137,"date":"2023-11-21T20:57:35","date_gmt":"2023-11-21T20:57:35","guid":{"rendered":"https:\/\/simexmin.org.br\/2024ing\/?page_id=137"},"modified":"2023-11-30T13:05:10","modified_gmt":"2023-11-30T13:05:10","slug":"local-do-evento","status":"publish","type":"page","link":"https:\/\/simexmin.org.br\/2024ing\/local-do-evento\/","title":{"rendered":"Local do evento"},"content":{"rendered":"[et_pb_section fb_built=&#8221;1&#8243; fullwidth=&#8221;on&#8221; _builder_version=&#8221;4.23.1&#8243; _module_preset=&#8221;default&#8221; bottom_divider_style=&#8221;arrow2&#8243; bottom_divider_color=&#8221;#fbfae8&#8243; bottom_divider_height=&#8221;50px&#8221; global_colors_info=&#8221;{}&#8221;][et_pb_fullwidth_header title=&#8221;LOCAL DO EVENTO&#8221; _builder_version=&#8221;4.23.1&#8243; _module_preset=&#8221;default&#8221; title_font=&#8221;|800|||||||&#8221; title_text_align=&#8221;center&#8221; title_font_size=&#8221;48px&#8221; background_color=&#8221;#DB6C00&#8243; background_image=&#8221;https:\/\/simexmin.org.br\/2024ing\/wp-content\/uploads\/2023\/11\/topo-pag-internas.jpg&#8221; custom_padding=&#8221;46px||40px|||&#8221; hover_enabled=&#8221;0&#8243; title_text_shadow_style=&#8221;preset2&#8243; global_colors_info=&#8221;{}&#8221; title_font_size_last_edited=&#8221;on|phone&#8221; sticky_enabled=&#8221;0&#8243; title_font_size_phone=&#8221;33px&#8221; title_font_size_tablet=&#8221;48px&#8221;][\/et_pb_fullwidth_header][\/et_pb_section][et_pb_section fb_built=&#8221;1&#8243; _builder_version=&#8221;4.23.1&#8243; _module_preset=&#8221;default&#8221; background_image=&#8221;https:\/\/simexmin.org.br\/2024ing\/wp-content\/uploads\/2023\/11\/bg-curvas.jpg&#8221; parallax=&#8221;on&#8221; parallax_method=&#8221;off&#8221; background_blend=&#8221;multiply&#8221; global_colors_info=&#8221;{}&#8221;][et_pb_row column_structure=&#8221;1_2,1_2&#8243; _builder_version=&#8221;4.16&#8243; _module_preset=&#8221;default&#8221; global_colors_info=&#8221;{}&#8221;][et_pb_column type=&#8221;1_2&#8243; _builder_version=&#8221;4.16&#8243; _module_preset=&#8221;default&#8221; global_colors_info=&#8221;{}&#8221;][et_pb_text _builder_version=&#8221;4.23.1&#8243; _module_preset=&#8221;default&#8221; header_font_size=&#8221;32px&#8221; header_2_font_size=&#8221;30px&#8221; global_colors_info=&#8221;{}&#8221;]\n<h2>Parque Metal\u00fargico Augusto Barbosa &#8211; Centro de Artes e Conven\u00e7\u00f5es da UFOP<\/h2>\n[\/et_pb_text][et_pb_text _builder_version=&#8221;4.16&#8243; _module_preset=&#8221;default&#8221; text_font_size=&#8221;22px&#8221; global_colors_info=&#8221;{}&#8221;]\n<p>R. Diogo de Vasconcelos, 328<br \/>Nossa Senhora do Pilar<br \/>Ouro Preto &#8211; MG<br \/>CEP 35400-000<\/p>\n[\/et_pb_text][et_pb_button button_url=&#8221;http:\/\/ouropreto.org.br\/convention-visitors-bureau&#8221; url_new_window=&#8221;on&#8221; button_text=&#8221;CONHE\u00c7A A CIDADE DE OURO PRETO&#8221; _builder_version=&#8221;4.23.1&#8243; _module_preset=&#8221;default&#8221; custom_button=&#8221;on&#8221; button_text_size=&#8221;17px&#8221; button_text_color=&#8221;#FFFFFF&#8221; button_bg_color=&#8221;#DB6C00&#8243; button_border_color=&#8221;#DB6C00&#8243; button_border_radius=&#8221;48px&#8221; button_letter_spacing=&#8221;0px&#8221; global_colors_info=&#8221;{}&#8221; button_bg_color__hover_enabled=&#8221;on|hover&#8221; button_bg_color__hover=&#8221;#002A54&#8243; button_bg_enable_color__hover=&#8221;on&#8221; button_border_color__hover_enabled=&#8221;on|desktop&#8221; button_border_color__hover=&#8221;#002A54&#8243;][\/et_pb_button][et_pb_text _builder_version=&#8221;4.16&#8243; _module_preset=&#8221;default&#8221; custom_margin=&#8221;||8px|||&#8221; custom_padding=&#8221;||4px|||&#8221; global_colors_info=&#8221;{}&#8221;]\n<h4>Ag\u00eancia de Viagens<\/h4>\n[\/et_pb_text][et_pb_image src=&#8221;https:\/\/simexmin.org.br\/2024ing\/wp-content\/uploads\/2023\/11\/Mide-Viagens1.png&#8221; title_text=&#8221;Mide-Viagens1&#8243; _builder_version=&#8221;4.23.1&#8243; _module_preset=&#8221;default&#8221; custom_margin=&#8221;||18px|||&#8221; global_colors_info=&#8221;{}&#8221;][\/et_pb_image][et_pb_text _builder_version=&#8221;4.23.1&#8243; _module_preset=&#8221;default&#8221; global_colors_info=&#8221;{}&#8221;]\n<p>Contato: <strong>Michelle Silva<br \/><\/strong>Telefone: <strong>+55 31 99815-7454 \/ +55 31 3427-4860<\/strong><br \/>E-mail: <strong>michelle@mideviagens.com.br<\/strong><\/p>\n[\/et_pb_text][\/et_pb_column][et_pb_column type=&#8221;1_2&#8243; _builder_version=&#8221;4.16&#8243; _module_preset=&#8221;default&#8221; global_colors_info=&#8221;{}&#8221;][et_pb_text _builder_version=&#8221;4.16&#8243; _module_preset=&#8221;default&#8221; border_radii=&#8221;on|10px|10px|10px|10px&#8221; border_width_all=&#8221;4px&#8221; border_color_all=&#8221;#FFFFFF&#8221; box_shadow_style=&#8221;preset2&#8243; box_shadow_horizontal=&#8221;4px&#8221; box_shadow_vertical=&#8221;4px&#8221; box_shadow_blur=&#8221;10px&#8221; box_shadow_color=&#8221;rgba(76,76,76,0.25)&#8221; global_colors_info=&#8221;{}&#8221;]\n<p><iframe src=\"https:\/\/www.google.com\/maps\/embed?pb=!1m18!1m12!1m3!1d3739.837611062116!2d-43.50912353453165!3d-20.389584308031356!2m3!1f0!2f0!3f0!3m2!1i1024!2i768!4f13.1!3m3!1m2!1s0xa40ae694766391%3A0xe4908579b7c2128e!2sParque%20Metal%C3%BArgico%20Augusto%20Barbosa%20-%20Centro%20de%20Artes%20e%20Conven%C3%A7%C3%B5es%20da%20UFOP!5e0!3m2!1spt-BR!2sbr!4v1656609848828!5m2!1spt-BR!2sbr\" width=\"600\" height=\"450\" style=\"border: 0;\" allowfullscreen=\"\" loading=\"lazy\" referrerpolicy=\"no-referrer-when-downgrade\"><\/iframe><\/p>\n[\/et_pb_text][\/et_pb_column][\/et_pb_row][\/et_pb_section]\n","protected":false},"excerpt":{"rendered":"<p>Parque Metal\u00fargico Augusto Barbosa &#8211; Centro de Artes e Conven\u00e7\u00f5es da UFOPR. Diogo de Vasconcelos, 328Nossa Senhora do PilarOuro Preto &#8211; MGCEP 35400-000Ag\u00eancia de ViagensContato: Michelle SilvaTelefone: +55 31 99815-7454 \/ +55 31 3427-4860E-mail: michelle@mideviagens.com.br<\/p>\n","protected":false},"author":1,"featured_media":0,"parent":0,"menu_order":0,"comment_status":"closed","ping_status":"closed","template":"","meta":{"_et_pb_use_builder":"on","_et_pb_old_content":"","_et_gb_content_width":"","footnotes":""},"class_list":["post-137","page","type-page","status-publish","hentry"],"_links":{"self":[{"href":"https:\/\/simexmin.org.br\/2024ing\/wp-json\/wp\/v2\/pages\/137","targetHints":{"allow":["GET"]}}],"collection":[{"href":"https:\/\/simexmin.org.br\/2024ing\/wp-json\/wp\/v2\/pages"}],"about":[{"href":"https:\/\/simexmin.org.br\/2024ing\/wp-json\/wp\/v2\/types\/page"}],"author":[{"embeddable":true,"href":"https:\/\/simexmin.org.br\/2024ing\/wp-json\/wp\/v2\/users\/1"}],"replies":[{"embeddable":true,"href":"https:\/\/simexmin.org.br\/2024ing\/wp-json\/wp\/v2\/comments?post=137"}],"version-history":[{"count":6,"href":"https:\/\/simexmin.org.br\/2024ing\/wp-json\/wp\/v2\/pages\/137\/revisions"}],"predecessor-version":[{"id":310,"href":"https:\/\/simexmin.org.br\/2024ing\/wp-json\/wp\/v2\/pages\/137\/revisions\/310"}],"wp:attachment":[{"href":"https:\/\/simexmin.org.br\/2024ing\/wp-json\/wp\/v2\/media?parent=137"}],"curies":[{"name":"wp","href":"https:\/\/api.w.org\/{rel}","templated":true}]}}