{"id":18,"date":"2023-11-20T11:47:26","date_gmt":"2023-11-20T11:47:26","guid":{"rendered":"https:\/\/simexmin.org.br\/2024ing\/?page_id=18"},"modified":"2024-03-19T19:27:47","modified_gmt":"2024-03-19T19:27:47","slug":"calendario-de-locacao-de-estandes","status":"publish","type":"page","link":"https:\/\/simexmin.org.br\/2024ing\/calendario-de-locacao-de-estandes\/","title":{"rendered":"Calend\u00e1rio de Loca\u00e7\u00e3o de Estandes"},"content":{"rendered":"[et_pb_section fb_built=&#8221;1&#8243; fullwidth=&#8221;on&#8221; _builder_version=&#8221;4.23.1&#8243; _module_preset=&#8221;default&#8221; bottom_divider_style=&#8221;arrow2&#8243; bottom_divider_color=&#8221;#fbfae8&#8243; bottom_divider_height=&#8221;50px&#8221; global_colors_info=&#8221;{}&#8221;][et_pb_fullwidth_header title=&#8221;CALENDAR FOR EXHIBITORS&#8221; _builder_version=&#8221;4.24.2&#8243; _module_preset=&#8221;default&#8221; title_font=&#8221;|800|||||||&#8221; title_text_align=&#8221;center&#8221; title_font_size=&#8221;48px&#8221; background_color=&#8221;#DB6C00&#8243; background_image=&#8221;https:\/\/simexmin.org.br\/2024ing\/wp-content\/uploads\/2023\/11\/topo-pag-internas.jpg&#8221; custom_padding=&#8221;46px||40px|||&#8221; hover_enabled=&#8221;0&#8243; title_font_size_tablet=&#8221;48px&#8221; title_font_size_phone=&#8221;33px&#8221; title_font_size_last_edited=&#8221;on|phone&#8221; title_text_shadow_style=&#8221;preset2&#8243; global_colors_info=&#8221;{}&#8221; sticky_enabled=&#8221;0&#8243;][\/et_pb_fullwidth_header][\/et_pb_section][et_pb_section fb_built=&#8221;1&#8243; _builder_version=&#8221;4.23.1&#8243; _module_preset=&#8221;default&#8221; background_image=&#8221;https:\/\/simexmin.org.br\/2024ing\/wp-content\/uploads\/2023\/11\/bg-curvas-bege.jpg&#8221; parallax=&#8221;on&#8221; parallax_method=&#8221;off&#8221; background_blend=&#8221;multiply&#8221; global_colors_info=&#8221;{}&#8221;][et_pb_row _builder_version=&#8221;4.23.1&#8243; _module_preset=&#8221;default&#8221; background_color=&#8221;RGBA(255,255,255,0)&#8221; custom_padding=&#8221;||0px|||&#8221; border_color_all=&#8221;#002A54&#8243; global_colors_info=&#8221;{}&#8221;][et_pb_column type=&#8221;4_4&#8243; _builder_version=&#8221;4.16&#8243; _module_preset=&#8221;default&#8221; global_colors_info=&#8221;{}&#8221;][et_pb_text _builder_version=&#8221;4.24.2&#8243; _module_preset=&#8221;default&#8221; text_font=&#8221;|600|||||||&#8221; text_font_size=&#8221;17px&#8221; hover_enabled=&#8221;0&#8243; global_colors_info=&#8221;{}&#8221; sticky_enabled=&#8221;0&#8243;]\n<div class=\"su-table su-table-alternate\">\n<table>\n<tbody>\n<tr>\n<td style=\"text-align: center;width: 106px\"><span style=\"color: #ff9900\">CATEGORY<\/span><\/td>\n<td style=\"text-align: center;width: 91px\"><span style=\"color: #ff9900\">OPENING<\/span><\/td>\n<td style=\"text-align: center;width: 140px\"><span style=\"color: #ff9900\">CLOSING<\/span><\/td>\n<\/tr>\n<tr>\n<td style=\"text-align: center;width: 106px\">EXHIBITOR \u2013 X SIMEXMIN edition<\/td>\n<td style=\"text-align: center;width: 91px\">\n<p>Nov 22th 2023<\/p>\n<\/td>\n<td style=\"text-align: center;width: 140px\">\n<p>Dec 31st 2023<\/p>\n<\/td>\n<\/tr>\n<tr>\n<td style=\"text-align: center;width: 106px\">\n<p>EXHIBITOR \u2013 X SIMEXMIN edition<\/p>\n<p>(BOOTH CHANGE)<\/td>\n<td style=\"text-align: center;width: 91px\">\n<p>Jan 1st 2024<\/p>\n<\/td>\n<td style=\"text-align: center;width: 140px\">\n<p>Jan 15th 2024<\/p>\n<\/td>\n<\/tr>\n<tr>\n<td style=\"text-align: center;width: 106px\">\n<p>Company \u00a0affiliated to ADIMB<\/p>\n<\/td>\n<td style=\"text-align: center;width: 91px\">\n<p>Jan 16th 2024<\/p>\n<\/td>\n<td style=\"text-align: center;width: 140px\">\n<p>Feb 15th 2024<\/p>\n<\/td>\n<\/tr>\n<tr>\n<td style=\"text-align: center;width: 106px\">\n<p>Company not affiliated to ADIMB and others<\/p>\n<\/td>\n<td style=\"text-align: center;width: 91px\">\n<p>Feb 16th 2024<\/p>\n<\/td>\n<td style=\"text-align: center;width: 140px\">\n<p>May 10th 2024<\/p>\n<\/td>\n<\/tr>\n<\/tbody>\n<\/table>\n<p><span><\/div><\/span><\/p>\n[\/et_pb_text][\/et_pb_column][\/et_pb_row][et_pb_row _builder_version=&#8221;4.23.1&#8243; _module_preset=&#8221;default&#8221; custom_padding=&#8221;9px|||||&#8221; global_colors_info=&#8221;{}&#8221;][et_pb_column type=&#8221;4_4&#8243; _builder_version=&#8221;4.23.1&#8243; _module_preset=&#8221;default&#8221; global_colors_info=&#8221;{}&#8221;][et_pb_text _builder_version=&#8221;4.24.2&#8243; _module_preset=&#8221;default&#8221; text_font=&#8221;|600|||||||&#8221; hover_enabled=&#8221;0&#8243; global_colors_info=&#8221;{}&#8221; sticky_enabled=&#8221;0&#8243;]\n<ul>\n<li>X ExpoSimexmin exhibitors have priority whenbooking the same booth(position and number);<\/li>\n<li>Exhibitors requesting abooth change must respond via email and wait until Jan 1st 2024 to access the list of available booths;<\/li>\n<li>Booths are offered according to the date and time of the booking request email to: <a href=\"mailto:comercialsimexmin@adimb.org.br\" target=\"_blank\" rel=\"noopener\">comercialsimexmin@adimb.org.br<\/a><\/li>\n<\/ul>\n[\/et_pb_text][\/et_pb_column][\/et_pb_row][\/et_pb_section]\n","protected":false},"excerpt":{"rendered":"<p><div class=\"su-table su-table-alternate\"> CATEGORY OPENING CLOSING EXHIBITOR \u2013 X SIMEXMIN edition Nov 22th 2023 Dec 31st 2023 EXHIBITOR \u2013 X SIMEXMIN edition (BOOTH CHANGE) Jan 1st 2024 Jan 15th 2024 Company \u00a0affiliated to ADIMB Jan 16th 2024 Feb 15th 2024 Company not affiliated to ADIMB and others Feb 16th 2024 May 10th 2024 <\/div> X ExpoSimexmin [&hellip;]<\/p>\n","protected":false},"author":1,"featured_media":0,"parent":0,"menu_order":0,"comment_status":"closed","ping_status":"closed","template":"","meta":{"_et_pb_use_builder":"on","_et_pb_old_content":"","_et_gb_content_width":"","footnotes":""},"class_list":["post-18","page","type-page","status-publish","hentry"],"_links":{"self":[{"href":"https:\/\/simexmin.org.br\/2024ing\/wp-json\/wp\/v2\/pages\/18","targetHints":{"allow":["GET"]}}],"collection":[{"href":"https:\/\/simexmin.org.br\/2024ing\/wp-json\/wp\/v2\/pages"}],"about":[{"href":"https:\/\/simexmin.org.br\/2024ing\/wp-json\/wp\/v2\/types\/page"}],"author":[{"embeddable":true,"href":"https:\/\/simexmin.org.br\/2024ing\/wp-json\/wp\/v2\/users\/1"}],"replies":[{"embeddable":true,"href":"https:\/\/simexmin.org.br\/2024ing\/wp-json\/wp\/v2\/comments?post=18"}],"version-history":[{"count":9,"href":"https:\/\/simexmin.org.br\/2024ing\/wp-json\/wp\/v2\/pages\/18\/revisions"}],"predecessor-version":[{"id":497,"href":"https:\/\/simexmin.org.br\/2024ing\/wp-json\/wp\/v2\/pages\/18\/revisions\/497"}],"wp:attachment":[{"href":"https:\/\/simexmin.org.br\/2024ing\/wp-json\/wp\/v2\/media?parent=18"}],"curies":[{"name":"wp","href":"https:\/\/api.w.org\/{rel}","templated":true}]}}