{"id":24,"date":"2023-11-20T11:48:41","date_gmt":"2023-11-20T11:48:41","guid":{"rendered":"https:\/\/simexmin.org.br\/2024ing\/?page_id=24"},"modified":"2024-06-12T14:43:39","modified_gmt":"2024-06-12T14:43:39","slug":"minicursos","status":"publish","type":"page","link":"https:\/\/simexmin.org.br\/2024ing\/minicursos\/","title":{"rendered":"MINICURSOS"},"content":{"rendered":"[et_pb_section fb_built=&#8221;1&#8243; fullwidth=&#8221;on&#8221; _builder_version=&#8221;4.23.1&#8243; _module_preset=&#8221;default&#8221; bottom_divider_style=&#8221;arrow2&#8243; bottom_divider_color=&#8221;#fbfae8&#8243; bottom_divider_height=&#8221;50px&#8221; global_colors_info=&#8221;{}&#8221;][et_pb_fullwidth_header title=&#8221;SHORT COURSES&#8221; admin_label=&#8221;Cabe\u00e7alho de Largura Completa&#8221; _builder_version=&#8221;4.24.2&#8243; _module_preset=&#8221;default&#8221; title_font=&#8221;|800|||||||&#8221; title_text_align=&#8221;center&#8221; title_font_size=&#8221;48px&#8221; background_color=&#8221;#DB6C00&#8243; background_image=&#8221;https:\/\/simexmin.org.br\/2024ing\/wp-content\/uploads\/2023\/11\/topo-pag-internas.jpg&#8221; custom_padding=&#8221;46px||40px|||&#8221; title_font_size_tablet=&#8221;48px&#8221; title_font_size_phone=&#8221;33px&#8221; title_font_size_last_edited=&#8221;on|phone&#8221; title_text_shadow_style=&#8221;preset2&#8243; global_colors_info=&#8221;{}&#8221;][\/et_pb_fullwidth_header][\/et_pb_section][et_pb_section fb_built=&#8221;1&#8243; disabled_on=&#8221;off|off|off&#8221; _builder_version=&#8221;4.23.1&#8243; _module_preset=&#8221;default&#8221; background_image=&#8221;https:\/\/simexmin.org.br\/2024ing\/wp-content\/uploads\/2023\/11\/bg-curvas-bege.jpg&#8221; parallax=&#8221;on&#8221; parallax_method=&#8221;off&#8221; background_blend=&#8221;multiply&#8221; global_colors_info=&#8221;{}&#8221;][et_pb_row disabled_on=&#8221;off|off|off&#8221; _builder_version=&#8221;4.23.1&#8243; _module_preset=&#8221;default&#8221; global_colors_info=&#8221;{}&#8221;][et_pb_column type=&#8221;4_4&#8243; _builder_version=&#8221;4.16&#8243; _module_preset=&#8221;default&#8221; global_colors_info=&#8221;{}&#8221;][et_pb_text ol_position=&#8221;outside&#8221; ol_item_indent=&#8221;24px&#8221; module_class=&#8221;custom-list&#8221; _builder_version=&#8221;4.24.2&#8243; _module_preset=&#8221;default&#8221; text_font_size=&#8221;24px&#8221; text_line_height=&#8221;1.5em&#8221; link_font=&#8221;||||on||||&#8221; ol_line_height=&#8221;1.4em&#8221; global_colors_info=&#8221;{}&#8221;]\n<ol>\n<li><strong>Direito Miner\u00e1rio na pr\u00e1tica<\/strong><br \/>Roberta Azevedo (RCA Mineral Consulting and Advisor)<br \/><a href=\"https:\/\/simexmin.org.br\/2024\/wp-content\/uploads\/2024\/02\/Direito-Minerario-na-Pratica.pdf\" target=\"_blank\" rel=\"noopener\"><em><em>\u00bb Access the course ementa here <\/em><\/em><em>\u00ab<\/em><\/a><\/li>\n<li><strong>Petrof\u00edsica aplicada \u00e0 explora\u00e7\u00e3o mineral<\/strong><br \/><em>Adalene Moreira Silva (IG &#8211; UnB)<br \/><\/em><a href=\"https:\/\/simexmin.org.br\/2024\/wp-content\/uploads\/2024\/02\/PETROFISICA-APLICADA-A-EXPLORACAO-MINERAL.pdf\" target=\"_blank\" rel=\"noopener\"><em><em>\u00bb Access the course ementa here <\/em><\/em><em>\u00ab<\/em><\/a><em><a href=\"https:\/\/simexmin.org.br\/2024ing\/wp-content\/uploads\/2024\/02\/PETROFISICA-APLICADA-A-EXPLORACAO-MINERAL.pdf\" target=\"_blank\" rel=\"noopener\"><\/a><br \/><\/em><\/li>\n<li><em><strong>Hyperspectral mineralogy applications in mineral exploration, geometallurgy and grade control<\/strong><br \/>Cristal Palafox (Senior Spectral Geologist &#8211; Corescan)<br \/>Lionel Fonteneau (Global Principal Spectral Geologist \u2013 Corescan)<br \/><\/em><a href=\"https:\/\/simexmin.org.br\/2024\/wp-content\/uploads\/2024\/03\/Hyperspectral-mineralogy-applications-in-mineral.pdf\" target=\"_blank\" rel=\"noopener\"><em><em>\u00bb Access the course ementa here <\/em><\/em><em>\u00ab<\/em><\/a><\/li>\n<li><strong>Explora\u00e7\u00e3o Geof\u00edsica para Mapeamento de Sistemas Minerais<\/strong><em><br \/>Allan Fruchting (Revo Geoscience)<br \/><a href=\"https:\/\/simexmin.org.br\/2024ing\/wp-content\/uploads\/2024\/03\/Exploracao-Geofisica-para-Mapeamento-de-Sistemas.pdf\" target=\"_blank\" rel=\"noopener\"><\/a><\/em><a href=\"https:\/\/simexmin.org.br\/2024\/wp-content\/uploads\/2024\/03\/Exploracao-Geofisica-para-Mapeamento-de-Sistemas.pdf\" target=\"_blank\" rel=\"noopener\"><em><em>\u00bb Access the course ementa here <\/em><\/em><em>\u00ab<\/em><\/a><\/li>\n<\/ol>\n[\/et_pb_text][et_pb_text _builder_version=&#8221;4.24.2&#8243; _module_preset=&#8221;default&#8221; hover_enabled=&#8221;0&#8243; global_colors_info=&#8221;{}&#8221; disabled_on=&#8221;on|on|on&#8221; disabled=&#8221;on&#8221; sticky_enabled=&#8221;0&#8243;]\n<p>Important:<\/p>\n<ul>\n<li>All short courses will be given in Portuguese (except the course \u201cHyperspectral mineralogy applications in mineral\u2026\u201d). There will be no simultaneous translation for any course.<\/li>\n<li>The XI SIMEXMIN mini-courses will take place on May 23rd 2024.<\/li>\n<\/ul>\n[\/et_pb_text][\/et_pb_column][\/et_pb_row][et_pb_row disabled_on=&#8221;on|on|on&#8221; _builder_version=&#8221;4.24.2&#8243; _module_preset=&#8221;default&#8221; hover_enabled=&#8221;0&#8243; global_colors_info=&#8221;{}&#8221; disabled=&#8221;on&#8221; sticky_enabled=&#8221;0&#8243;][et_pb_column type=&#8221;4_4&#8243; _builder_version=&#8221;4.16&#8243; _module_preset=&#8221;default&#8221; global_colors_info=&#8221;{}&#8221;][et_pb_text _builder_version=&#8221;4.24.2&#8243; _module_preset=&#8221;default&#8221; header_3_text_color=&#8221;#002A54&#8243; custom_margin=&#8221;||-8px|||&#8221; global_colors_info=&#8221;{}&#8221;]\n<h3>8 hour courses:<\/h3>\n[\/et_pb_text][et_pb_text _builder_version=&#8221;4.24.2&#8243; _module_preset=&#8221;default&#8221; global_colors_info=&#8221;{}&#8221;]\n<div class=\"su-table su-table-responsive su-table-alternate\">\n<table>\n<tbody>\n<tr>\n<td><strong>CATEGORY<\/strong><\/td>\n<td style=\"text-align: center\"><b>FROM May <\/b><b>1st\u00a0 <\/b><b>to<\/b><b> 22nd 2024<\/b><\/td>\n<\/tr>\n<tr>\n<td>Professional of company affiliated to ADIMB &#8211; PLENO<\/td>\n<td style=\"text-align: center\">R$ 875,00<\/td>\n<\/tr>\n<tr>\n<td>Professional of company affiliated to ADIMB &#8211; PATRONO<\/td>\n<td style=\"text-align: center\">R$ 770,00<\/td>\n<\/tr>\n<tr>\n<td>Professional of company not affiliated to ADIMB<\/td>\n<td style=\"text-align: center\">R$ 1.030,00<\/td>\n<\/tr>\n<tr>\n<td>Senior professional (+ 60), university\/college teachers or self-employed professional<\/td>\n<td style=\"text-align: center\">R$ 770,00<\/td>\n<\/tr>\n<tr>\n<td>Undergraduate or postgraduate students (not affliliated to ADIMB or other companies)<\/td>\n<td style=\"text-align: center\">R$ 430,00<\/td>\n<\/tr>\n<\/tbody>\n<\/table>\n<\/div>\n[\/et_pb_text][\/et_pb_column][\/et_pb_row][et_pb_row _builder_version=&#8221;4.24.2&#8243; _module_preset=&#8221;default&#8221; hover_enabled=&#8221;0&#8243; global_colors_info=&#8221;{}&#8221; disabled_on=&#8221;on|on|on&#8221; disabled=&#8221;on&#8221; sticky_enabled=&#8221;0&#8243;][et_pb_column type=&#8221;4_4&#8243; _builder_version=&#8221;4.16&#8243; _module_preset=&#8221;default&#8221; global_colors_info=&#8221;{}&#8221;][et_pb_text _builder_version=&#8221;4.24.2&#8243; _module_preset=&#8221;default&#8221; header_3_text_color=&#8221;#002A54&#8243; custom_margin=&#8221;||-8px|||&#8221; global_colors_info=&#8221;{}&#8221;]\n<h3>4 hour courses:<\/h3>\n[\/et_pb_text][et_pb_text _builder_version=&#8221;4.24.2&#8243; _module_preset=&#8221;default&#8221; global_colors_info=&#8221;{}&#8221;]\n<div class=\"su-table su-table-responsive su-table-alternate\">\n<table>\n<tbody>\n<tr>\n<td><strong>CATEGORY<\/strong><\/td>\n<td style=\"text-align: center\"><b>FROM May <\/b><b>1st\u00a0 <\/b><b>to<\/b><b> 22nd 2024<\/b><\/td>\n<\/tr>\n<tr>\n<td>Professional of company affiliated to ADIMB &#8211; PLENO<\/td>\n<td style=\"text-align: center\">R$ 435,00<\/td>\n<\/tr>\n<tr>\n<td>Professional of company affiliated to ADIMB &#8211; PATRONO<\/td>\n<td style=\"text-align: center\">R$ 385,00<\/td>\n<\/tr>\n<tr>\n<td>Professional of company not affiliated to ADIMB<\/td>\n<td style=\"text-align: center\">R$ 515,00<\/td>\n<\/tr>\n<tr>\n<td>Senior professional (+ 60), university\/college teachers or self-employed professional<\/td>\n<td style=\"text-align: center\">R$ 385,00<\/td>\n<\/tr>\n<tr>\n<td>Undergraduate or postgraduate students (not affliliated to ADIMB or other companies)<\/td>\n<td style=\"text-align: center\">R$ 270,00<\/td>\n<\/tr>\n<\/tbody>\n<\/table>\n<\/div>\n[\/et_pb_text][et_pb_text _builder_version=&#8221;4.24.2&#8243; _module_preset=&#8221;default&#8221; text_font=&#8221;||||||||&#8221; text_text_color=&#8221;#FFFFFF&#8221; text_font_size=&#8221;21px&#8221; link_text_color=&#8221;#EDF000&#8243; background_color=&#8221;#E02B20&#8243; text_orientation=&#8221;center&#8221; custom_margin=&#8221;||||false&#8221; custom_padding=&#8221;20px|20px|20px|20px|true|true&#8221; global_colors_info=&#8221;{}&#8221;]\n<p><i>If you require direct invoicing by ADIMB, before registering, please request the procedure via email: <a href=\"mailto:financeiro@adimb.org.br\">financeiro@adimb.org.br<\/a>. Please provide all the necessary information to be contained on the receipt, in addition to the number of registrations.<\/i><\/p>\n[\/et_pb_text][et_pb_button button_url=&#8221;https:\/\/simexmin2024.evento.med.br\/inscricao\/&#8221; url_new_window=&#8221;on&#8221; button_text=&#8221;CLICK HERE TO REGISTER FOR THE SHORT COURSES&#8221; button_alignment=&#8221;center&#8221; disabled_on=&#8221;off|off|off&#8221; _builder_version=&#8221;4.24.2&#8243; _module_preset=&#8221;default&#8221; custom_button=&#8221;on&#8221; button_text_color=&#8221;#FFFFFF&#8221; button_bg_color=&#8221;#3F5E80&#8243; button_border_color=&#8221;#3F5E80&#8243; button_border_radius=&#8221;59px&#8221; global_colors_info=&#8221;{}&#8221;][\/et_pb_button][\/et_pb_column][\/et_pb_row][\/et_pb_section]\n","protected":false},"excerpt":{"rendered":"<p>Direito Miner\u00e1rio na pr\u00e1ticaRoberta Azevedo (RCA Mineral Consulting and Advisor)\u00bb Access the course ementa here \u00ab Petrof\u00edsica aplicada \u00e0 explora\u00e7\u00e3o mineralAdalene Moreira Silva (IG &#8211; UnB)\u00bb Access the course ementa here \u00ab Hyperspectral mineralogy applications in mineral exploration, geometallurgy and grade controlCristal Palafox (Senior Spectral Geologist &#8211; Corescan)Lionel Fonteneau (Global Principal Spectral Geologist \u2013 Corescan)\u00bb [&hellip;]<\/p>\n","protected":false},"author":1,"featured_media":0,"parent":0,"menu_order":0,"comment_status":"closed","ping_status":"closed","template":"","meta":{"_et_pb_use_builder":"on","_et_pb_old_content":"","_et_gb_content_width":"","footnotes":""},"class_list":["post-24","page","type-page","status-publish","hentry"],"_links":{"self":[{"href":"https:\/\/simexmin.org.br\/2024ing\/wp-json\/wp\/v2\/pages\/24","targetHints":{"allow":["GET"]}}],"collection":[{"href":"https:\/\/simexmin.org.br\/2024ing\/wp-json\/wp\/v2\/pages"}],"about":[{"href":"https:\/\/simexmin.org.br\/2024ing\/wp-json\/wp\/v2\/types\/page"}],"author":[{"embeddable":true,"href":"https:\/\/simexmin.org.br\/2024ing\/wp-json\/wp\/v2\/users\/1"}],"replies":[{"embeddable":true,"href":"https:\/\/simexmin.org.br\/2024ing\/wp-json\/wp\/v2\/comments?post=24"}],"version-history":[{"count":31,"href":"https:\/\/simexmin.org.br\/2024ing\/wp-json\/wp\/v2\/pages\/24\/revisions"}],"predecessor-version":[{"id":816,"href":"https:\/\/simexmin.org.br\/2024ing\/wp-json\/wp\/v2\/pages\/24\/revisions\/816"}],"wp:attachment":[{"href":"https:\/\/simexmin.org.br\/2024ing\/wp-json\/wp\/v2\/media?parent=24"}],"curies":[{"name":"wp","href":"https:\/\/api.w.org\/{rel}","templated":true}]}}