{"id":579,"date":"2024-03-27T15:18:10","date_gmt":"2024-03-27T15:18:10","guid":{"rendered":"https:\/\/simexmin.org.br\/2024ing\/?page_id=579"},"modified":"2024-06-24T16:58:33","modified_gmt":"2024-06-24T16:58:33","slug":"programa-dia22","status":"publish","type":"page","link":"https:\/\/simexmin.org.br\/2024ing\/programa-dia22\/","title":{"rendered":"PROGRAMA-DIA22"},"content":{"rendered":"[et_pb_section fb_built=&#8221;1&#8243; fullwidth=&#8221;on&#8221; _builder_version=&#8221;4.23.1&#8243; _module_preset=&#8221;default&#8221; bottom_divider_style=&#8221;arrow2&#8243; bottom_divider_color=&#8221;#fbfae8&#8243; bottom_divider_height=&#8221;50px&#8221; global_colors_info=&#8221;{}&#8221;][et_pb_fullwidth_header title=&#8221;OFFICIAL PROGRAM&#8221; _builder_version=&#8221;4.24.2&#8243; _module_preset=&#8221;default&#8221; title_font=&#8221;|800|||||||&#8221; title_text_align=&#8221;center&#8221; title_font_size=&#8221;48px&#8221; background_color=&#8221;#DB6C00&#8243; background_image=&#8221;https:\/\/simexmin.org.br\/2024ing\/wp-content\/uploads\/2023\/11\/topo-pag-internas.jpg&#8221; custom_padding=&#8221;46px||40px|||&#8221; title_font_size_tablet=&#8221;48px&#8221; title_font_size_phone=&#8221;33px&#8221; title_font_size_last_edited=&#8221;on|phone&#8221; title_text_shadow_style=&#8221;preset2&#8243; global_colors_info=&#8221;{}&#8221;][\/et_pb_fullwidth_header][\/et_pb_section][et_pb_section fb_built=&#8221;1&#8243; _builder_version=&#8221;4.23.1&#8243; _module_preset=&#8221;default&#8221; background_image=&#8221;https:\/\/simexmin.org.br\/2024ing\/wp-content\/uploads\/2023\/11\/bg-curvas-bege.jpg&#8221; parallax=&#8221;on&#8221; parallax_method=&#8221;off&#8221; background_blend=&#8221;multiply&#8221; global_colors_info=&#8221;{}&#8221;][et_pb_row _builder_version=&#8221;4.16&#8243; _module_preset=&#8221;default&#8221; global_colors_info=&#8221;{}&#8221;][et_pb_column type=&#8221;4_4&#8243; _builder_version=&#8221;4.16&#8243; _module_preset=&#8221;default&#8221; global_colors_info=&#8221;{}&#8221;][et_pb_text admin_label=&#8221;Quarta-feira &#8211; 22 de maio &#8211; manh\u00e3&#8221; _builder_version=&#8221;4.24.2&#8243; _module_preset=&#8221;default&#8221; text_text_color=&#8221;#000000&#8243; text_font_size=&#8221;24px&#8221; header_font=&#8221;|700|||||||&#8221; header_text_color=&#8221;#FFFFFF&#8221; background_color=&#8221;#0D7366&#8243; custom_margin=&#8221;||||true|false&#8221; custom_padding=&#8221;15px|15px|5px|15px|false|true&#8221; global_colors_info=&#8221;{}&#8221;]\n<h1 style=\"text-align: center;\">Wednesday \u2013 May 22nd &#8211; morning<\/h1>\n[\/et_pb_text][et_pb_text admin_label=&#8221;9. DIVULGA\u00c7\u00c3O DE RECURSOS, RESERVAS E RESULTADOS EM PROJETOS DE PESQUISA MINERAL&#8221; _builder_version=&#8221;4.24.2&#8243; _module_preset=&#8221;default&#8221; custom_padding=&#8221;||0px|||&#8221; global_colors_info=&#8221;{}&#8221;]\n<h3><strong>9. PANEL: REPORTING RESOURCES, RESERVES AND RESULTS IN MINERAL RESEARCH PROJECTS<\/strong><\/h3>\n<p>Moderator: <strong>Glaucia Cuchierato<\/strong> (Executive Director\/GeoAnsata)<\/p>\n[\/et_pb_text][et_pb_text admin_label=&#8221;Palestra&#8221; _builder_version=&#8221;4.24.2&#8243; _module_preset=&#8221;default&#8221; link_font=&#8221;||||on||||&#8221; link_text_color=&#8221;#002A54&#8243; global_colors_info=&#8221;{}&#8221;]\n<p>&nbsp;<\/p>\n<table border=\"1\" cellspacing=\"0\" cellpadding=\"0\">\n<tbody>\n<tr>\n<td bgcolor=\"#FFCC99\" width=\"180\">\n<p align=\"center\"><strong>09:00 \u2013 09:30<br \/>Keynote Speaker<br \/><\/strong><\/p>\n<\/td>\n<td bgcolor=\"#FFCC99\"><strong style=\"font-size: 19px;\"><a href=\"https:\/\/simexmin.org.br\/2024ing\/wp-content\/uploads\/2024\/06\/22-09h00-The-assurance-around-reporting-Mark-Noppe.pdf\" target=\"_blank\" rel=\"noopener\">The assurance around reporting and progressing from exploration to development of projects<\/a><br \/><\/strong><span style=\"font-size: 19px;\">Mark Nopp\u00e9<br \/><\/span>WH Bryan Mining Geology Research Centre\/Director<br \/>The university of Queensland (Australia)<\/td>\n<\/tr>\n<\/tbody>\n<\/table>\n[\/et_pb_text][et_pb_text _builder_version=&#8221;4.24.2&#8243; _module_preset=&#8221;default&#8221; link_font=&#8221;||||on||||&#8221; link_text_color=&#8221;#DB6C00&#8243; global_colors_info=&#8221;{}&#8221;]\n<table border=\"1\" cellspacing=\"0\" cellpadding=\"0\">\n<tbody>\n<tr>\n<td rowspan=\"3\" bgcolor=\"#FFFFFF\" width=\"180\">\n<p align=\"center\">09:30 \u2013 10:30<\/p>\n<\/td>\n<td bgcolor=\"#FFFFFF\"><strong><a href=\"https:\/\/simexmin.org.br\/2024ing\/wp-content\/uploads\/2024\/06\/9h30-Kinross-SIMEXMIN-2024_MESARR.pdf\" target=\"_blank\" rel=\"noopener\">Kinross Brasil Minera\u00e7\u00e3o<\/a><br \/><\/strong>Lilian Grabellos de Barros de Moura<br \/>Director<\/td>\n<\/tr>\n<tr>\n<td bgcolor=\"#FFFFCC\"><strong>GeoEstima Brazil<br \/><\/strong>Talita Ferreira<br \/>Principal Consultant<\/td>\n<\/tr>\n<tr>\n<td valign=\"top\" bgcolor=\"#FFFFFF\"><strong>Harpia Gold<br \/><\/strong>Brunna J\u00e9ssica Pajanoti<br \/>Senior Geologist<\/td>\n<\/tr>\n<\/tbody>\n<\/table>\n[\/et_pb_text][et_pb_text admin_label=&#8221;COFFEE BREAK \u2013 10:30 \u2013 10:45&#8243; _builder_version=&#8221;4.24.2&#8243; _module_preset=&#8221;default&#8221; background_color=&#8221;#d3f2b3&#8243; text_orientation=&#8221;center&#8221; custom_padding=&#8221;10px||10px||true|false&#8221; global_colors_info=&#8221;{}&#8221;]\n<p><strong>COFFEE BREAK \u2013 10:30 \u2013 10:45<\/strong><\/p>\n[\/et_pb_text][et_pb_text admin_label=&#8221;10. O FINANCIAMENTO DA PESQUISA E DO DESENVOLVIMENTO MINERAL DO PA\u00cdS&#8221; _builder_version=&#8221;4.24.2&#8243; _module_preset=&#8221;default&#8221; global_colors_info=&#8221;{}&#8221;]\n<h3><strong>10. PANEL: FINANTIAL SYSTEMS FOR THE DEVELOPMENT OF MINERAL PROJECTS IN BRAZIL<\/strong><\/h3>\n<p>Moderator: <strong>Luis Mauricio Azevedo<\/strong> (President &#8211; Brazilian Association of Mineral Exploration and Mining Companies\/ABPM)<\/p>\n[\/et_pb_text][et_pb_text _builder_version=&#8221;4.24.2&#8243; _module_preset=&#8221;default&#8221; global_colors_info=&#8221;{}&#8221;]\n<table border=\"1\" cellspacing=\"0\" cellpadding=\"0\">\n<tbody>\n<tr>\n<td style=\"width: 180px;\" rowspan=\"3\" bgcolor=\"#FFFFFF\">\n<p align=\"center\">09:30 \u2013 10:30<\/p>\n<\/td>\n<td style=\"width:;\" bgcolor=\"#FFFFFF\">Ricardo Fonseca<br \/>\nDirector\/Genial Investimentos<\/td>\n<\/tr>\n<tr>\n<td style=\"width:;\" bgcolor=\"#FFFFCC\"><strong>BNDES<br \/>\n<\/strong>Pedro Paulo Mesquita<br \/>\nMining and Mineral Transformation Market Intelligence Manager\/National Development Bank (BNDES)<\/td>\n<\/tr>\n<tr>\n<td style=\"width:;\" valign=\"top\" bgcolor=\"#FFFFFF\"><strong>B3<br \/>\n<\/strong>Leonardo Resende<br \/>\nSuperintendent of Relationship with Companies and Suppliers<\/td>\n<\/tr>\n<\/tbody>\n<\/table>\n[\/et_pb_text][et_pb_text admin_label=&#8221;11. O CONHECIMENTO GEOL\u00d3GICO DAS PROV\u00cdNCIAS MINERAIS BRASILEIRAS: ESPA\u00c7OS PROSPECTIVOS PARA NOVOS SISTEMAS MINERAIS&#8221; _builder_version=&#8221;4.24.2&#8243; _module_preset=&#8221;default&#8221; custom_margin=&#8221;||||false|false&#8221; custom_padding=&#8221;||3px|||&#8221; global_colors_info=&#8221;{}&#8221;]\n<h3><strong>11. NEW PROSPECTIVE SEARCH SPACES FOR MINERAL SYSTEMS IN THE BRAZILIAN MINERAL PROVINCES<\/strong><\/h3>\n<p>Moderator: <strong>L\u00facia Travassos da Rosa Costa<\/strong>\u00a0(DRGI Advisor\/Brazilian Geological Survey &#8211; SGB)<\/p>\n[\/et_pb_text][et_pb_text _builder_version=&#8221;4.24.2&#8243; _module_preset=&#8221;default&#8221; text_font=&#8221;||||||||&#8221; link_font=&#8221;||||on||||&#8221; link_text_color=&#8221;#DB6C00&#8243; global_colors_info=&#8221;{}&#8221;]\n<table border=\"1\" cellspacing=\"0\" cellpadding=\"0\">\n<tbody>\n<tr>\n<td valign=\"top\" bgcolor=\"#FFFFFF\" width=\"180\">\n<p align=\"center\">11:45 \u2013 12:00<\/p>\n<\/td>\n<td valign=\"top\" bgcolor=\"#FFFFFF\"><strong>Geodynamics of Caraj\u00e1s Mineral Province<br \/><\/strong><span style=\"font-size: 19px;\">Noevaldo A. Teixeira<br \/>Head of the Geosciences Applied Center (CGA) \u2013 Brazilian Geological Survey\/SGB<\/span><\/td>\n<\/tr>\n<tr>\n<td valign=\"top\" bgcolor=\"#eeeeee\" width=\"180\">\n<p align=\"center\">12:00 \u2013 12:05<\/p>\n<\/td>\n<td valign=\"top\" bgcolor=\"#eeeeee\">Q&amp;A<\/td>\n<\/tr>\n<tr>\n<td valign=\"top\" bgcolor=\"#FFFFFF\" width=\"180\">\n<p align=\"center\">12:05 \u2013 12:20<\/p>\n<\/td>\n<td valign=\"top\" bgcolor=\"#FFFFFF\"><strong><a href=\"https:\/\/simexmin.org.br\/2024ing\/wp-content\/uploads\/2024\/06\/12h05-Eduardo-Oliveira-EroCopper.pdf\" target=\"_blank\" rel=\"noopener\">The northern portion of the Itabuna-Salvador-Cura\u00e7\u00e1 orogen (ISAC) and the Ni-Cu-Au magmatic deposits, S\u00e3o Francisco Craton<\/a><br \/><\/strong><span style=\"font-size: 19px;\">Eduardo Oliveira<br \/><\/span><span style=\"font-size: 19px;\">Geology Manager Brasil\/Ero Copper Corp.<\/span><\/td>\n<\/tr>\n<tr>\n<td valign=\"top\" bgcolor=\"#eeeeee\" width=\"180\">\n<p align=\"center\">12:20 \u2013 12:25<\/p>\n<\/td>\n<td valign=\"top\" bgcolor=\"#eeeeee\">Q&amp;A<\/td>\n<\/tr>\n<\/tbody>\n<\/table>\n[\/et_pb_text][et_pb_text admin_label=&#8221;Palestra&#8221; _builder_version=&#8221;4.24.2&#8243; _module_preset=&#8221;default&#8221; hover_enabled=&#8221;0&#8243; global_colors_info=&#8221;{}&#8221; link_font=&#8221;||||on||||&#8221; link_text_color=&#8221;#002A54&#8243; sticky_enabled=&#8221;0&#8243;]\n<table border=\"1\" cellspacing=\"0\" cellpadding=\"0\">\n<tbody>\n<tr>\n<td bgcolor=\"#FFCC99\" width=\"180\">\n<p align=\"center\"><strong>12:25 \u2013 12:55<br \/>Keynote Speaker<br \/><\/strong><\/p>\n<\/td>\n<td bgcolor=\"#FFCC99\"><strong><a href=\"https:\/\/simexmin.org.br\/2024ing\/wp-content\/uploads\/2024\/06\/22-12h25-formation-of-iron-oxide-Adam-Simon.pdf\" target=\"_blank\" rel=\"noopener\">The Formation of Iron Oxide-Apatite (IOA) and Iron Oxide Copper-Gold (IOCG)<\/a><br \/><\/strong>Adam Simon<br \/>SEG Distinguished Lecturer<br \/>Earth and Environmental Sciences at the University of Michigan, USA<\/td>\n<\/tr>\n<\/tbody>\n<\/table>\n[\/et_pb_text][et_pb_text admin_label=&#8221;12:55 \u2013 14:30: ALMO\u00c7O&#8221; _builder_version=&#8221;4.24.2&#8243; _module_preset=&#8221;default&#8221; background_color=&#8221;#d3f2b3&#8243; text_orientation=&#8221;center&#8221; custom_padding=&#8221;10px||10px||true|false&#8221; global_colors_info=&#8221;{}&#8221;]\n<p><strong>LUNCH BREAK \u2013 12:55 \u2013 14:30<\/strong><\/p>\n[\/et_pb_text][et_pb_text admin_label=&#8221;Quarta-feira &#8211; 22 de maio de 2024 &#8211; TARDE&#8221; _builder_version=&#8221;4.24.2&#8243; _module_preset=&#8221;default&#8221; text_text_color=&#8221;#000000&#8243; text_font_size=&#8221;24px&#8221; header_font=&#8221;|700|||||||&#8221; header_text_color=&#8221;#FFFFFF&#8221; background_color=&#8221;#3F5E80&#8243; custom_margin=&#8221;||||true|false&#8221; custom_padding=&#8221;15px|15px|5px|15px|false|true&#8221; global_colors_info=&#8221;{}&#8221;]\n<h1 style=\"text-align: center;\">Wednesday \u2013 May 22nd, 2024 &#8211; afternoon<\/h1>\n[\/et_pb_text][et_pb_text admin_label=&#8221;11. O CONHECIMENTO GEOL\u00d3GICO DAS PROV\u00cdNCIAS MINERAIS BRASILEIRAS: ESPA\u00c7OS PROSPECTIVOS PARA NOVOS SISTEMAS MINERAIS&#8221; _builder_version=&#8221;4.24.2&#8243; _module_preset=&#8221;default&#8221; global_colors_info=&#8221;{}&#8221;]\n<h3><strong>11. NEW PROSPECTIVE SEARCH SPACES FOR MINERAL SYSTEMS IN THE BRAZILIAN MINERAL PROVINCES<\/strong><\/h3>\n<p>Moderator: <strong>L\u00facia Travassos da Rosa Costa<\/strong>\u00a0(DRGI Advisor\/Brazilian Geological Survey &#8211; SGB)<\/p>\n[\/et_pb_text][et_pb_text _builder_version=&#8221;4.24.2&#8243; _module_preset=&#8221;default&#8221; link_font=&#8221;||||on||||&#8221; link_text_color=&#8221;#DB6C00&#8243; global_colors_info=&#8221;{}&#8221;]\n<table border=\"1\" cellspacing=\"0\" cellpadding=\"0\">\n<tbody>\n<tr>\n<td valign=\"top\" bgcolor=\"#FFFFFF\" width=\"180\">\n<p align=\"center\">14:30 \u2013 14:45<\/p>\n<\/td>\n<td valign=\"top\" bgcolor=\"#FFFFFF\"><strong>Revisiting the metallogeny of the Tapaj\u00f3s Mineral Province<br \/><\/strong>Caetano Juliani<br \/>Professor at IG\/USP<\/td>\n<\/tr>\n<tr>\n<td valign=\"top\" bgcolor=\"#eeeeee\" width=\"180\">\n<p align=\"center\">14:45 \u2013 14:50<\/p>\n<\/td>\n<td valign=\"top\" bgcolor=\"#eeeeee\">Q&amp;A<\/td>\n<\/tr>\n<tr>\n<td valign=\"top\" bgcolor=\"#FFFFFF\" width=\"180\">\n<p align=\"center\">14:50 \u2013 15:05<\/p>\n<\/td>\n<td valign=\"top\" bgcolor=\"#FFFFFF\"><strong><a href=\"https:\/\/simexmin.org.br\/2024ing\/wp-content\/uploads\/2024\/06\/22-14h50-Revisiting-the-Cu-Au-Potential-Antonio-Jose-de-Almeida.pdf\" target=\"_blank\" rel=\"noopener\">Revisiting the Cu-Au Potential of the Caba\u00e7al Belt (Mato Grosso): New Opportunities for VMS Systems with Orogenic Gold Overprint<\/a><br \/><\/strong>Ant\u00f4nio Jos\u00e9 de Almeida<br \/>Senior Geologist\/Meridian Mining<\/td>\n<\/tr>\n<tr>\n<td valign=\"top\" bgcolor=\"#eeeeee\" width=\"180\">\n<p align=\"center\">15:05 \u2013 15:10<\/p>\n<\/td>\n<td valign=\"top\" bgcolor=\"#eeeeee\">Q&amp;A<\/td>\n<\/tr>\n<tr>\n<td valign=\"top\" bgcolor=\"#FFFFFF\" width=\"180\">\n<p align=\"center\">15:10 \u2013 15:25<\/p>\n<\/td>\n<td valign=\"top\" bgcolor=\"#FFFFFF\">\n<p><a href=\"https:\/\/simexmin.org.br\/2024ing\/wp-content\/uploads\/2024\/06\/15h10-SIMEXMIN-2024-Nick-Winer-FINAL.pdf\" target=\"_blank\" rel=\"noopener\"><strong>Serabi&#8217;s copper-gold district: regional exploration model and drill results, Tapaj\u00f3s Mineral Province (PA)<\/strong><\/a><\/p>\n<p>Nicholas Winer<br \/>Independent Consultant<\/p>\n<\/td>\n<\/tr>\n<tr>\n<td valign=\"top\" bgcolor=\"#eeeeee\" width=\"180\">\n<p align=\"center\">15:25 \u2013 15:30<\/p>\n<\/td>\n<td valign=\"top\" bgcolor=\"#eeeeee\">Q&amp;A<\/td>\n<\/tr>\n<\/tbody>\n<\/table>\n[\/et_pb_text][et_pb_text admin_label=&#8221;Palestra&#8221; _builder_version=&#8221;4.24.2&#8243; _module_preset=&#8221;default&#8221; link_font=&#8221;||||on||||&#8221; link_text_color=&#8221;#002A54&#8243; global_colors_info=&#8221;{}&#8221;]\n<table border=\"1\" cellspacing=\"0\" cellpadding=\"0\">\n<tbody>\n<tr>\n<td bgcolor=\"#FFCC99\" width=\"180\">\n<p align=\"center\"><strong>15:30 \u2013 16:00<br \/>Keynote Speaker<br \/><\/strong><\/p>\n<\/td>\n<td valign=\"top\" bgcolor=\"#FFCC99\"><strong style=\"font-family: inherit; font-size: inherit;\"><a href=\"https:\/\/simexmin.org.br\/2024ing\/wp-content\/uploads\/2024\/06\/22-15h30-Exploracao-Mineral-em-Terrenos-Lateriticos-no-Brasil-Claudio-Gerbeim-Porto.pdf\" target=\"_blank\" rel=\"noopener\">Mineral Exploration in Lateritic Terrains: case studies<\/a><br \/><\/strong>Claudio Gerheim Porto<br \/>Department of Geology and Geophysics\/UFRJ<\/td>\n<\/tr>\n<\/tbody>\n<\/table>\n[\/et_pb_text][et_pb_text admin_label=&#8221;COFFEE BREAK \u2013 16:00-16:15&#8243; _builder_version=&#8221;4.24.2&#8243; _module_preset=&#8221;default&#8221; background_color=&#8221;#d3f2b3&#8243; text_orientation=&#8221;center&#8221; custom_padding=&#8221;10px||10px||true|false&#8221; global_colors_info=&#8221;{}&#8221;]\n<p><strong>COFFEE BREAK \u2013 16:00 \u2013 16:15<\/strong><\/p>\n[\/et_pb_text][et_pb_text admin_label=&#8221;12. SISTEMAS MINERAIS, PROCESSOS MINERALIZANTES E FOOTPRINTS&#8221; _builder_version=&#8221;4.24.2&#8243; _module_preset=&#8221;default&#8221; global_colors_info=&#8221;{}&#8221;]\n<h3><strong>12. MINERAL SYSTEMS, ORE-FORMING PROCESSES AND FOOTPRINTS<\/strong><\/h3>\n<p>Moderator: <strong>Carolina Penteado NatividadeMoreto<\/strong> (Associate Professor at the Institute of Geosciences\/UNICAMP)<\/p>\n[\/et_pb_text][et_pb_text _builder_version=&#8221;4.24.2&#8243; _module_preset=&#8221;default&#8221; link_font=&#8221;||||on||||&#8221; link_text_color=&#8221;#DB6C00&#8243; global_colors_info=&#8221;{}&#8221;]\n<p>&nbsp;<\/p>\n<table border=\"1\" cellspacing=\"0\" cellpadding=\"0\">\n<tbody>\n<tr>\n<td valign=\"top\" bgcolor=\"#FFFFFF\" width=\"180\">\n<p align=\"center\">16:15 \u2013 16:30<\/p>\n<\/td>\n<td valign=\"top\" bgcolor=\"#FFFFFF\"><strong>Copper-Gold Systems of the Caraj\u00e1s Mineral Province (PA)<br \/><\/strong>Lena Virginia Soares Monteiro<br \/>Professor at IG\/USP<\/td>\n<\/tr>\n<tr bgcolor=\"#eeeeee\">\n<td valign=\"top\" width=\"180\">\n<p align=\"center\">16:30 \u2013 16:35<\/p>\n<\/td>\n<td valign=\"top\">Q&amp;A<\/td>\n<\/tr>\n<tr>\n<td valign=\"top\" bgcolor=\"#FFFFFF\" width=\"180\">\n<p align=\"center\">16:35 \u2013 16:50<\/p>\n<\/td>\n<td valign=\"top\" bgcolor=\"#FFFFFF\"><strong><a href=\"https:\/\/simexmin.org.br\/2024ing\/wp-content\/uploads\/2024\/06\/22-16h35-O-deposito-de-ouro-Tocantizinho-Antonio-Seabra.pdf\" target=\"_blank\" rel=\"noopener\">The Tocantinzinho gold deposit, Tapaj\u00f3s Mineral Province: geological characteristics and metallogenetic evolution<\/a><br \/><\/strong>Ant\u00f4nio Augusto Seabra Gomes J\u00fanios<br \/>Exploration Geology Coordinator\/G Mining Ventures<\/td>\n<\/tr>\n<tr bgcolor=\"#eeeeee\">\n<td valign=\"top\" width=\"180\">\n<p align=\"center\">16:50 \u2013 16:55<\/p>\n<\/td>\n<td valign=\"top\">Q&amp;A<\/td>\n<\/tr>\n<tr>\n<td valign=\"top\" bgcolor=\"#FFFFFF\" width=\"180\">\n<p align=\"center\">16:55 \u2013 17:10<\/p>\n<\/td>\n<td valign=\"top\" bgcolor=\"#FFFFFF\"><strong><a href=\"https:\/\/simexmin.org.br\/2024ing\/wp-content\/uploads\/2024\/06\/16h55-Hugo-Paiva-SIMEXMIN-2024.pdf\" target=\"_blank\" rel=\"noopener\">Ore-forming Systems of the Volta Grande Gold Deposit (World Class), Bacaj\u00e1 Domain, Amazon Craton<\/a><br \/><\/strong>Hugo Paiva Tavares de Souza<br \/>ANM\/Par\u00e1<strong><br \/><\/strong><\/td>\n<\/tr>\n<tr bgcolor=\"#eeeeee\">\n<td valign=\"top\" width=\"180\">\n<p align=\"center\">17:10 \u2013 17:15<\/p>\n<\/td>\n<td valign=\"top\">Q&amp;A<\/td>\n<\/tr>\n<tr>\n<td valign=\"top\" bgcolor=\"#FFFFFF\" width=\"180\">\n<p align=\"center\">17:15 \u2013 17:30<\/p>\n<\/td>\n<td bgcolor=\"#FFFFFF\"><strong><a href=\"https:\/\/simexmin.org.br\/2024ing\/wp-content\/uploads\/2024\/06\/22-17h15-Depositos-de-ouro-em-greenstonebeltsno-Vitor_Silveira.pdf\" target=\"_blank\" rel=\"noopener\">Gold deposits in greenstone belts in the Iron Quadrangle: new discoveries and advances in the evolution of mineralizing events<\/a><br \/><\/strong>Vitor Diniz Silveira<br \/>Exploration Geology Coordinator\/Jaguar Mining<\/td>\n<\/tr>\n<tr bgcolor=\"#eeeeee\">\n<td valign=\"top\" width=\"180\">\n<p align=\"center\">17:30 \u2013 17:35<\/p>\n<\/td>\n<td valign=\"top\">Q&amp;A<\/td>\n<\/tr>\n<\/tbody>\n<\/table>\n[\/et_pb_text][et_pb_text admin_label=&#8221;ENCERRAMENTO DAS SESS\u00d5ES T\u00c9CNICAS&#8221; _builder_version=&#8221;4.24.2&#8243; _module_preset=&#8221;default&#8221; header_3_text_align=&#8221;center&#8221; header_3_text_color=&#8221;#DB6C00&#8243; global_colors_info=&#8221;{}&#8221;]\n<h3>CLOSING OF THE TECHNICAL SESSIONS<\/h3>\n[\/et_pb_text][\/et_pb_column][\/et_pb_row][\/et_pb_section]\n","protected":false},"excerpt":{"rendered":"<p>Wednesday \u2013 May 22nd &#8211; morning9. PANEL: REPORTING RESOURCES, RESERVES AND RESULTS IN MINERAL RESEARCH PROJECTS Moderator: Glaucia Cuchierato (Executive Director\/GeoAnsata)&nbsp; 09:00 \u2013 09:30Keynote Speaker The assurance around reporting and progressing from exploration to development of projectsMark Nopp\u00e9WH Bryan Mining Geology Research Centre\/DirectorThe university of Queensland (Australia) 09:30 \u2013 10:30 Kinross Brasil Minera\u00e7\u00e3oLilian Grabellos de [&hellip;]<\/p>\n","protected":false},"author":1,"featured_media":0,"parent":0,"menu_order":0,"comment_status":"closed","ping_status":"closed","template":"","meta":{"_et_pb_use_builder":"on","_et_pb_old_content":"","_et_gb_content_width":"","footnotes":""},"class_list":["post-579","page","type-page","status-publish","hentry"],"_links":{"self":[{"href":"https:\/\/simexmin.org.br\/2024ing\/wp-json\/wp\/v2\/pages\/579","targetHints":{"allow":["GET"]}}],"collection":[{"href":"https:\/\/simexmin.org.br\/2024ing\/wp-json\/wp\/v2\/pages"}],"about":[{"href":"https:\/\/simexmin.org.br\/2024ing\/wp-json\/wp\/v2\/types\/page"}],"author":[{"embeddable":true,"href":"https:\/\/simexmin.org.br\/2024ing\/wp-json\/wp\/v2\/users\/1"}],"replies":[{"embeddable":true,"href":"https:\/\/simexmin.org.br\/2024ing\/wp-json\/wp\/v2\/comments?post=579"}],"version-history":[{"count":26,"href":"https:\/\/simexmin.org.br\/2024ing\/wp-json\/wp\/v2\/pages\/579\/revisions"}],"predecessor-version":[{"id":848,"href":"https:\/\/simexmin.org.br\/2024ing\/wp-json\/wp\/v2\/pages\/579\/revisions\/848"}],"wp:attachment":[{"href":"https:\/\/simexmin.org.br\/2024ing\/wp-json\/wp\/v2\/media?parent=579"}],"curies":[{"name":"wp","href":"https:\/\/api.w.org\/{rel}","templated":true}]}}