{"id":1129,"date":"2025-09-25T11:57:26","date_gmt":"2025-09-25T11:57:26","guid":{"rendered":"https:\/\/simexmin.org.br\/2026\/?page_id=1129"},"modified":"2026-03-30T12:59:34","modified_gmt":"2026-03-30T12:59:34","slug":"informacoes-gerais","status":"publish","type":"page","link":"https:\/\/simexmin.org.br\/2026\/informacoes-gerais\/","title":{"rendered":"Informa\u00e7\u00f5es gerais"},"content":{"rendered":"[et_pb_section fb_built=&#8221;1&#8243; fullwidth=&#8221;on&#8221; _builder_version=&#8221;4.27.4&#8243; _module_preset=&#8221;default&#8221; bottom_divider_color=&#8221;#fbfae8&#8243; bottom_divider_height=&#8221;50px&#8221; global_colors_info=&#8221;{}&#8221;][et_pb_fullwidth_header title=&#8221;INFORMA\u00c7\u00d5ES GERAIS&#8221; admin_label=&#8221;Cabe\u00e7alho de Largura Completa&#8221; _builder_version=&#8221;4.27.4&#8243; _module_preset=&#8221;default&#8221; title_font=&#8221;|800|||||||&#8221; title_text_align=&#8221;center&#8221; title_font_size=&#8221;48px&#8221; background_image=&#8221;https:\/\/simexmin.org.br\/2026\/wp-content\/uploads\/2025\/10\/tarja-titulos-fina.jpg&#8221; background_position=&#8221;center_left&#8221; custom_padding=&#8221;20px||10px||false|false&#8221; title_font_size_tablet=&#8221;48px&#8221; title_font_size_phone=&#8221;33px&#8221; title_font_size_last_edited=&#8221;on|phone&#8221; title_text_shadow_style=&#8221;preset2&#8243; global_colors_info=&#8221;{}&#8221;][\/et_pb_fullwidth_header][\/et_pb_section][et_pb_section fb_built=&#8221;1&#8243; _builder_version=&#8221;4.27.4&#8243; _module_preset=&#8221;default&#8221; background_image=&#8221;https:\/\/simexmin.org.br\/2026\/wp-content\/uploads\/2025\/09\/bg-pgs-internas2.jpg&#8221; parallax=&#8221;on&#8221; parallax_method=&#8221;off&#8221; background_blend=&#8221;multiply&#8221; global_colors_info=&#8221;{}&#8221;][et_pb_row _builder_version=&#8221;4.27.4&#8243; _module_preset=&#8221;default&#8221; custom_padding=&#8221;30px||||false|false&#8221; global_colors_info=&#8221;{}&#8221;][et_pb_column type=&#8221;4_4&#8243; _builder_version=&#8221;4.27.4&#8243; _module_preset=&#8221;default&#8221; global_colors_info=&#8221;{}&#8221;][et_pb_text _builder_version=&#8221;4.27.4&#8243; _module_preset=&#8221;default&#8221; link_text_color=&#8221;#295097&#8243; header_text_color=&#8221;#A6672E&#8221; header_2_text_color=&#8221;#DD5D00&#8243; header_2_font_size=&#8221;22px&#8221; hover_enabled=&#8221;0&#8243; global_colors_info=&#8221;{}&#8221; sticky_enabled=&#8221;0&#8243;]\n<h2><strong>LOCAL DE REALIZA\u00c7\u00c3O<\/strong><\/h2>\n<p><b>Centro de Conven\u00e7\u00f5es e Artes da UFOP<br \/><\/b><b><a href=\"https:\/\/www.google.com\/search?sca_esv=89bf5c8dfd0dab45&amp;q=fiesta+bahia+hotel+endere%C3%A7o&amp;ludocid=8004476998215755399&amp;sa=X&amp;ved=2ahUKEwj20rmT18iMAxWBLLkGHePqIskQ6BN6BAg7EAI\">Endere\u00e7o<\/a><\/b><b>:\u00a0<\/b>Rua Diogo Vasconcelos n\u00b0 328, \u00a0Pilar Ouro Preto &#8211; MG | 35400-000<br \/>Telefone: <b>+55 31 3559-1994<\/b><br \/><a href=\"https:\/\/centrodeconvencoes.ufop.br\/\">https:\/\/centrodeconvencoes.ufop.br\/<\/a><\/p>\n<p>&nbsp;<\/p>\n<h2>CONHE\u00c7A A CIDADE DE OURO PRETO\/MG<\/h2>\n<p><a href=\"https:\/\/ouropreto.org.br\/convention-visitors-bureau\">https:\/\/ouropreto.org.br\/convention-visitors-bureau<\/a><br \/><a href=\"https:\/\/www.ouropreto.mg.gov.br\/informacoes-gerais\">https:\/\/www.ouropreto.mg.gov.br\/informacoes-gerais<\/a><\/p>\n<p>&nbsp;<\/p>\n<h2>PASSAGENS A\u00c9REAS E HOSPEDAGENS<\/h2>\n<p>Pacotes de passagens a\u00e9reas e hospedagens podem ser reservados com a ag\u00eancia oficial do evento:<\/p>\n<p><b>MIDE VIAGENS <\/b><br \/>Contato:\u00a0Michelle Silva<br \/>Telefone:\u00a0+55 31 99815-7454 \/ +55 31 3427-4860<br \/>E-mail:\u00a0<a href=\"mailto:michelle@mideviagens.com.br\">michelle@mideviagens.com.br<\/a><br \/><a href=\"https:\/\/www.mideviagens.com.br\" target=\"_blank\" rel=\"noopener\">https:\/\/www.mideviagens.com.br<\/a><\/p>\n<p>&nbsp;<\/p>\n<h2>SERVI\u00c7O DE TRANSFER<\/h2>\n<p>Para transfer de Belo Horizonte \u00e0 Ouro Preto podem ser comprados tickets com a empresa:<\/p>\n<p><strong>GRAND TOUR<\/strong><br \/>Contato: Claudio <br \/>Telefone: +55 31 992803131 ou 31 99180 1750<br \/>e-mail: <a href=\"mailto:transporte@grandtour.com.br\">transporte@grandtour.com.br<\/a><\/p>\n<p>&nbsp;<\/p>\n<h2><strong>SECRETARIA<\/strong><\/h2>\n<p>Funcionar\u00e1 nos hor\u00e1rios descritos abaixo, para atendimento, esclarecimentos e informa\u00e7\u00f5es.<\/p>\n<ul>\n<li>17\/05\/2026 \u2013 Domingo \u2013 14:00 \u00e0s 20:00<\/li>\n<li>18\/05\/2026 \u2013 Segunda-feira \u2013 08:00 \u00e0s 20:00<\/li>\n<li>19\/05\/2026 \u2013 Ter\u00e7a-feira \u2013 08:00 \u00e0s 20:00<\/li>\n<li>20\/05\/2026 \u2013 Quarta-feira \u2013 08:00 \u00e0s 20:00<\/li>\n<\/ul>\n<p>&nbsp;<\/p>\n<h2><strong>CREDENCIAMENTO E ENTREGA DE MATERIAL<\/strong><\/h2>\n<p>Para retirada do material ser\u00e1 necess\u00e1rio a apresenta\u00e7\u00e3o de um documento de identifica\u00e7\u00e3o com foto. N\u00e3o ser\u00e1 permitida a retirada de material de outro participante sem a autoriza\u00e7\u00e3o por escrito e assinada pelo mesmo.<\/p>\n<p>&nbsp;<\/p>\n<h2><strong>CREDENCIAL<\/strong><\/h2>\n<p>\u00c9 necess\u00e1rio o uso permanente da credencial para acesso \u00e0s atividades do Simp\u00f3sio, por quest\u00f5es de seguran\u00e7a. Solicitamos aten\u00e7\u00e3o quanto \u00e0 guarda do mesmo, pois ser\u00e1 cobrado o valor de R$ 50,00 (cinquenta reais), para emiss\u00e3o de segunda via do crach\u00e1.<\/p>\n<p>&nbsp;<\/p>\n<h2><strong>MEDIA DESK<\/strong><\/h2>\n<p>Os Conferencistas e apresentadores de trabalhos dever\u00e3o dirigir-se \u00e0 sala de Media Desk para teste e organiza\u00e7\u00e3o do material a ser apresentado durante as sess\u00f5es, com anteced\u00eancia m\u00ednima de 1 (uma) hora da apresenta\u00e7\u00e3o.<\/p>\n<p>&nbsp;<\/p>\n<h2><strong>CERTIFICADOS<\/strong><\/h2>\n<p>Os certificados eletr\u00f4nicos de participa\u00e7\u00e3o no Simp\u00f3sio estar\u00e3o dispon\u00edveis a partir do dia 25\/05\/2026, para impress\u00e3o, via plataforma de inscri\u00e7\u00e3o.<\/p>\n<p>&nbsp;<\/p>\n<h2><strong>ANAIS ONLINE<\/strong><\/h2>\n<p>Os Anais com os resumos dos trabalhos ser\u00e3o disponibilizados ap\u00f3s a realiza\u00e7\u00e3o do evento, no formato eletr\u00f4nico no site do Simp\u00f3sio.<\/p>\n[\/et_pb_text][\/et_pb_column][\/et_pb_row][\/et_pb_section]\n","protected":false},"excerpt":{"rendered":"<p>LOCAL DE REALIZA\u00c7\u00c3O Centro de Conven\u00e7\u00f5es e Artes da UFOPEndere\u00e7o:\u00a0Rua Diogo Vasconcelos n\u00b0 328, \u00a0Pilar Ouro Preto &#8211; MG | 35400-000Telefone: +55 31 3559-1994https:\/\/centrodeconvencoes.ufop.br\/ &nbsp; CONHE\u00c7A A CIDADE DE OURO PRETO\/MG https:\/\/ouropreto.org.br\/convention-visitors-bureauhttps:\/\/www.ouropreto.mg.gov.br\/informacoes-gerais &nbsp; PASSAGENS A\u00c9REAS E HOSPEDAGENS Pacotes de passagens a\u00e9reas e hospedagens podem ser reservados com a ag\u00eancia oficial do evento: MIDE VIAGENS Contato:\u00a0Michelle [&hellip;]<\/p>\n","protected":false},"author":1,"featured_media":0,"parent":0,"menu_order":0,"comment_status":"closed","ping_status":"closed","template":"","meta":{"_et_pb_use_builder":"on","_et_pb_old_content":"","_et_gb_content_width":"","footnotes":""},"class_list":["post-1129","page","type-page","status-publish","hentry"],"_links":{"self":[{"href":"https:\/\/simexmin.org.br\/2026\/wp-json\/wp\/v2\/pages\/1129","targetHints":{"allow":["GET"]}}],"collection":[{"href":"https:\/\/simexmin.org.br\/2026\/wp-json\/wp\/v2\/pages"}],"about":[{"href":"https:\/\/simexmin.org.br\/2026\/wp-json\/wp\/v2\/types\/page"}],"author":[{"embeddable":true,"href":"https:\/\/simexmin.org.br\/2026\/wp-json\/wp\/v2\/users\/1"}],"replies":[{"embeddable":true,"href":"https:\/\/simexmin.org.br\/2026\/wp-json\/wp\/v2\/comments?post=1129"}],"version-history":[{"count":6,"href":"https:\/\/simexmin.org.br\/2026\/wp-json\/wp\/v2\/pages\/1129\/revisions"}],"predecessor-version":[{"id":1614,"href":"https:\/\/simexmin.org.br\/2026\/wp-json\/wp\/v2\/pages\/1129\/revisions\/1614"}],"wp:attachment":[{"href":"https:\/\/simexmin.org.br\/2026\/wp-json\/wp\/v2\/media?parent=1129"}],"curies":[{"name":"wp","href":"https:\/\/api.w.org\/{rel}","templated":true}]}}