{"id":12,"date":"2023-11-20T11:44:19","date_gmt":"2023-11-20T11:44:19","guid":{"rendered":"https:\/\/simexmin.org.br\/2024\/?page_id=12"},"modified":"2026-03-30T11:42:59","modified_gmt":"2026-03-30T11:42:59","slug":"home","status":"publish","type":"page","link":"https:\/\/simexmin.org.br\/2026\/","title":{"rendered":"HOME"},"content":{"rendered":"[et_pb_section fb_built=&#8221;1&#8243; fullwidth=&#8221;on&#8221; disabled_on=&#8221;on|off|off&#8221; _builder_version=&#8221;4.27.4&#8243; _module_preset=&#8221;default&#8221; custom_margin_tablet=&#8221;&#8221; custom_margin_phone=&#8221;|-100px||-100px|false|false&#8221; custom_margin_last_edited=&#8221;on|phone&#8221; custom_padding=&#8221;||||false|false&#8221; global_colors_info=&#8221;{}&#8221;][et_pb_fullwidth_image src=&#8221;https:\/\/simexmin.org.br\/2026\/wp-content\/uploads\/2025\/10\/montagem-home-topo4.jpg&#8221; _builder_version=&#8221;4.27.4&#8243; _module_preset=&#8221;default&#8221; global_colors_info=&#8221;{}&#8221;][\/et_pb_fullwidth_image][\/et_pb_section][et_pb_section fb_built=&#8221;1&#8243; fullwidth=&#8221;on&#8221; _builder_version=&#8221;4.27.4&#8243; _module_preset=&#8221;default&#8221; global_colors_info=&#8221;{}&#8221;][et_pb_fullwidth_image src=&#8221;https:\/\/simexmin.org.br\/2026\/wp-content\/uploads\/2025\/10\/montagem-home-topo-mobile-1.jpg&#8221; disabled_on=&#8221;off|on|on&#8221; _builder_version=&#8221;4.27.4&#8243; _module_preset=&#8221;default&#8221; global_colors_info=&#8221;{}&#8221;][\/et_pb_fullwidth_image][\/et_pb_section][et_pb_section fb_built=&#8221;1&#8243; fullwidth=&#8221;on&#8221; disabled_on=&#8221;on|on|on&#8221; _builder_version=&#8221;4.27.4&#8243; _module_preset=&#8221;default&#8221; custom_margin_tablet=&#8221;&#8221; custom_margin_phone=&#8221;|-100px||-100px|false|false&#8221; custom_margin_last_edited=&#8221;on|phone&#8221; custom_padding=&#8221;||||false|false&#8221; disabled=&#8221;on&#8221; global_colors_info=&#8221;{}&#8221;][et_pb_fullwidth_header title=&#8221;Mapeando novos rumos para a transi\u00e7\u00e3o energ\u00e9tica&#8221; text_orientation=&#8221;center&#8221; header_scroll_down=&#8221;on&#8221; scroll_down_icon_size=&#8221;39px&#8221; button_one_text=&#8221;VEJA A PROGRAMA\u00c7\u00c3O&#8221; button_one_url=&#8221;https:\/\/simexmin.org.br\/2026\/programa-oficial\/&#8221; button_two_text=&#8221;SEJA UM PATROCINADOR&#8221; button_two_url=&#8221;https:\/\/simexmin.org.br\/2026\/patrocinios\/&#8221; content_max_width_tablet=&#8221;&#8221; content_max_width_phone=&#8221;100%&#8221; content_max_width_last_edited=&#8221;on|phone&#8221; _builder_version=&#8221;4.23.1&#8243; _module_preset=&#8221;default&#8221; title_font_size=&#8221;47px&#8221; content_font=&#8221;|600|||||||&#8221; content_text_color=&#8221;#F7BC13&#8243; content_font_size=&#8221;26px&#8221; content_line_height=&#8221;2.3em&#8221; background_video_mp4=&#8221;https:\/\/simexmin.org.br\/2026\/wp-content\/uploads\/2023\/11\/video-bg-3-compac.mp4&#8243; custom_button_one=&#8221;on&#8221; button_one_text_size=&#8221;16px&#8221; button_one_text_color=&#8221;#FFFFFF&#8221; button_one_bg_color=&#8221;#DB6C00&#8243; button_one_border_color=&#8221;#DB6C00&#8243; button_one_border_radius=&#8221;73px&#8221; custom_button_two=&#8221;on&#8221; button_two_text_size=&#8221;16px&#8221; button_two_text_color=&#8221;#FFFFFF&#8221; button_two_bg_color=&#8221;#DB6C00&#8243; button_two_border_color=&#8221;#DB6C00&#8243; button_two_border_radius=&#8221;35px&#8221; width=&#8221;100%&#8221; module_alignment=&#8221;center&#8221; custom_margin=&#8221;||||false|false&#8221; custom_margin_tablet=&#8221;||||false|false&#8221; custom_margin_phone=&#8221;||||false|false&#8221; custom_margin_last_edited=&#8221;on|phone&#8221; custom_padding=&#8221;150px||150px||true|false&#8221; custom_padding_tablet=&#8221;150px||150px||true|false&#8221; custom_padding_phone=&#8221;50px||50px||true|false&#8221; custom_padding_last_edited=&#8221;on|phone&#8221; title_font_size_tablet=&#8221;47px&#8221; title_font_size_phone=&#8221;38px&#8221; title_font_size_last_edited=&#8221;on|phone&#8221; content_font_size_tablet=&#8221;26px&#8221; content_font_size_phone=&#8221;20px&#8221; content_font_size_last_edited=&#8221;on|phone&#8221; content_line_height_tablet=&#8221;2.3em&#8221; content_line_height_phone=&#8221;1.4em&#8221; content_line_height_last_edited=&#8221;on|phone&#8221; global_colors_info=&#8221;{}&#8221; button_one_bg_color__hover_enabled=&#8221;on|hover&#8221; button_one_bg_color__hover=&#8221;#F7BC13&#8243; button_one_bg_enable_color__hover=&#8221;on&#8221; button_one_border_color__hover_enabled=&#8221;on|hover&#8221; button_one_border_color__hover=&#8221;#F7BC13&#8243; button_one_text_color__hover_enabled=&#8221;on|hover&#8221; button_one_text_color__hover=&#8221;#002A54&#8243; button_two_bg_color__hover_enabled=&#8221;on|hover&#8221; button_two_bg_color__hover=&#8221;#F7BC13&#8243; button_two_bg_enable_color__hover=&#8221;on&#8221; button_two_border_color__hover_enabled=&#8221;on|desktop&#8221; button_two_border_color__hover=&#8221;#F7BC13&#8243; button_two_text_color__hover_enabled=&#8221;on|hover&#8221; button_two_text_color__hover=&#8221;#002A54&#8243;]\n<p>19 a 22 de maio de 2024 | Ouro Preto, MG<\/p>\n[\/et_pb_fullwidth_header][\/et_pb_section][et_pb_section fb_built=&#8221;1&#8243; _builder_version=&#8221;4.27.4&#8243; _module_preset=&#8221;default&#8221; background_image=&#8221;https:\/\/simexmin.org.br\/2026\/wp-content\/uploads\/2025\/09\/bg-camadas.jpg&#8221; parallax=&#8221;on&#8221; parallax_method=&#8221;off&#8221; global_colors_info=&#8221;{}&#8221;][et_pb_row _builder_version=&#8221;4.23.1&#8243; _module_preset=&#8221;default&#8221; global_colors_info=&#8221;{}&#8221;][et_pb_column type=&#8221;4_4&#8243; _builder_version=&#8221;4.23.1&#8243; _module_preset=&#8221;default&#8221; global_colors_info=&#8221;{}&#8221;][et_pb_text _builder_version=&#8221;4.27.4&#8243; _module_preset=&#8221;default&#8221; header_font=&#8221;|800|||||||&#8221; header_text_align=&#8221;center&#8221; header_text_color=&#8221;#295097&#8243; header_font_size=&#8221;38px&#8221; header_line_height=&#8221;1.2em&#8221; custom_margin=&#8221;||0px|||&#8221; custom_padding=&#8221;||0px|||&#8221; header_font_size_tablet=&#8221;38px&#8221; header_font_size_phone=&#8221;33px&#8221; header_font_size_last_edited=&#8221;on|phone&#8221; global_colors_info=&#8221;{}&#8221;]\n<h1>Seja bem-vindo \u00e0 12\u00aa edi\u00e7\u00e3o do SIMEXMIN!<\/h1>\n[\/et_pb_text][et_pb_text _builder_version=&#8221;4.27.4&#8243; _module_preset=&#8221;default&#8221; header_font=&#8221;|800|||||||&#8221; header_text_align=&#8221;center&#8221; header_text_color=&#8221;#295097&#8243; header_font_size=&#8221;38px&#8221; header_line_height=&#8221;1.2em&#8221; header_2_text_align=&#8221;center&#8221; header_2_text_color=&#8221;#295097&#8243; header_2_font_size=&#8221;24px&#8221; custom_padding=&#8221;||0px|||&#8221; header_font_size_tablet=&#8221;38px&#8221; header_font_size_phone=&#8221;33px&#8221; header_font_size_last_edited=&#8221;on|phone&#8221; header_2_font_size_tablet=&#8221;24px&#8221; header_2_font_size_phone=&#8221;20px&#8221; header_2_font_size_last_edited=&#8221;on|phone&#8221; global_colors_info=&#8221;{}&#8221;]\n<h2>17 a 20 de maio de 2026, Ouro Preto\/MG \u2013 Centro de Artes e Conven\u00e7\u00f5es da UFOP<\/h2>\n[\/et_pb_text][\/et_pb_column][\/et_pb_row][et_pb_row column_structure=&#8221;1_2,1_2&#8243; _builder_version=&#8221;4.27.4&#8243; _module_preset=&#8221;default&#8221; background_color=&#8221;rgba(255,255,255,0.68)&#8221; custom_margin=&#8221;||||true|true&#8221; custom_padding=&#8221;30px|30px|30px|30px|true|true&#8221; box_shadow_style=&#8221;preset2&#8243; box_shadow_horizontal=&#8221;3px&#8221; box_shadow_vertical=&#8221;3px&#8221; box_shadow_blur=&#8221;10px&#8221; box_shadow_color=&#8221;rgba(0,0,0,0.17)&#8221; global_colors_info=&#8221;{}&#8221;][et_pb_column type=&#8221;1_2&#8243; _builder_version=&#8221;4.23.1&#8243; _module_preset=&#8221;default&#8221; background_color=&#8221;RGBA(255,255,255,0)&#8221; custom_padding=&#8221;||||false|false&#8221; global_colors_info=&#8221;{}&#8221;][et_pb_text _builder_version=&#8221;4.27.4&#8243; _module_preset=&#8221;default&#8221; text_text_color=&#8221;#666666&#8243; global_colors_info=&#8221;{}&#8221;]\n<p>Fundada em 9 de julho de 1996, a Ag\u00eancia para o Desenvolvimento e Inova\u00e7\u00e3o do Setor Mineral Brasileiro \u2013 ADIMB est\u00e1 completando 30 anos. Ao longo desse per\u00edodo a ADIMB contribuiu de forma intensa e efetiva para o desenvolvimento do setor mineral do pa\u00eds.<\/p>\n<p>A ADIMB, atrav\u00e9s de suas a\u00e7\u00f5es na forma de eventos, cursos, projetos colaborativos de pesquisa &#8211; desenvolvimento &#8211; inova\u00e7\u00e3o, excurs\u00f5es t\u00e9cnicas e publica\u00e7\u00f5es, se consolidou como uma institui\u00e7\u00e3o de elevada relev\u00e2ncia para o Setor Mineral.<\/p>\n<p>Em fun\u00e7\u00e3o da import\u00e2ncia que a minera\u00e7\u00e3o atingiu, em decorr\u00eancia da transi\u00e7\u00e3o energ\u00e9tica, o Brasil, por sua relevante contribui\u00e7\u00e3o no cen\u00e1rio mundial, assumiu posi\u00e7\u00e3o estrat\u00e9gica no mercado mineral. Em 2026, num ambiente mineral altamente aquecido, seja para o conjunto de minerais cr\u00edticos ou para os metais preciosos, a ADIMB ir\u00e1 realizar o <strong>XII SIMEXMIN<\/strong>, no per\u00edodo de 17 a 20 de maio, em Ouro Preto.<\/p>\n<p>O Simp\u00f3sio Brasileiro de Explora\u00e7\u00e3o Mineral \u2013 SIMEXMIN, refer\u00eancia em prospec\u00e7\u00e3o mineral no pa\u00eds, \u00e9 um evento t\u00e9cnico-cient\u00edfico, considerado como um f\u00f3rum relevante para o desenvolvimento da pesquisa mineral do Brasil. O SIMEXMIN tem como meta reunir a comunidade de pesquisa mineral em n\u00edvel nacional e internacional para debater temas de interesse do setor.<\/p>\n<p>O\u00a0<strong>XII SIMEXMIN<\/strong>\u00a0trar\u00e1 sess\u00f5es tem\u00e1ticas com a participa\u00e7\u00e3o de profissionais da ind\u00fastria, da academia e do governo, al\u00e9m de especialistas de n\u00edvel internacional, que envolver\u00e3o aspectos t\u00e9cnicos, econ\u00f4micos, pol\u00edticos, de investimentos e legais, sociais, ambientais e de governan\u00e7a, intrinsecamente relacionados \u00e0 pesquisa mineral e minera\u00e7\u00e3o no Brasil.<\/p>\n[\/et_pb_text][\/et_pb_column][et_pb_column type=&#8221;1_2&#8243; _builder_version=&#8221;4.23.1&#8243; _module_preset=&#8221;default&#8221; global_colors_info=&#8221;{}&#8221;][et_pb_video src=&#8221;https:\/\/www.youtube.com\/watch?v=R_8uWIOwkQw&#038;t=1s&#8221; image_src=&#8221;\/\/i.ytimg.com\/vi\/R_8uWIOwkQw\/hqdefault.jpg&#8221; play_icon_color=&#8221;#F7BC13&#8243; use_icon_font_size=&#8221;on&#8221; icon_font_size=&#8221;43px&#8221; disabled_on=&#8221;off|off|off&#8221; _builder_version=&#8221;4.27.4&#8243; _module_preset=&#8221;default&#8221; custom_margin=&#8221;||60px|||&#8221; hover_enabled=&#8221;0&#8243; border_width_all=&#8221;3px&#8221; border_color_all=&#8221;#FFFFFF&#8221; box_shadow_style=&#8221;preset2&#8243; box_shadow_blur=&#8221;10px&#8221; global_colors_info=&#8221;{}&#8221; sticky_enabled=&#8221;0&#8243;][\/et_pb_video][et_pb_image src=&#8221;https:\/\/simexmin.org.br\/2026\/wp-content\/uploads\/2025\/10\/ilustra-apresentacao.jpg&#8221; _builder_version=&#8221;4.27.4&#8243; _module_preset=&#8221;default&#8221; hover_enabled=&#8221;0&#8243; border_width_all=&#8221;3px&#8221; border_color_all=&#8221;#FFFFFF&#8221; box_shadow_style=&#8221;preset2&#8243; box_shadow_horizontal=&#8221;3px&#8221; box_shadow_vertical=&#8221;3px&#8221; box_shadow_blur=&#8221;9px&#8221; global_colors_info=&#8221;{}&#8221; disabled_on=&#8221;on|on|on&#8221; disabled=&#8221;on&#8221; sticky_enabled=&#8221;0&#8243;][\/et_pb_image][et_pb_text _builder_version=&#8221;4.27.4&#8243; _module_preset=&#8221;default&#8221; text_text_color=&#8221;#666666&#8243; global_colors_info=&#8221;{}&#8221;]\n<p>As sess\u00f5es tem\u00e1ticas ser\u00e3o complementadas com a sess\u00e3o p\u00f4ster que tem como objetivo promover as contribui\u00e7\u00f5es das universidades, empresas e institui\u00e7\u00f5es de pesquisa para o desenvolvimento do setor mineral no pa\u00eds, al\u00e9m do V Encontro Nacional de Geologia Econ\u00f4mica (V ENAGE) em parceria com a Society of Economic Geologists (SEG). Finalizando o evento, o <strong>XII SIMEXMIN<\/strong>\u00a0disponibilizar\u00e1 a oferta de minicursos no dia 21 de maio. Os minicursos contemplam temas relevantes para o Setor Mineral, tendo em vista o panorama atual.<\/p>\n<p>Neste contexto, a ADIMB convida as empresas, institui\u00e7\u00f5es e entidades atuantes no setor mineral brasileiro a estarem presentes no XII SIMEXMIN 2026, para juntos debatermos os avan\u00e7os e desafios na pesquisa mineral e minera\u00e7\u00e3o no pa\u00eds.<\/p>\n<p><span>Aguardamos sua presen\u00e7a!<\/span><\/p>\n<p><strong><span>Comiss\u00e3o Organizadora<\/span><\/strong><\/p>\n[\/et_pb_text][\/et_pb_column][\/et_pb_row][\/et_pb_section][et_pb_section fb_built=&#8221;1&#8243; _builder_version=&#8221;4.27.4&#8243; _module_preset=&#8221;default&#8221; background_image=&#8221;https:\/\/simexmin.org.br\/2026\/wp-content\/uploads\/2025\/09\/bg-camadas-amarelo.jpg&#8221; parallax=&#8221;on&#8221; parallax_method=&#8221;off&#8221; custom_padding=&#8221;||67px|||&#8221; bottom_divider_height=&#8221;50px&#8221; bottom_divider_repeat=&#8221;1x&#8221; global_colors_info=&#8221;{}&#8221;][et_pb_row column_structure=&#8221;1_4,1_4,1_4,1_4&#8243; use_custom_gutter=&#8221;on&#8221; gutter_width=&#8221;2&#8243; _builder_version=&#8221;4.23.1&#8243; _module_preset=&#8221;default&#8221; global_colors_info=&#8221;{}&#8221;][et_pb_column type=&#8221;1_4&#8243; _builder_version=&#8221;4.23.1&#8243; _module_preset=&#8221;default&#8221; global_colors_info=&#8221;{}&#8221;][et_pb_button button_url=&#8221;https:\/\/simexmin.org.br\/2026\/calendario-de-locacao-de-estandes\/&#8221; button_text=&#8221;EXPOSIMEXMIN&#8221; button_alignment=&#8221;center&#8221; _builder_version=&#8221;4.27.4&#8243; _module_preset=&#8221;default&#8221; custom_button=&#8221;on&#8221; button_text_color=&#8221;#FFFFFF&#8221; button_bg_image=&#8221;https:\/\/simexmin.org.br\/2026\/wp-content\/uploads\/2025\/09\/bts-destaque01a.jpg&#8221; button_border_width=&#8221;5px&#8221; button_border_color=&#8221;#DBB14A&#8221; button_border_radius=&#8221;120px&#8221; button_font=&#8221;Montserrat|700|||||||&#8221; button_use_icon=&#8221;off&#8221; custom_padding=&#8221;102px||||false|false&#8221; custom_css_main_element=&#8221;width:245px;||height:245px;&#8221; button_text_shadow_style=&#8221;preset2&#8243; box_shadow_style=&#8221;preset2&#8243; box_shadow_horizontal=&#8221;3px&#8221; box_shadow_vertical=&#8221;3px&#8221; global_colors_info=&#8221;{}&#8221; button_bg_color__hover_enabled=&#8221;on|hover&#8221; button_bg_image__hover=&#8221;https:\/\/simexmin.org.br\/2026\/wp-content\/uploads\/2025\/09\/bts-destaque01b.jpg&#8221; button_bg_enable_image__hover=&#8221;on&#8221; button_text_color__hover_enabled=&#8221;on|hover&#8221; button_text_color__hover=&#8221;RGBA(255,255,255,0)&#8221; button_text_shadow_color__hover_enabled=&#8221;on|hover&#8221; button_text_shadow_color__hover=&#8221;RGBA(255,255,255,0)&#8221;][\/et_pb_button][\/et_pb_column][et_pb_column type=&#8221;1_4&#8243; _builder_version=&#8221;4.23.1&#8243; _module_preset=&#8221;default&#8221; global_colors_info=&#8221;{}&#8221;][et_pb_button button_url=&#8221;https:\/\/simexmin.org.br\/2026\/patrocinios\/&#8221; button_text=&#8221;PATROCINADORES&#8221; button_alignment=&#8221;center&#8221; _builder_version=&#8221;4.27.4&#8243; _module_preset=&#8221;default&#8221; custom_button=&#8221;on&#8221; button_text_color=&#8221;#FFFFFF&#8221; button_bg_image=&#8221;https:\/\/simexmin.org.br\/2026\/wp-content\/uploads\/2025\/09\/bts-destaque02a.jpg&#8221; button_border_width=&#8221;5px&#8221; button_border_color=&#8221;#DBB14A&#8221; button_border_radius=&#8221;120px&#8221; button_font=&#8221;Montserrat|700|||||||&#8221; button_use_icon=&#8221;off&#8221; custom_padding=&#8221;102px||||false|false&#8221; custom_css_main_element=&#8221;width:245px;||height:245px;&#8221; button_text_shadow_style=&#8221;preset2&#8243; box_shadow_style=&#8221;preset2&#8243; box_shadow_horizontal=&#8221;3px&#8221; box_shadow_vertical=&#8221;3px&#8221; global_colors_info=&#8221;{}&#8221; button_bg_color__hover_enabled=&#8221;on|hover&#8221; button_bg_image__hover=&#8221;https:\/\/simexmin.org.br\/2026\/wp-content\/uploads\/2025\/09\/bts-destaque02b.jpg&#8221; button_bg_enable_image__hover=&#8221;on&#8221; button_text_color__hover_enabled=&#8221;on|hover&#8221; button_text_color__hover=&#8221;RGBA(255,255,255,0)&#8221; button_text_shadow_color__hover_enabled=&#8221;on|hover&#8221; button_text_shadow_color__hover=&#8221;RGBA(255,255,255,0)&#8221;][\/et_pb_button][\/et_pb_column][et_pb_column type=&#8221;1_4&#8243; _builder_version=&#8221;4.23.1&#8243; _module_preset=&#8221;default&#8221; global_colors_info=&#8221;{}&#8221;][et_pb_button button_url=&#8221;https:\/\/simexmin.org.br\/2026\/programa-oficial\/&#8221; button_text=&#8221;PROGRAMA&#8221; button_alignment=&#8221;center&#8221; _builder_version=&#8221;4.27.4&#8243; _module_preset=&#8221;default&#8221; custom_button=&#8221;on&#8221; button_text_color=&#8221;#FFFFFF&#8221; button_bg_image=&#8221;https:\/\/simexmin.org.br\/2026\/wp-content\/uploads\/2025\/09\/bts-destaque03a.jpg&#8221; button_border_width=&#8221;5px&#8221; button_border_color=&#8221;#DBB14A&#8221; button_border_radius=&#8221;120px&#8221; button_font=&#8221;Montserrat|700|||||||&#8221; button_use_icon=&#8221;off&#8221; custom_padding=&#8221;102px||||false|false&#8221; custom_css_main_element=&#8221;width:245px;||height:245px;&#8221; button_text_shadow_style=&#8221;preset2&#8243; box_shadow_style=&#8221;preset2&#8243; box_shadow_horizontal=&#8221;3px&#8221; box_shadow_vertical=&#8221;3px&#8221; global_colors_info=&#8221;{}&#8221; button_bg_color__hover_enabled=&#8221;on|hover&#8221; button_bg_image__hover=&#8221;https:\/\/simexmin.org.br\/2026\/wp-content\/uploads\/2025\/09\/bts-destaque03b.jpg&#8221; button_bg_enable_image__hover=&#8221;on&#8221; button_text_color__hover_enabled=&#8221;on|hover&#8221; button_text_color__hover=&#8221;RGBA(255,255,255,0)&#8221; button_text_shadow_color__hover_enabled=&#8221;on|hover&#8221; button_text_shadow_color__hover=&#8221;RGBA(255,255,255,0)&#8221;][\/et_pb_button][\/et_pb_column][et_pb_column type=&#8221;1_4&#8243; _builder_version=&#8221;4.23.1&#8243; _module_preset=&#8221;default&#8221; global_colors_info=&#8221;{}&#8221;][et_pb_button button_url=&#8221;https:\/\/simexmin.org.br\/2026\/areas-tematicas\/&#8221; button_text=&#8221;SESS\u00c3O P\u00d4STER&#8221; button_alignment=&#8221;center&#8221; _builder_version=&#8221;4.27.4&#8243; _module_preset=&#8221;default&#8221; custom_button=&#8221;on&#8221; button_text_color=&#8221;#FFFFFF&#8221; button_bg_image=&#8221;https:\/\/simexmin.org.br\/2026\/wp-content\/uploads\/2025\/09\/bts-destaque04a.jpg&#8221; button_border_width=&#8221;5px&#8221; button_border_color=&#8221;#DBB14A&#8221; button_border_radius=&#8221;120px&#8221; button_font=&#8221;Montserrat|700|||||||&#8221; button_use_icon=&#8221;off&#8221; custom_padding=&#8221;102px||||false|false&#8221; custom_css_main_element=&#8221;width:245px;||height:245px;&#8221; button_text_shadow_style=&#8221;preset2&#8243; box_shadow_style=&#8221;preset2&#8243; box_shadow_horizontal=&#8221;3px&#8221; box_shadow_vertical=&#8221;3px&#8221; global_colors_info=&#8221;{}&#8221; button_bg_color__hover_enabled=&#8221;on|hover&#8221; button_bg_image__hover=&#8221;https:\/\/simexmin.org.br\/2026\/wp-content\/uploads\/2025\/09\/bts-destaque04b.jpg&#8221; button_bg_enable_image__hover=&#8221;on&#8221; button_text_color__hover_enabled=&#8221;on|hover&#8221; button_text_color__hover=&#8221;RGBA(255,255,255,0)&#8221; button_text_shadow_color__hover_enabled=&#8221;on|hover&#8221; button_text_shadow_color__hover=&#8221;RGBA(255,255,255,0)&#8221;][\/et_pb_button][\/et_pb_column][\/et_pb_row][\/et_pb_section][et_pb_section fb_built=&#8221;1&#8243; custom_padding_last_edited=&#8221;on|phone&#8221; _builder_version=&#8221;4.27.4&#8243; _module_preset=&#8221;default&#8221; background_color=&#8221;#002A54&#8243; background_image=&#8221;https:\/\/simexmin.org.br\/2026\/wp-content\/uploads\/2025\/09\/bg-ouropreto.jpg&#8221; width=&#8221;100%&#8221; custom_padding=&#8221;114px||73px||false|false&#8221; custom_padding_tablet=&#8221;114px||73px||false|false&#8221; custom_padding_phone=&#8221;50px||0px||false|false&#8221; top_divider_height=&#8221;50px&#8221; background_last_edited=&#8221;on|phone&#8221; background_enable_image_phone=&#8221;off&#8221; global_colors_info=&#8221;{}&#8221;][et_pb_row column_structure=&#8221;1_2,1_2&#8243; _builder_version=&#8221;4.23.1&#8243; _module_preset=&#8221;default&#8221; width=&#8221;100%&#8221; max_width=&#8221;1710px&#8221; global_colors_info=&#8221;{}&#8221;][et_pb_column type=&#8221;1_2&#8243; _builder_version=&#8221;4.23.1&#8243; _module_preset=&#8221;default&#8221; global_colors_info=&#8221;{}&#8221;][et_pb_text _builder_version=&#8221;4.23.1&#8243; _module_preset=&#8221;default&#8221; header_text_align=&#8221;center&#8221; header_text_color=&#8221;#FFFFFF&#8221; header_font_size=&#8221;37px&#8221; custom_margin=&#8221;||18px|||&#8221; global_colors_info=&#8221;{}&#8221;]\n<h1 class=\"et_pb_module_header et-fb-editable-element et-fb-editable-element__editing\" data-shortcode-id=\"4.0-1700593874747\" data-quickaccess-id=\"title\" contenteditable=\"true\">J\u00e1 conhece Ouro Preto e o local do evento?<\/h1>\n[\/et_pb_text][et_pb_text _builder_version=&#8221;4.23.1&#8243; _module_preset=&#8221;default&#8221; text_text_color=&#8221;#FFFFFF&#8221; text_font_size=&#8221;25px&#8221; text_orientation=&#8221;center&#8221; global_colors_info=&#8221;{}&#8221;]\n<p><span>Clique no bot\u00e3o abaixo e conhe\u00e7a mais sobre a cidade e como chegar at\u00e9 l\u00e1.<\/span><\/p>\n[\/et_pb_text][et_pb_button button_url=&#8221;https:\/\/simexmin.org.br\/2026\/informacoes-gerais\/&#8221; button_text=&#8221;SAIBA MAIS&#8221; button_alignment=&#8221;center&#8221; _builder_version=&#8221;4.27.4&#8243; _module_preset=&#8221;default&#8221; custom_button=&#8221;on&#8221; button_text_size=&#8221;18px&#8221; button_text_color=&#8221;#FFFFFF&#8221; button_bg_color=&#8221;#DB6C00&#8243; button_border_color=&#8221;#DB6C00&#8243; button_border_radius=&#8221;45px&#8221; custom_margin=&#8221;45px|||||&#8221; global_colors_info=&#8221;{}&#8221; button_text_color__hover_enabled=&#8221;on|hover&#8221; button_text_color__hover=&#8221;#002A54&#8243; button_bg_color__hover_enabled=&#8221;on|hover&#8221; button_bg_color__hover=&#8221;#F7BC13&#8243; button_bg_enable_color__hover=&#8221;on&#8221; button_border_color__hover_enabled=&#8221;on|hover&#8221; button_border_color__hover=&#8221;#F7BC13&#8243;][\/et_pb_button][\/et_pb_column][et_pb_column type=&#8221;1_2&#8243; _builder_version=&#8221;4.23.1&#8243; _module_preset=&#8221;default&#8221; global_colors_info=&#8221;{}&#8221;][\/et_pb_column][\/et_pb_row][\/et_pb_section][et_pb_section fb_built=&#8221;1&#8243; fullwidth=&#8221;on&#8221; _builder_version=&#8221;4.27.4&#8243; _module_preset=&#8221;default&#8221; global_colors_info=&#8221;{}&#8221;][et_pb_fullwidth_image src=&#8221;https:\/\/simexmin.org.br\/2026\/wp-content\/uploads\/2025\/09\/bg-ouropreto-mobile.jpg&#8221; disabled_on=&#8221;off|on|on&#8221; _builder_version=&#8221;4.27.4&#8243; _module_preset=&#8221;default&#8221; global_colors_info=&#8221;{}&#8221;][\/et_pb_fullwidth_image][\/et_pb_section]\n","protected":false},"excerpt":{"rendered":"<p>19 a 22 de maio de 2024 | Ouro Preto, MGSeja bem-vindo \u00e0 12\u00aa edi\u00e7\u00e3o do SIMEXMIN!17 a 20 de maio de 2026, Ouro Preto\/MG \u2013 Centro de Artes e Conven\u00e7\u00f5es da UFOPFundada em 9 de julho de 1996, a Ag\u00eancia para o Desenvolvimento e Inova\u00e7\u00e3o do Setor Mineral Brasileiro \u2013 ADIMB est\u00e1 completando 30 [&hellip;]<\/p>\n","protected":false},"author":1,"featured_media":0,"parent":0,"menu_order":0,"comment_status":"closed","ping_status":"closed","template":"","meta":{"_et_pb_use_builder":"on","_et_pb_old_content":"","_et_gb_content_width":"","footnotes":""},"class_list":["post-12","page","type-page","status-publish","hentry"],"_links":{"self":[{"href":"https:\/\/simexmin.org.br\/2026\/wp-json\/wp\/v2\/pages\/12","targetHints":{"allow":["GET"]}}],"collection":[{"href":"https:\/\/simexmin.org.br\/2026\/wp-json\/wp\/v2\/pages"}],"about":[{"href":"https:\/\/simexmin.org.br\/2026\/wp-json\/wp\/v2\/types\/page"}],"author":[{"embeddable":true,"href":"https:\/\/simexmin.org.br\/2026\/wp-json\/wp\/v2\/users\/1"}],"replies":[{"embeddable":true,"href":"https:\/\/simexmin.org.br\/2026\/wp-json\/wp\/v2\/comments?post=12"}],"version-history":[{"count":76,"href":"https:\/\/simexmin.org.br\/2026\/wp-json\/wp\/v2\/pages\/12\/revisions"}],"predecessor-version":[{"id":1613,"href":"https:\/\/simexmin.org.br\/2026\/wp-json\/wp\/v2\/pages\/12\/revisions\/1613"}],"wp:attachment":[{"href":"https:\/\/simexmin.org.br\/2026\/wp-json\/wp\/v2\/media?parent=12"}],"curies":[{"name":"wp","href":"https:\/\/api.w.org\/{rel}","templated":true}]}}