{"id":16,"date":"2023-11-20T11:45:37","date_gmt":"2023-11-20T11:45:37","guid":{"rendered":"https:\/\/simexmin.org.br\/2024\/?page_id=16"},"modified":"2026-03-31T17:11:35","modified_gmt":"2026-03-31T17:11:35","slug":"inscricoes","status":"publish","type":"page","link":"https:\/\/simexmin.org.br\/2026\/inscricoes\/","title":{"rendered":"INSCRI\u00c7\u00d5ES"},"content":{"rendered":"[et_pb_section fb_built=&#8221;1&#8243; fullwidth=&#8221;on&#8221; _builder_version=&#8221;4.27.4&#8243; _module_preset=&#8221;default&#8221; bottom_divider_color=&#8221;#fbfae8&#8243; bottom_divider_height=&#8221;50px&#8221; global_colors_info=&#8221;{}&#8221;][et_pb_fullwidth_header title=&#8221;INSCRI\u00c7\u00d5ES&#8221; _builder_version=&#8221;4.27.4&#8243; _module_preset=&#8221;default&#8221; title_font=&#8221;|800|||||||&#8221; title_text_align=&#8221;center&#8221; title_font_size=&#8221;48px&#8221; background_image=&#8221;https:\/\/simexmin.org.br\/2026\/wp-content\/uploads\/2025\/10\/tarja-titulos-fina.jpg&#8221; background_position=&#8221;center_left&#8221; custom_padding=&#8221;20px||10px||false|false&#8221; title_font_size_tablet=&#8221;48px&#8221; title_font_size_phone=&#8221;33px&#8221; title_font_size_last_edited=&#8221;on|phone&#8221; title_text_shadow_style=&#8221;preset2&#8243; global_colors_info=&#8221;{}&#8221;][\/et_pb_fullwidth_header][\/et_pb_section][et_pb_section fb_built=&#8221;1&#8243; _builder_version=&#8221;4.27.4&#8243; _module_preset=&#8221;default&#8221; background_image=&#8221;https:\/\/simexmin.org.br\/2026\/wp-content\/uploads\/2025\/09\/bg-pgs-internas2.jpg&#8221; parallax=&#8221;on&#8221; parallax_method=&#8221;off&#8221; background_blend=&#8221;multiply&#8221; global_colors_info=&#8221;{}&#8221;][et_pb_row _builder_version=&#8221;4.23.1&#8243; _module_preset=&#8221;default&#8221; width=&#8221;90%&#8221; max_width=&#8221;1357px&#8221; custom_margin=&#8221;-25px|auto||auto||&#8221; custom_padding=&#8221;||0px|||&#8221; global_colors_info=&#8221;{}&#8221;][et_pb_column type=&#8221;4_4&#8243; _builder_version=&#8221;4.16&#8243; _module_preset=&#8221;default&#8221; global_colors_info=&#8221;{}&#8221;][et_pb_text _builder_version=&#8221;4.27.4&#8243; _module_preset=&#8221;default&#8221; text_font=&#8221;|600|||||||&#8221; text_font_size=&#8221;17px&#8221; background_color=&#8221;RGBA(255,255,255,0)&#8221; global_colors_info=&#8221;{}&#8221;]\n<div class=\"su-table su-table-alternate\">\n<table>\n<tbody>\n<tr>\n<td style=\"text-align: center;width: 165px\"><span style=\"color: #ff9900\"><strong>CATEGORIA<\/strong><\/span><\/td>\n<td style=\"text-align: center;width: 96.2188px\"><span style=\"color: #ff9900\"><strong><span class=\"color: #ff9900;\">2\u00ba LOTE<br \/>(1\u00aa\/02 a 30\/04\/2026)<\/span><\/strong><\/span><\/td>\n<td style=\"text-align: center;width: 96.2188px\"><span style=\"color: #ff9900\"><strong><span class=\"color: #ff9900;\">3\u00ba LOTE<br \/>(1\u00ba\/05 a 15\/05\/2026)<\/span><\/strong><\/span><\/td>\n<td style=\"text-align: center;width: 98.1406px\"><span style=\"color: #ff9900\"><strong><span class=\"color: #ff9900;\">DAY USE*<br \/>(18 a 20\/05\/2026)<\/span><\/strong><\/span><\/td>\n<td style=\"text-align: center;width: 62.5469px\" bgcolor=\"#F7BC13\"><span style=\"color: #ff9900\"><strong>No Evento<\/strong><\/span><\/td>\n<\/tr>\n<tr>\n<td style=\"text-align: center;width: 165px\">Profissional de empresas n\u00e3o associadas \u00e0 ADIMB<\/td>\n<td style=\"text-align: center;width: 96.2188px\">R$ 1.400,00<\/td>\n<td style=\"text-align: center;width: 96.2188px\">R$ 1.600,00<\/td>\n<td style=\"text-align: center;width: 98.1406px\">R$ 600,00<\/td>\n<td style=\"text-align: center;width: 62.5469px\" bgcolor=\"#F7BC13\">R$ 1.900,00<\/td>\n<\/tr>\n<tr>\n<td style=\"text-align: center;width: 165px\">Profissional de empresas associadas \u00e0 ADIMB &#8211; PLENO<\/td>\n<td style=\"text-align: center;width: 96.2188px\">R$ 1.190,00<\/td>\n<td style=\"text-align: center;width: 96.2188px\">R$ 1.360,00<\/td>\n<td style=\"text-align: center;width: 98.1406px\">R$ 510,00<\/td>\n<td style=\"text-align: center;width: 62.5469px\" bgcolor=\"#F7BC13\">R$ 1.615,00<\/td>\n<\/tr>\n<tr>\n<td style=\"text-align: center;width: 165px\">Profissional de empresas associadas \u00e0 ADIMB &#8211; PATRONO<\/td>\n<td style=\"text-align: center;width: 96.2188px\">R$ 1.050,00<\/td>\n<td style=\"text-align: center;width: 96.2188px\">R$ 1.200,00<\/td>\n<td style=\"text-align: center;width: 98.1406px\">R$ 450,00<\/td>\n<td style=\"text-align: center;width: 62.5469px\" bgcolor=\"#F7BC13\">R$ 1.425,00<\/td>\n<\/tr>\n<tr>\n<td style=\"text-align: center;width: 165px\">Profissional S\u00eanior (+60 anos) e Professores ou sem v\u00edculo empregat\u00edcio<\/td>\n<td style=\"text-align: center;width: 96.2188px\">R$ 1.040,00<\/td>\n<td style=\"text-align: center;width: 96.2188px\">R$ 1.200,00<\/td>\n<td style=\"text-align: center;width: 98.1406px\">R$ 480,00<\/td>\n<td style=\"text-align: center;width: 62.5469px\" bgcolor=\"#F7BC13\">R$ 1.440,00<\/td>\n<\/tr>\n<tr>\n<td style=\"text-align: center;width: 165px\">Estudantes de gradua\u00e7\u00e3o ou p\u00f3s-gradua\u00e7\u00e3o (n\u00e3o vinculado \u00e0 empresas associadas ou n\u00e3o associadas)<\/td>\n<td style=\"text-align: center;width: 96.2188px\">R$ 520,00<\/td>\n<td style=\"text-align: center;width: 96.2188px\">R$ 600,00<\/td>\n<td style=\"text-align: center;width: 98.1406px\">N\u00c3O DISPON\u00cdVEL<\/td>\n<td style=\"text-align: center;width: 62.5469px\" bgcolor=\"#F7BC13\">R$ 720,00<\/td>\n<\/tr>\n<tr>\n<td style=\"text-align: center;width: 165px\">Day use para 17\/05\/2026 (todas as categorias)<\/td>\n<td style=\"text-align: center;width: 96.2188px\">R$ 150,00<\/td>\n<td style=\"text-align: center;width: 96.2188px\"><\/td>\n<td style=\"text-align: center;width: 98.1406px\"><\/td>\n<td style=\"text-align: center;width: 62.5469px\" bgcolor=\"#F7BC13\"><\/td>\n<\/tr>\n<\/tbody>\n<\/table>\n<\/div>\n[\/et_pb_text][\/et_pb_column][\/et_pb_row][et_pb_row disabled_on=&#8221;on|on|on&#8221; _builder_version=&#8221;4.27.4&#8243; _module_preset=&#8221;default&#8221; width=&#8221;90%&#8221; max_width=&#8221;1357px&#8221; custom_margin=&#8221;-25px|auto||auto||&#8221; custom_padding=&#8221;||0px|||&#8221; disabled=&#8221;on&#8221; global_colors_info=&#8221;{}&#8221;][et_pb_column type=&#8221;4_4&#8243; _builder_version=&#8221;4.16&#8243; _module_preset=&#8221;default&#8221; global_colors_info=&#8221;{}&#8221;][et_pb_text _builder_version=&#8221;4.27.4&#8243; _module_preset=&#8221;default&#8221; text_font=&#8221;|600|||||||&#8221; text_font_size=&#8221;17px&#8221; background_color=&#8221;RGBA(255,255,255,0)&#8221; global_colors_info=&#8221;{}&#8221;]\n<div class=\"su-table su-table-alternate\">\n<table>\n<tbody>\n<tr>\n<td style=\"text-align: center;width: 165px\"><span style=\"color: #ff9900\"><strong>CATEGORIA<\/strong><\/span><\/td>\n<td style=\"text-align: center;width: 96.2188px\"><span style=\"color: #ff9900\"><strong><span class=\"color: #ff9900;\">1\u00ba LOTE<br \/>(10\/11 a 31\/01\/2026)<\/span><\/strong><\/span><\/td>\n<td style=\"text-align: center;width: 96.2188px\"><span style=\"color: #ff9900\"><strong><span class=\"color: #ff9900;\">2\u00ba LOTE<br \/>(1\u00aa\/02 a 30\/04\/2026)<\/span><\/strong><\/span><\/td>\n<td style=\"text-align: center;width: 96.2188px\"><span style=\"color: #ff9900\"><strong><span class=\"color: #ff9900;\">3\u00ba LOTE<br \/>(1\u00ba\/05 a 15\/05\/2026)<\/span><\/strong><\/span><\/td>\n<td style=\"text-align: center;width: 98.1406px\"><span style=\"color: #ff9900\"><strong><span class=\"color: #ff9900;\">DAY USE*<br \/>(18 a 20\/05\/2026)<\/span><\/strong><\/span><\/td>\n<td style=\"text-align: center;width: 62.5469px\" bgcolor=\"#F7BC13\"><span style=\"color: #ff9900\"><strong>No Evento<\/strong><\/span><\/td>\n<\/tr>\n<tr>\n<td style=\"text-align: center;width: 165px\">Profissional de empresas n\u00e3o associadas \u00e0 ADIMB<\/td>\n<td style=\"text-align: center;width: 96.2188px\">R$ 1.200,00<\/td>\n<td style=\"text-align: center;width: 96.2188px\">R$ 1.400,00<\/td>\n<td style=\"text-align: center;width: 96.2188px\">R$ 1.600,00<\/td>\n<td style=\"text-align: center;width: 98.1406px\">R$ 600,00<\/td>\n<td style=\"text-align: center;width: 62.5469px\" bgcolor=\"#F7BC13\">R$ 1.900,00<\/td>\n<\/tr>\n<tr>\n<td style=\"text-align: center;width: 165px\">Profissional de empresas associadas \u00e0 ADIMB &#8211; PLENO<\/td>\n<td style=\"text-align: center;width: 96.2188px\">R$ 1.020,00<\/td>\n<td style=\"text-align: center;width: 96.2188px\">R$ 1.190,00<\/td>\n<td style=\"text-align: center;width: 96.2188px\">R$ 1.360,00<\/td>\n<td style=\"text-align: center;width: 98.1406px\">R$ 510,00<\/td>\n<td style=\"text-align: center;width: 62.5469px\" bgcolor=\"#F7BC13\">R$ 1.615,00<\/td>\n<\/tr>\n<tr>\n<td style=\"text-align: center;width: 165px\">Profissional de empresas associadas \u00e0 ADIMB &#8211; PATRONO<\/td>\n<td style=\"text-align: center;width: 96.2188px\">R$ 900,00<\/td>\n<td style=\"text-align: center;width: 96.2188px\">R$ 1.050,00<\/td>\n<td style=\"text-align: center;width: 96.2188px\">R$ 1.200,00<\/td>\n<td style=\"text-align: center;width: 98.1406px\">R$ 450,00<\/td>\n<td style=\"text-align: center;width: 62.5469px\" bgcolor=\"#F7BC13\">R$ 1.425,00<\/td>\n<\/tr>\n<tr>\n<td style=\"text-align: center;width: 165px\">Profissional S\u00eanior (+60 anos) e Professores<\/td>\n<td style=\"text-align: center;width: 96.2188px\">R$ 880,00<\/td>\n<td style=\"text-align: center;width: 96.2188px\">R$ 1.040,00<\/td>\n<td style=\"text-align: center;width: 96.2188px\">R$ 1.200,00<\/td>\n<td style=\"text-align: center;width: 98.1406px\">R$ 480,00<\/td>\n<td style=\"text-align: center;width: 62.5469px\" bgcolor=\"#F7BC13\">R$ 1.440,00<\/td>\n<\/tr>\n<tr>\n<td style=\"text-align: center;width: 165px\">Estudantes de gradua\u00e7\u00e3o ou p\u00f3s-gradua\u00e7\u00e3o (n\u00e3o vinculado \u00e0 empresas associadas ou n\u00e3o associadas)<\/td>\n<td style=\"text-align: center;width: 96.2188px\">R$ 440,00<\/td>\n<td style=\"text-align: center;width: 96.2188px\">R$ 520,00<\/td>\n<td style=\"text-align: center;width: 96.2188px\">R$ 600,00<\/td>\n<td style=\"text-align: center;width: 98.1406px\">N\u00c3O DISPON\u00cdVEL<\/td>\n<td style=\"text-align: center;width: 62.5469px\" bgcolor=\"#F7BC13\">R$ 720,00<\/td>\n<\/tr>\n<tr>\n<td style=\"text-align: center;width: 165px\">Day use para 17\/05\/2026 (todas as categorias)<\/td>\n<td style=\"text-align: center;width: 96.2188px\">R$ 150,00<\/td>\n<td style=\"text-align: center;width: 96.2188px\"><\/td>\n<td style=\"text-align: center;width: 96.2188px\"><\/td>\n<td style=\"text-align: center;width: 98.1406px\"><\/td>\n<td style=\"text-align: center;width: 62.5469px\" bgcolor=\"#F7BC13\"><\/td>\n<\/tr>\n<\/tbody>\n<\/table>\n<\/div>\n[\/et_pb_text][\/et_pb_column][\/et_pb_row][et_pb_row column_structure=&#8221;1_2,1_2&#8243; _builder_version=&#8221;4.27.4&#8243; _module_preset=&#8221;default&#8221; max_width=&#8221;1358px&#8221; global_colors_info=&#8221;{}&#8221;][et_pb_column type=&#8221;1_2&#8243; _builder_version=&#8221;4.27.4&#8243; _module_preset=&#8221;default&#8221; background_color=&#8221;RGBA(255,255,255,0)&#8221; custom_padding=&#8221;||||false|true&#8221; global_colors_info=&#8221;{}&#8221;][et_pb_text _builder_version=&#8221;4.27.4&#8243; _module_preset=&#8221;default&#8221; header_3_text_color=&#8221;#DB6C00&#8243; custom_margin=&#8221;||21px|||&#8221; border_width_bottom=&#8221;1px&#8221; border_color_bottom=&#8221;#F7BC13&#8243; global_colors_info=&#8221;{}&#8221;]\n<h3>ORIENTA\u00c7\u00d5ES GERAIS<\/h3>\n[\/et_pb_text][et_pb_text _builder_version=&#8221;4.27.4&#8243; _module_preset=&#8221;default&#8221; text_font=&#8221;|600|||||||&#8221; text_font_size=&#8221;17px&#8221; link_text_color=&#8221;#295097&#8243; ul_font=&#8221;||||||||&#8221; ul_font_size=&#8221;17px&#8221; ul_line_height=&#8221;1.4em&#8221; custom_margin=&#8221;||11px|||&#8221; global_colors_info=&#8221;{}&#8221;]\n<ul>\n<li>Verifique se sua empresa \u00e9 associado \u00e0 ADIMB, antes da inscri\u00e7\u00e3o, n\u00e3o ser\u00e3o realizados reembolsos ou repasse de diferen\u00e7a de valor.<br \/><a href=\"https:\/\/adimb.org.br\/associados\/\" target=\"_blank\" rel=\"noopener\">https:\/\/adimb.org.br\/associados\/<\/a><\/li>\n<li>S\u00f3 \u00e9 permitido o envio de uma \u00fanica inscri\u00e7\u00e3o por conta de usu\u00e1rio.<\/li>\n<li>Sua vaga somente estar\u00e1 garantida ap\u00f3s o pagamento da Inscri\u00e7\u00e3o<\/li>\n<li>Estudantes de gradua\u00e7\u00e3o e p\u00f3s-gradua\u00e7\u00e3o dever\u00e3o anexar no sistema de inscri\u00e7\u00e3o o comprovante de matr\u00edcula do semestre atual, emitido pela institui\u00e7\u00e3o a que s\u00e3o vinculados. O estudante deve estar com o curso &#8220;em andamento&#8221; no ato da inscri\u00e7\u00e3o.<\/li>\n<li>Professores dever\u00e3o anexar no sistema de inscri\u00e7\u00e3o documento que comprove o v\u00ednculo com a Universidade\/Institui\u00e7\u00e3o a que s\u00e3o vinculados.<\/li>\n<li>Profissional S\u00eanior (+60 anos): necess\u00e1rio envio de documento (CNH ou RG). Profissional sem v\u00ednculo empregat\u00edcio adicionar carteira profissional ou declara\u00e7\u00e3o \u00e0 pr\u00f3prio punho.<\/li>\n<li>O Recibo de Pagamento estar\u00e1 dispon\u00edvel na \u00c1rea de Inscrito, assim que o pagamento for confirmado.<\/li>\n<li>Caso necessite de faturamento das inscri\u00e7\u00f5es via ADIMB, antes de efetivar a inscri\u00e7\u00e3o favor solicitar orienta\u00e7\u00f5es atrav\u00e9s do e-mail: <a href=\"mailto:financeiro@adimb.org.br\">financeiro@adimb.org.br<\/a><\/li>\n<\/ul>\n[\/et_pb_text][et_pb_text _builder_version=&#8221;4.23.1&#8243; _module_preset=&#8221;default&#8221; text_font=&#8221;|700|||||||&#8221; text_text_color=&#8221;#DB6C00&#8243; custom_margin=&#8221;||14px|||&#8221; global_colors_info=&#8221;{}&#8221;]\n<p>ATEN\u00c7\u00c3O:<\/p>\n[\/et_pb_text][et_pb_text _builder_version=&#8221;4.27.4&#8243; _module_preset=&#8221;default&#8221; text_font=&#8221;|600|||||||&#8221; text_font_size=&#8221;17px&#8221; link_text_color=&#8221;#295097&#8243; ul_font=&#8221;||||||||&#8221; ul_font_size=&#8221;17px&#8221; ul_line_height=&#8221;1.4em&#8221; global_colors_info=&#8221;{}&#8221;]\n<ul>\n<li>Day-use valor v\u00e1lido para aquisi\u00e7\u00e3o at\u00e9 30\/04\/2026; Valores sujeitos a altera\u00e7\u00e3o<\/li>\n<li>Day-use permite acesso ao evento somente nos dias 18 ou 19 ou 20\/05\/2026<\/li>\n<li>Day use para o dia 17\/05\/2026 \u2013 acesso \u00e0 cerim\u00f4nia de abertura e coquetel<\/li>\n<li>A inscri\u00e7\u00e3o na categoria Day User (18,19,20) d\u00e1 direito \u00e0 entrada no audit\u00f3rio do Simp\u00f3sio no dia espec\u00edfico escolhido para participa\u00e7\u00e3o, n\u00e3o inclui material do Simp\u00f3sio, somente programa\u00e7\u00e3o e certificado de participa\u00e7\u00e3o referente ao dia escolhido. Ser\u00e1 permitido apenas a escolha de um dia da programa\u00e7\u00e3o para participa\u00e7\u00e3o nesta categoria de inscri\u00e7\u00e3o.<\/li>\n<\/ul>\n[\/et_pb_text][\/et_pb_column][et_pb_column type=&#8221;1_2&#8243; _builder_version=&#8221;4.23.1&#8243; _module_preset=&#8221;default&#8221; global_colors_info=&#8221;{}&#8221;][et_pb_text _builder_version=&#8221;4.23.1&#8243; _module_preset=&#8221;default&#8221; header_3_text_color=&#8221;#DB6C00&#8243; custom_margin=&#8221;||21px|||&#8221; border_width_bottom=&#8221;1px&#8221; border_color_bottom=&#8221;#F7BC13&#8243; global_colors_info=&#8221;{}&#8221;]\n<h3>POL\u00cdTICA DE CANCELAMENTO<\/h3>\n[\/et_pb_text][et_pb_text _builder_version=&#8221;4.27.4&#8243; _module_preset=&#8221;default&#8221; text_font=&#8221;|600|||||||&#8221; text_font_size=&#8221;17px&#8221; text_line_height=&#8221;1.3em&#8221; link_text_color=&#8221;#295097&#8243; global_colors_info=&#8221;{}&#8221;]\n<ul>\n<li>As solicita\u00e7\u00f5es de cancelamento dever\u00e3o ser efetuadas at\u00e9 o dia 1\u00ba de maio de 2026, mediante comunica\u00e7\u00e3o escrita ao e-mail:<br \/><a href=\"mailto:simexmin@adimb.org.br\">simexmin@adimb.org.br<\/a>.<\/li>\n<li>O participante ter\u00e1 direito a restitui\u00e7\u00e3o do valor pago, deduzido de 30% de encargos administrativos.<\/li>\n<li>A devolu\u00e7\u00e3o ser\u00e1 feita em at\u00e9 15 dias \u00fateis ap\u00f3s a solicita\u00e7\u00e3o.<\/li>\n<li>A solicita\u00e7\u00e3o de cancelamento de inscri\u00e7\u00e3o ap\u00f3s essa data N\u00c3O ser\u00e1 apta para reembolso.<\/li>\n<\/ul>\n[\/et_pb_text][et_pb_text _builder_version=&#8221;4.27.4&#8243; _module_preset=&#8221;default&#8221; header_3_text_color=&#8221;#DB6C00&#8243; custom_margin=&#8221;||21px|||&#8221; border_width_bottom=&#8221;1px&#8221; border_color_bottom=&#8221;#F7BC13&#8243; global_colors_info=&#8221;{}&#8221;]\n<h3>POL\u00cdTICA DE SUBSTITUI\u00c7\u00d5ES<\/h3>\n[\/et_pb_text][et_pb_text _builder_version=&#8221;4.27.4&#8243; _module_preset=&#8221;default&#8221; text_font=&#8221;|600|||||||&#8221; text_font_size=&#8221;17px&#8221; text_line_height=&#8221;1.3em&#8221; link_text_color=&#8221;#295097&#8243; global_colors_info=&#8221;{}&#8221;]\n<p>A inscri\u00e7\u00e3o no evento poder\u00e1 ser transferida para outra pessoa dentro da mesma categoria. Ser\u00e3o aceitas substitui\u00e7\u00f5es at\u00e9 o dia 1\u00ba de maio de 2026, mediante pedido por escrito, enviado para o e-mail: <a href=\"mailto:simexmin@adimb.org.br\">simexmin@adimb.org.br<\/a>, juntamente com nome completo, cpf e e-mail do novo participante.<\/p>\n<p>As orienta\u00e7\u00f5es para efetivar a inscri\u00e7\u00e3o ser\u00e3o enviadas via ADIMB ao indicado.<\/p>\n[\/et_pb_text][et_pb_text _builder_version=&#8221;4.23.1&#8243; _module_preset=&#8221;default&#8221; header_3_text_color=&#8221;#DB6C00&#8243; custom_margin=&#8221;||21px|||&#8221; border_width_bottom=&#8221;1px&#8221; border_color_bottom=&#8221;#F7BC13&#8243; global_colors_info=&#8221;{}&#8221;]\n<h3>INSCRI\u00c7\u00d5ES NO LOCAL<\/h3>\n[\/et_pb_text][et_pb_text _builder_version=&#8221;4.27.4&#8243; _module_preset=&#8221;default&#8221; text_font=&#8221;|600|||||||&#8221; text_font_size=&#8221;17px&#8221; text_line_height=&#8221;1.3em&#8221; global_colors_info=&#8221;{}&#8221;]\n<p>Ap\u00f3s 15 de maio de 2026, as inscri\u00e7\u00f5es devem ser realizadas apenas no local do evento.<\/p>\n<p>Ser\u00e3o aceitos nesta data apenas pagamentos via cart\u00e3o de cr\u00e9dito, transfer\u00eancia banc\u00e1ria ou Pix.<\/p>\n<p>N\u00e3o ser\u00e1 aceito pagamento em dinheiro ou cheque.<\/p>\n[\/et_pb_text][\/et_pb_column][\/et_pb_row][et_pb_row _builder_version=&#8221;4.27.4&#8243; _module_preset=&#8221;default&#8221; custom_margin=&#8221;26px|auto||auto||&#8221; global_colors_info=&#8221;{}&#8221;][et_pb_column type=&#8221;4_4&#8243; _builder_version=&#8221;4.27.4&#8243; _module_preset=&#8221;default&#8221; global_colors_info=&#8221;{}&#8221;][et_pb_text _builder_version=&#8221;4.27.4&#8243; _module_preset=&#8221;default&#8221; header_text_align=&#8221;center&#8221; header_text_color=&#8221;#295097&#8243; global_colors_info=&#8221;{}&#8221;]\n<h1>TIMELINE &#8211; INSCRI\u00c7\u00d5ES<\/h1>\n[\/et_pb_text][\/et_pb_column][\/et_pb_row][et_pb_row column_structure=&#8221;3_5,2_5&#8243; _builder_version=&#8221;4.27.4&#8243; _module_preset=&#8221;default&#8221; global_colors_info=&#8221;{}&#8221;][et_pb_column type=&#8221;3_5&#8243; _builder_version=&#8221;4.27.4&#8243; _module_preset=&#8221;default&#8221; global_colors_info=&#8221;{}&#8221;][et_pb_image src=&#8221;https:\/\/simexmin.org.br\/2026\/wp-content\/uploads\/2025\/10\/timeline-inscricoes.png&#8221; align=&#8221;center&#8221; _builder_version=&#8221;4.27.4&#8243; _module_preset=&#8221;default&#8221; global_colors_info=&#8221;{}&#8221;][\/et_pb_image][\/et_pb_column][et_pb_column type=&#8221;2_5&#8243; _builder_version=&#8221;4.27.4&#8243; _module_preset=&#8221;default&#8221; global_colors_info=&#8221;{}&#8221;][et_pb_video src=&#8221;https:\/\/simexmin.org.br\/2026\/wp-content\/uploads\/2026\/03\/Simexmin-compac.mp4&#8243; _builder_version=&#8221;4.27.4&#8243; _module_preset=&#8221;default&#8221; global_colors_info=&#8221;{}&#8221;][\/et_pb_video][\/et_pb_column][\/et_pb_row][et_pb_row disabled_on=&#8221;off|off|off&#8221; _builder_version=&#8221;4.27.4&#8243; _module_preset=&#8221;default&#8221; max_width=&#8221;1358px&#8221; global_colors_info=&#8221;{}&#8221;][et_pb_column type=&#8221;4_4&#8243; _builder_version=&#8221;4.23.1&#8243; _module_preset=&#8221;default&#8221; global_colors_info=&#8221;{}&#8221;][et_pb_button button_url=&#8221;https:\/\/www.hbatools.com.br\/xii-simexmin&#8212;2026__2493&#8243; url_new_window=&#8221;on&#8221; button_text=&#8221;FA\u00c7A SUA INSCRI\u00c7\u00c3O! CLIQUE AQUI.&#8221; button_alignment=&#8221;center&#8221; disabled_on=&#8221;off|off|off&#8221; _builder_version=&#8221;4.27.4&#8243; _module_preset=&#8221;default&#8221; custom_button=&#8221;on&#8221; button_text_size=&#8221;28px&#8221; button_text_color=&#8221;#FFFFFF&#8221; button_bg_color=&#8221;#002A54&#8243; button_border_color=&#8221;#002A54&#8243; button_border_radius=&#8221;27px&#8221; button_font=&#8221;|700|||||||&#8221; custom_margin=&#8221;14px|||||&#8221; button_text_size_tablet=&#8221;28px&#8221; button_text_size_phone=&#8221;20px&#8221; button_text_size_last_edited=&#8221;on|phone&#8221; global_colors_info=&#8221;{}&#8221; button_text_color__hover_enabled=&#8221;on|hover&#8221; button_text_color__hover=&#8221;#002A54&#8243; button_bg_color__hover_enabled=&#8221;on|hover&#8221; button_bg_color__hover=&#8221;#F7BC13&#8243; button_bg_enable_color__hover=&#8221;on&#8221; button_border_color__hover_enabled=&#8221;on|hover&#8221; button_border_color__hover=&#8221;#F7BC13&#8243;][\/et_pb_button][\/et_pb_column][\/et_pb_row][et_pb_row disabled_on=&#8221;on|on|on&#8221; _builder_version=&#8221;4.27.4&#8243; _module_preset=&#8221;default&#8221; disabled=&#8221;on&#8221; global_colors_info=&#8221;{}&#8221;][et_pb_column type=&#8221;4_4&#8243; _builder_version=&#8221;4.25.1&#8243; _module_preset=&#8221;default&#8221; global_colors_info=&#8221;{}&#8221;][et_pb_text _builder_version=&#8221;4.27.4&#8243; _module_preset=&#8221;default&#8221; text_font=&#8221;|800|||||||&#8221; text_text_color=&#8221;#FFFFFF&#8221; text_font_size=&#8221;26px&#8221; header_text_color=&#8221;#DD5D00&#8243; header_font_size=&#8221;36px&#8221; background_color=&#8221;#295097&#8243; text_orientation=&#8221;center&#8221; custom_padding=&#8221;20px||20px||false|false&#8221; global_colors_info=&#8221;{}&#8221;]\n<p><span>Inscri\u00e7\u00f5es em breve<\/span><\/p>\n[\/et_pb_text][\/et_pb_column][\/et_pb_row][\/et_pb_section]\n","protected":false},"excerpt":{"rendered":"<p><div class=\"su-table su-table-alternate\"><\/div> CATEGORIA 2\u00ba LOTE(1\u00aa\/02 a 30\/04\/2026) 3\u00ba LOTE(1\u00ba\/05 a 15\/05\/2026) DAY USE*(18 a 20\/05\/2026) No Evento Profissional de empresas n\u00e3o associadas \u00e0 ADIMB R$ 1.400,00 R$ 1.600,00 R$ 600,00 R$ 1.900,00 Profissional de empresas associadas \u00e0 ADIMB &#8211; PLENO R$ 1.190,00 R$ 1.360,00 R$ 510,00 R$ 1.615,00 Profissional de empresas associadas \u00e0 ADIMB &#8211; [&hellip;]<\/p>\n","protected":false},"author":1,"featured_media":0,"parent":0,"menu_order":0,"comment_status":"closed","ping_status":"closed","template":"","meta":{"_et_pb_use_builder":"on","_et_pb_old_content":"","_et_gb_content_width":"","footnotes":""},"class_list":["post-16","page","type-page","status-publish","hentry"],"_links":{"self":[{"href":"https:\/\/simexmin.org.br\/2026\/wp-json\/wp\/v2\/pages\/16","targetHints":{"allow":["GET"]}}],"collection":[{"href":"https:\/\/simexmin.org.br\/2026\/wp-json\/wp\/v2\/pages"}],"about":[{"href":"https:\/\/simexmin.org.br\/2026\/wp-json\/wp\/v2\/types\/page"}],"author":[{"embeddable":true,"href":"https:\/\/simexmin.org.br\/2026\/wp-json\/wp\/v2\/users\/1"}],"replies":[{"embeddable":true,"href":"https:\/\/simexmin.org.br\/2026\/wp-json\/wp\/v2\/comments?post=16"}],"version-history":[{"count":67,"href":"https:\/\/simexmin.org.br\/2026\/wp-json\/wp\/v2\/pages\/16\/revisions"}],"predecessor-version":[{"id":1637,"href":"https:\/\/simexmin.org.br\/2026\/wp-json\/wp\/v2\/pages\/16\/revisions\/1637"}],"wp:attachment":[{"href":"https:\/\/simexmin.org.br\/2026\/wp-json\/wp\/v2\/media?parent=16"}],"curies":[{"name":"wp","href":"https:\/\/api.w.org\/{rel}","templated":true}]}}