{"id":1735,"date":"2026-04-27T20:02:43","date_gmt":"2026-04-27T20:02:43","guid":{"rendered":"https:\/\/simexmin.org.br\/2026\/?page_id=1735"},"modified":"2026-04-27T20:47:33","modified_gmt":"2026-04-27T20:47:33","slug":"regras-de-apresentacao","status":"publish","type":"page","link":"https:\/\/simexmin.org.br\/2026\/regras-de-apresentacao\/","title":{"rendered":"Regras de Apresenta\u00e7\u00e3o"},"content":{"rendered":"[et_pb_section fb_built=&#8221;1&#8243; fullwidth=&#8221;on&#8221; _builder_version=&#8221;4.27.4&#8243; _module_preset=&#8221;default&#8221; bottom_divider_color=&#8221;#fbfae8&#8243; bottom_divider_height=&#8221;50px&#8221; global_colors_info=&#8221;{}&#8221;][et_pb_fullwidth_header title=&#8221;INSTRU\u00c7\u00d5ES PARA APRESENTA\u00c7\u00d5ES P\u00d4STER&#8221; _builder_version=&#8221;4.27.4&#8243; _module_preset=&#8221;default&#8221; title_font=&#8221;|800|||||||&#8221; title_text_align=&#8221;center&#8221; title_font_size=&#8221;48px&#8221; background_image=&#8221;https:\/\/simexmin.org.br\/2026\/wp-content\/uploads\/2025\/10\/tarja-titulos-fina.jpg&#8221; background_position=&#8221;center_left&#8221; custom_padding=&#8221;20px||10px||false|false&#8221; title_font_size_tablet=&#8221;48px&#8221; title_font_size_phone=&#8221;33px&#8221; title_font_size_last_edited=&#8221;on|phone&#8221; title_text_shadow_style=&#8221;preset2&#8243; global_colors_info=&#8221;{}&#8221;][\/et_pb_fullwidth_header][\/et_pb_section][et_pb_section fb_built=&#8221;1&#8243; _builder_version=&#8221;4.27.4&#8243; _module_preset=&#8221;default&#8221; background_image=&#8221;https:\/\/simexmin.org.br\/2026\/wp-content\/uploads\/2025\/09\/bg-pgs-internas2.jpg&#8221; parallax=&#8221;on&#8221; parallax_method=&#8221;off&#8221; background_blend=&#8221;multiply&#8221; global_colors_info=&#8221;{}&#8221;][et_pb_row disabled_on=&#8221;off|off|off&#8221; _builder_version=&#8221;4.27.4&#8243; _module_preset=&#8221;default&#8221; global_colors_info=&#8221;{}&#8221;][et_pb_column type=&#8221;4_4&#8243; _builder_version=&#8221;4.23.1&#8243; _module_preset=&#8221;default&#8221; global_colors_info=&#8221;{}&#8221;][et_pb_text ol_position=&#8221;outside&#8221; ol_item_indent=&#8221;19px&#8221; _builder_version=&#8221;4.27.4&#8243; _module_preset=&#8221;default&#8221; text_font=&#8221;|600|||||||&#8221; link_text_color=&#8221;#DD5D00&#8243; ol_line_height=&#8221;1.4em&#8221; global_colors_info=&#8221;{}&#8221;]\n<ul>\n<li><strong>Data da apresenta\u00e7\u00e3o:<\/strong> <strong>18\/05\/2026 e 19\/05\/2026 (clique nos bot\u00f5es ao final desta p\u00e1gina)<\/strong><\/li>\n<li><strong>Montagem do p\u00f4ster:<\/strong> das 8h \u00e0s 10h<\/li>\n<li><strong>Retirada:<\/strong> no mesmo dia, ap\u00f3s \u00e0s 18h<\/li>\n<li><strong>Dimens\u00f5es do p\u00f4ster:<\/strong> 0,90 m (largura) x 1,20 m (altura)<\/li>\n<\/ul>\n<p>Recomendamos fortemente a utiliza\u00e7\u00e3o do template disponibilizado abaixo.<\/p>\n[\/et_pb_text][\/et_pb_column][\/et_pb_row][et_pb_row disabled_on=&#8221;off|off|off&#8221; _builder_version=&#8221;4.27.4&#8243; _module_preset=&#8221;default&#8221; max_width=&#8221;1358px&#8221; global_colors_info=&#8221;{}&#8221;][et_pb_column type=&#8221;4_4&#8243; _builder_version=&#8221;4.23.1&#8243; _module_preset=&#8221;default&#8221; global_colors_info=&#8221;{}&#8221;][et_pb_button button_url=&#8221;https:\/\/simexmin.org.br\/2026\/wp-content\/uploads\/2026\/04\/template_poster_XIISimexmin2026.pptx&#8221; url_new_window=&#8221;on&#8221; button_text=&#8221;CLIQUE AQUI PARA BAIXAR O TEMPLATE (pptx)&#8221; button_alignment=&#8221;center&#8221; disabled_on=&#8221;off|off|off&#8221; _builder_version=&#8221;4.27.4&#8243; _module_preset=&#8221;default&#8221; custom_button=&#8221;on&#8221; button_text_size=&#8221;28px&#8221; button_text_color=&#8221;#FFFFFF&#8221; button_bg_color=&#8221;#002A54&#8243; button_border_color=&#8221;#002A54&#8243; button_border_radius=&#8221;27px&#8221; button_font=&#8221;|700|||||||&#8221; custom_margin=&#8221;14px|||||&#8221; button_text_size_tablet=&#8221;28px&#8221; button_text_size_phone=&#8221;20px&#8221; button_text_size_last_edited=&#8221;on|phone&#8221; global_colors_info=&#8221;{}&#8221; button_text_color__hover_enabled=&#8221;on|hover&#8221; button_text_color__hover=&#8221;#002A54&#8243; button_bg_color__hover_enabled=&#8221;on|hover&#8221; button_bg_color__hover=&#8221;#F7BC13&#8243; button_bg_enable_color__hover=&#8221;on&#8221; button_border_color__hover_enabled=&#8221;on|hover&#8221; button_border_color__hover=&#8221;#F7BC13&#8243;][\/et_pb_button][\/et_pb_column][\/et_pb_row][et_pb_row disabled_on=&#8221;off|off|off&#8221; _builder_version=&#8221;4.27.4&#8243; _module_preset=&#8221;default&#8221; global_colors_info=&#8221;{}&#8221;][et_pb_column type=&#8221;4_4&#8243; _builder_version=&#8221;4.23.1&#8243; _module_preset=&#8221;default&#8221; global_colors_info=&#8221;{}&#8221;][et_pb_text ol_position=&#8221;outside&#8221; ol_item_indent=&#8221;19px&#8221; _builder_version=&#8221;4.27.4&#8243; _module_preset=&#8221;default&#8221; text_font=&#8221;|600|||||||&#8221; link_text_color=&#8221;#DD5D00&#8243; ol_line_height=&#8221;1.4em&#8221; global_colors_info=&#8221;{}&#8221;]\n<p><span style=\"color: #993300;\"><strong>Orienta\u00e7\u00f5es gerais:<\/strong><\/span><\/p>\n<p>Os dados de <strong>t\u00edtulo do trabalho, autores, autor apresentador e identifica\u00e7\u00e3o do painel<\/strong> est\u00e3o dispon\u00edveis na rela\u00e7\u00e3o das apresenta\u00e7\u00f5es (bot\u00f5es ao final da p\u00e1gina).<\/p>\n<ul>\n<li>Os pain\u00e9is estar\u00e3o identificados conforme a numera\u00e7\u00e3o do seu resumo;<\/li>\n<li>A impress\u00e3o, montagem e retirada dos p\u00f4steres s\u00e3o de responsabilidade dos autores\/apresentadores, incluindo o material necess\u00e1rio para fixa\u00e7\u00e3o;<\/li>\n<li>Cada painel contar\u00e1 com um gancho para suporte, por\u00e9m recomenda-se levar fita dupla face para melhor fixa\u00e7\u00e3o;<\/li>\n<li>P\u00f4steres n\u00e3o retirados no hor\u00e1rio estipulado n\u00e3o ser\u00e3o armazenados pela comiss\u00e3o organizadora;<\/li>\n<li>Sugerimos incluir e-mail e\/ou telefone no p\u00f4ster para contato posterior;<\/li>\n<li>O apresentador dever\u00e1 assinar a lista de presen\u00e7a no local da apresenta\u00e7\u00e3o para receber seu certificado;<\/li>\n<li>N\u00e3o \u00e9 necess\u00e1rio nos enviar arquivo digital do p\u00f4ster, trabalho completo ou resumo expandido.<\/li>\n<\/ul>\n<p>Ressaltamos que a qualidade da apresenta\u00e7\u00e3o visual \u00e9 fundamental. Um bom p\u00f4ster deve aliar conte\u00fado cient\u00edfico consistente a um design claro, organizado, com figuras de qualidade e texto objetivo e leg\u00edvel. Mais orienta\u00e7\u00f5es est\u00e3o descritas no arquivo do template.<\/p>\n<p>&nbsp;<\/p>\n<p><span style=\"color: #993300;\"><strong>Publica\u00e7\u00e3o nos anais do evento:<\/strong><\/span><\/p>\n<p>A vers\u00e3o final de seu resumo ser\u00e1 inclu\u00edda integralmente nos Anais do XII Simexmin. Pedimos que nos informe caso haja algum dado sens\u00edvel, que n\u00e3o possa ser publicado<\/p>\n[\/et_pb_text][\/et_pb_column][\/et_pb_row][et_pb_row column_structure=&#8221;1_2,1_2&#8243; _builder_version=&#8221;4.27.4&#8243; _module_preset=&#8221;default&#8221; global_colors_info=&#8221;{}&#8221;][et_pb_column type=&#8221;1_2&#8243; _builder_version=&#8221;4.27.4&#8243; _module_preset=&#8221;default&#8221; global_colors_info=&#8221;{}&#8221;][et_pb_button button_url=&#8221;https:\/\/simexmin.org.br\/2026\/wp-content\/uploads\/2026\/04\/Planilha_apresentacoes_18maio.pdf&#8221; url_new_window=&#8221;on&#8221; button_text=&#8221;Apresenta\u00e7\u00f5es 18 de maio&#8221; button_alignment=&#8221;center&#8221; disabled_on=&#8221;off|off|off&#8221; _builder_version=&#8221;4.27.4&#8243; _module_preset=&#8221;default&#8221; custom_button=&#8221;on&#8221; button_text_size=&#8221;23px&#8221; button_text_color=&#8221;#FFFFFF&#8221; button_bg_color=&#8221;#002A54&#8243; button_border_color=&#8221;#002A54&#8243; button_border_radius=&#8221;27px&#8221; button_font=&#8221;|700|||||||&#8221; custom_margin=&#8221;14px|||||&#8221; button_text_size_tablet=&#8221;28px&#8221; button_text_size_phone=&#8221;20px&#8221; button_text_size_last_edited=&#8221;on|phone&#8221; global_colors_info=&#8221;{}&#8221; button_text_color__hover_enabled=&#8221;on|hover&#8221; button_text_color__hover=&#8221;#002A54&#8243; button_bg_color__hover_enabled=&#8221;on|hover&#8221; button_bg_color__hover=&#8221;#F7BC13&#8243; button_bg_enable_color__hover=&#8221;on&#8221; button_border_color__hover_enabled=&#8221;on|hover&#8221; button_border_color__hover=&#8221;#F7BC13&#8243;][\/et_pb_button][\/et_pb_column][et_pb_column type=&#8221;1_2&#8243; _builder_version=&#8221;4.27.4&#8243; _module_preset=&#8221;default&#8221; global_colors_info=&#8221;{}&#8221;][et_pb_button button_url=&#8221;https:\/\/simexmin.org.br\/2026\/wp-content\/uploads\/2026\/04\/Planilha_apresentacoes_19maio.pdf&#8221; url_new_window=&#8221;on&#8221; button_text=&#8221;Apresenta\u00e7\u00f5es 19 de maio&#8221; button_alignment=&#8221;center&#8221; disabled_on=&#8221;off|off|off&#8221; _builder_version=&#8221;4.27.4&#8243; _module_preset=&#8221;default&#8221; custom_button=&#8221;on&#8221; button_text_size=&#8221;23px&#8221; button_text_color=&#8221;#FFFFFF&#8221; button_bg_color=&#8221;#002A54&#8243; button_border_color=&#8221;#002A54&#8243; button_border_radius=&#8221;27px&#8221; button_font=&#8221;|700|||||||&#8221; custom_margin=&#8221;14px|||||&#8221; button_text_size_tablet=&#8221;28px&#8221; button_text_size_phone=&#8221;20px&#8221; button_text_size_last_edited=&#8221;on|phone&#8221; global_colors_info=&#8221;{}&#8221; button_text_color__hover_enabled=&#8221;on|hover&#8221; button_text_color__hover=&#8221;#002A54&#8243; button_bg_color__hover_enabled=&#8221;on|hover&#8221; button_bg_color__hover=&#8221;#F7BC13&#8243; button_bg_enable_color__hover=&#8221;on&#8221; button_border_color__hover_enabled=&#8221;on|hover&#8221; button_border_color__hover=&#8221;#F7BC13&#8243;][\/et_pb_button][\/et_pb_column][\/et_pb_row][\/et_pb_section]\n","protected":false},"excerpt":{"rendered":"<p>Data da apresenta\u00e7\u00e3o: 18\/05\/2026 e 19\/05\/2026 (clique nos bot\u00f5es ao final desta p\u00e1gina) Montagem do p\u00f4ster: das 8h \u00e0s 10h Retirada: no mesmo dia, ap\u00f3s \u00e0s 18h Dimens\u00f5es do p\u00f4ster: 0,90 m (largura) x 1,20 m (altura) Recomendamos fortemente a utiliza\u00e7\u00e3o do template disponibilizado abaixo.Orienta\u00e7\u00f5es gerais: Os dados de t\u00edtulo do trabalho, autores, autor apresentador [&hellip;]<\/p>\n","protected":false},"author":1,"featured_media":0,"parent":0,"menu_order":0,"comment_status":"closed","ping_status":"closed","template":"","meta":{"_et_pb_use_builder":"on","_et_pb_old_content":"","_et_gb_content_width":"","footnotes":""},"class_list":["post-1735","page","type-page","status-publish","hentry"],"_links":{"self":[{"href":"https:\/\/simexmin.org.br\/2026\/wp-json\/wp\/v2\/pages\/1735","targetHints":{"allow":["GET"]}}],"collection":[{"href":"https:\/\/simexmin.org.br\/2026\/wp-json\/wp\/v2\/pages"}],"about":[{"href":"https:\/\/simexmin.org.br\/2026\/wp-json\/wp\/v2\/types\/page"}],"author":[{"embeddable":true,"href":"https:\/\/simexmin.org.br\/2026\/wp-json\/wp\/v2\/users\/1"}],"replies":[{"embeddable":true,"href":"https:\/\/simexmin.org.br\/2026\/wp-json\/wp\/v2\/comments?post=1735"}],"version-history":[{"count":4,"href":"https:\/\/simexmin.org.br\/2026\/wp-json\/wp\/v2\/pages\/1735\/revisions"}],"predecessor-version":[{"id":1745,"href":"https:\/\/simexmin.org.br\/2026\/wp-json\/wp\/v2\/pages\/1735\/revisions\/1745"}],"wp:attachment":[{"href":"https:\/\/simexmin.org.br\/2026\/wp-json\/wp\/v2\/media?parent=1735"}],"curies":[{"name":"wp","href":"https:\/\/api.w.org\/{rel}","templated":true}]}}