{"id":200,"date":"2023-11-22T17:06:50","date_gmt":"2023-11-22T17:06:50","guid":{"rendered":"https:\/\/simexmin.org.br\/2024\/?page_id=200"},"modified":"2026-03-10T19:43:21","modified_gmt":"2026-03-10T19:43:21","slug":"areas-tematicas","status":"publish","type":"page","link":"https:\/\/simexmin.org.br\/2026\/areas-tematicas\/","title":{"rendered":"\u00c1reas tem\u00e1ticas"},"content":{"rendered":"[et_pb_section fb_built=&#8221;1&#8243; fullwidth=&#8221;on&#8221; _builder_version=&#8221;4.27.4&#8243; _module_preset=&#8221;default&#8221; bottom_divider_color=&#8221;#fbfae8&#8243; bottom_divider_height=&#8221;50px&#8221; global_colors_info=&#8221;{}&#8221;][et_pb_fullwidth_header title=&#8221;\u00c1REAS TEM\u00c1TICAS&#8221; _builder_version=&#8221;4.27.4&#8243; _module_preset=&#8221;default&#8221; title_font=&#8221;|800|||||||&#8221; title_text_align=&#8221;center&#8221; title_font_size=&#8221;48px&#8221; background_image=&#8221;https:\/\/simexmin.org.br\/2026\/wp-content\/uploads\/2025\/10\/tarja-titulos-fina.jpg&#8221; background_position=&#8221;center_left&#8221; custom_padding=&#8221;20px||10px||false|false&#8221; title_font_size_tablet=&#8221;48px&#8221; title_font_size_phone=&#8221;33px&#8221; title_font_size_last_edited=&#8221;on|phone&#8221; title_text_shadow_style=&#8221;preset2&#8243; global_colors_info=&#8221;{}&#8221;][\/et_pb_fullwidth_header][\/et_pb_section][et_pb_section fb_built=&#8221;1&#8243; _builder_version=&#8221;4.27.4&#8243; _module_preset=&#8221;default&#8221; background_image=&#8221;https:\/\/simexmin.org.br\/2026\/wp-content\/uploads\/2025\/09\/bg-pgs-internas2.jpg&#8221; parallax=&#8221;on&#8221; parallax_method=&#8221;off&#8221; background_blend=&#8221;multiply&#8221; global_colors_info=&#8221;{}&#8221;][et_pb_row _builder_version=&#8221;4.25.1&#8243; _module_preset=&#8221;default&#8221; global_colors_info=&#8221;{}&#8221;][et_pb_column type=&#8221;4_4&#8243; _builder_version=&#8221;4.25.1&#8243; _module_preset=&#8221;default&#8221; global_colors_info=&#8221;{}&#8221;][et_pb_text ol_position=&#8221;outside&#8221; ol_item_indent=&#8221;30px&#8221; module_class=&#8221;cstm-text&#8221; _builder_version=&#8221;4.27.4&#8243; _module_preset=&#8221;default&#8221; ul_font_size=&#8221;21px&#8221; ul_line_height=&#8221;1.4em&#8221; ol_font_size=&#8221;24px&#8221; ol_line_height=&#8221;1.4em&#8221; global_colors_info=&#8221;{}&#8221;]\n<ol>\n<li>Sistemas Minerais e Processos Mineralizantes<\/li>\n<li>A produ\u00e7\u00e3o e o potencial geol\u00f3gico de minerais\/metais estrat\u00e9gicos no Brasil: avan\u00e7os e novas fontes alternativas<\/li>\n<li>Tecnologias e Intelig\u00eancia Artificial Aplicados \u00e0 Pesquisa Mineral<\/li>\n<li>Geometalurgia e avan\u00e7os na valoriza\u00e7\u00e3o de recursos minerais: da opera\u00e7\u00e3o \u00e0 reutiliza\u00e7\u00e3o de rejeitos<\/li>\n<\/ol>\n[\/et_pb_text][\/et_pb_column][\/et_pb_row][et_pb_row disabled_on=&#8221;off|off|off&#8221; _builder_version=&#8221;4.25.1&#8243; _module_preset=&#8221;default&#8221; custom_padding=&#8221;6px|||||&#8221; global_colors_info=&#8221;{}&#8221;][et_pb_column type=&#8221;4_4&#8243; _builder_version=&#8221;4.23.1&#8243; _module_preset=&#8221;default&#8221; global_colors_info=&#8221;{}&#8221;][et_pb_text _builder_version=&#8221;4.23.1&#8243; _module_preset=&#8221;default&#8221; ol_font=&#8221;|600|||||||&#8221; ol_text_color=&#8221;#002A54&#8243; ol_font_size=&#8221;23px&#8221; ol_line_height=&#8221;1.9em&#8221; header_2_text_color=&#8221;#DB6C00&#8243; custom_margin=&#8221;||6px|||&#8221; global_colors_info=&#8221;{}&#8221;]\n<h2><strong>CRONOGRAMA<\/strong><\/h2>\n[\/et_pb_text][et_pb_text _builder_version=&#8221;4.27.4&#8243; _module_preset=&#8221;default&#8221; text_font=&#8221;|600|||||||&#8221; text_font_size=&#8221;17px&#8221; hover_enabled=&#8221;0&#8243; global_colors_info=&#8221;{}&#8221; sticky_enabled=&#8221;0&#8243;]\n<div class=\"su-table su-table-alternate\">\n<table>\n<tbody>\n<tr>\n<td style=\"text-align: center;width: 106px\"><strong>10\/11\/2025<\/strong><\/td>\n<td style=\"text-align: center\">In\u00edcio da submiss\u00e3o de trabalhos.<\/td>\n<\/tr>\n<tr>\n<td style=\"text-align: center;width: 106px\"><strong>22\/03\/2026<\/strong><\/td>\n<td style=\"text-align: center\">Data limite para submiss\u00e3o de resumo.<\/td>\n<\/tr>\n<tr>\n<td style=\"text-align: center;width: 106px\"><strong>28\/03\/2026<\/strong><\/td>\n<td style=\"text-align: center\">Data limite para Comiss\u00e3o Cient\u00edfica enviar parecer e solicitar ressalva aos autores (caso necess\u00e1rio).<\/td>\n<\/tr>\n<tr>\n<td style=\"text-align: center;width: 106px\"><strong>01\/04\/2026<\/strong><\/td>\n<td style=\"text-align: center\">Data limite para os Autor(es) enviarem o resumo com as altera\u00e7\u00f5es solicitadas Comiss\u00e3o Cient\u00edfica (se necess\u00e1rio).<\/td>\n<\/tr>\n<tr>\n<td style=\"text-align: center;width: 106px\"><strong>13\/04\/2026<\/strong><\/td>\n<td style=\"text-align: center\">Comiss\u00e3o Cient\u00edfica envia comunica\u00e7\u00e3o final aos autores com informe dos trabalhos aprovados ou reprovados.<\/td>\n<\/tr>\n<tr>\n<td style=\"text-align: center;width: 106px\"><strong>15\/04\/2026<\/strong><\/td>\n<td style=\"text-align: center\">Data limite para pagamento da Taxa de Inscri\u00e7\u00e3o do apresentador (indicado na plataforma de submiss\u00e3o). Caso a pessoa que submeteu o trabalho seja diferente da pessoa que apresentar\u00e1 o trabalho, este tamb\u00e9m deve ter a inscri\u00e7\u00e3o devidamente paga.<\/td>\n<\/tr>\n<tr>\n<td style=\"text-align: center;width: 106px\"><strong>27\/04\/2026<\/strong><\/td>\n<td style=\"text-align: center\">Envio de instru\u00e7\u00f5es para montagem do p\u00f4ster e apresenta\u00e7\u00e3o dos trabalhos<\/td>\n<\/tr>\n<\/tbody>\n<\/table>\n<\/div>\n[\/et_pb_text][\/et_pb_column][\/et_pb_row][\/et_pb_section]\n","protected":false},"excerpt":{"rendered":"<p>Sistemas Minerais e Processos Mineralizantes A produ\u00e7\u00e3o e o potencial geol\u00f3gico de minerais\/metais estrat\u00e9gicos no Brasil: avan\u00e7os e novas fontes alternativas Tecnologias e Intelig\u00eancia Artificial Aplicados \u00e0 Pesquisa Mineral Geometalurgia e avan\u00e7os na valoriza\u00e7\u00e3o de recursos minerais: da opera\u00e7\u00e3o \u00e0 reutiliza\u00e7\u00e3o de rejeitos CRONOGRAMA<div class=\"su-table su-table-alternate\"><\/div> 10\/11\/2025 In\u00edcio da submiss\u00e3o de trabalhos. 22\/03\/2026 Data limite para [&hellip;]<\/p>\n","protected":false},"author":1,"featured_media":0,"parent":0,"menu_order":0,"comment_status":"closed","ping_status":"closed","template":"","meta":{"_et_pb_use_builder":"on","_et_pb_old_content":"","_et_gb_content_width":"","footnotes":""},"class_list":["post-200","page","type-page","status-publish","hentry"],"_links":{"self":[{"href":"https:\/\/simexmin.org.br\/2026\/wp-json\/wp\/v2\/pages\/200","targetHints":{"allow":["GET"]}}],"collection":[{"href":"https:\/\/simexmin.org.br\/2026\/wp-json\/wp\/v2\/pages"}],"about":[{"href":"https:\/\/simexmin.org.br\/2026\/wp-json\/wp\/v2\/types\/page"}],"author":[{"embeddable":true,"href":"https:\/\/simexmin.org.br\/2026\/wp-json\/wp\/v2\/users\/1"}],"replies":[{"embeddable":true,"href":"https:\/\/simexmin.org.br\/2026\/wp-json\/wp\/v2\/comments?post=200"}],"version-history":[{"count":21,"href":"https:\/\/simexmin.org.br\/2026\/wp-json\/wp\/v2\/pages\/200\/revisions"}],"predecessor-version":[{"id":1506,"href":"https:\/\/simexmin.org.br\/2026\/wp-json\/wp\/v2\/pages\/200\/revisions\/1506"}],"wp:attachment":[{"href":"https:\/\/simexmin.org.br\/2026\/wp-json\/wp\/v2\/media?parent=200"}],"curies":[{"name":"wp","href":"https:\/\/api.w.org\/{rel}","templated":true}]}}