{"id":22,"date":"2023-11-20T11:48:22","date_gmt":"2023-11-20T11:48:22","guid":{"rendered":"https:\/\/simexmin.org.br\/2024\/?page_id=22"},"modified":"2025-11-10T10:55:18","modified_gmt":"2025-11-10T10:55:18","slug":"regras-de-submissao","status":"publish","type":"page","link":"https:\/\/simexmin.org.br\/2026\/regras-de-submissao\/","title":{"rendered":"Regras de submiss\u00e3o"},"content":{"rendered":"[et_pb_section fb_built=&#8221;1&#8243; fullwidth=&#8221;on&#8221; _builder_version=&#8221;4.27.4&#8243; _module_preset=&#8221;default&#8221; bottom_divider_color=&#8221;#fbfae8&#8243; bottom_divider_height=&#8221;50px&#8221; global_colors_info=&#8221;{}&#8221;][et_pb_fullwidth_header title=&#8221;REGRAS DE SUBMISS\u00c3O&#8221; _builder_version=&#8221;4.27.4&#8243; _module_preset=&#8221;default&#8221; title_font=&#8221;|800|||||||&#8221; title_text_align=&#8221;center&#8221; title_font_size=&#8221;48px&#8221; background_image=&#8221;https:\/\/simexmin.org.br\/2026\/wp-content\/uploads\/2025\/10\/tarja-titulos-fina.jpg&#8221; background_position=&#8221;center_left&#8221; custom_padding=&#8221;20px||10px||false|false&#8221; title_font_size_tablet=&#8221;48px&#8221; title_font_size_phone=&#8221;33px&#8221; title_font_size_last_edited=&#8221;on|phone&#8221; title_text_shadow_style=&#8221;preset2&#8243; global_colors_info=&#8221;{}&#8221;][\/et_pb_fullwidth_header][\/et_pb_section][et_pb_section fb_built=&#8221;1&#8243; _builder_version=&#8221;4.27.4&#8243; _module_preset=&#8221;default&#8221; background_image=&#8221;https:\/\/simexmin.org.br\/2026\/wp-content\/uploads\/2025\/09\/bg-pgs-internas2.jpg&#8221; parallax=&#8221;on&#8221; parallax_method=&#8221;off&#8221; background_blend=&#8221;multiply&#8221; global_colors_info=&#8221;{}&#8221;][et_pb_row disabled_on=&#8221;off|off|off&#8221; _builder_version=&#8221;4.27.4&#8243; _module_preset=&#8221;default&#8221; global_colors_info=&#8221;{}&#8221;][et_pb_column type=&#8221;4_4&#8243; _builder_version=&#8221;4.23.1&#8243; _module_preset=&#8221;default&#8221; global_colors_info=&#8221;{}&#8221;][et_pb_text _builder_version=&#8221;4.23.1&#8243; _module_preset=&#8221;default&#8221; ol_font=&#8221;|600|||||||&#8221; ol_text_color=&#8221;#002A54&#8243; ol_font_size=&#8221;23px&#8221; ol_line_height=&#8221;1.9em&#8221; header_2_text_color=&#8221;#DB6C00&#8243; custom_margin=&#8221;||6px|||&#8221; global_colors_info=&#8221;{}&#8221;]\n<h2><strong>Orienta\u00e7\u00f5es para Submiss\u00e3o de Trabalhos<\/strong><\/h2>\n[\/et_pb_text][et_pb_text ol_position=&#8221;outside&#8221; ol_item_indent=&#8221;19px&#8221; _builder_version=&#8221;4.27.4&#8243; _module_preset=&#8221;default&#8221; text_font=&#8221;|600|||||||&#8221; link_text_color=&#8221;#DD5D00&#8243; ol_line_height=&#8221;1.4em&#8221; global_colors_info=&#8221;{}&#8221;]\n<p>As normas para a prepara\u00e7\u00e3o dos Resumos devem ser rigorosamente seguidas. Os Resumos ser\u00e3o objeto de revis\u00e3o e eventuais corre\u00e7\u00f5es poder\u00e3o ser solicitadas aos autores.<\/p>\n<ul>\n<li>As submiss\u00f5es devem ocorrer exclusivamente via plataforma.<\/li>\n<li>O pagamento de taxa de inscri\u00e7\u00e3o \u00e9 obrigat\u00f3rio para submiss\u00e3o e apresenta\u00e7\u00e3o do trabalho e posterior publica\u00e7\u00e3o nos Anais do evento. Aten\u00e7\u00e3o: Pagamentos realizados via boleto podem demorar at\u00e9 48 horas para compensar.<\/li>\n<li>O apresentador do p\u00f4ster (indicado na plataforma) deve estar devidamente inscrito no evento para acesso ao simp\u00f3sio e apresenta\u00e7\u00e3o do trabalho.<\/li>\n<li>A aprova\u00e7\u00e3o do trabalho e as instru\u00e7\u00f5es sobre data\/hor\u00e1rio da montagem e apresenta\u00e7\u00e3o do p\u00f4ster, ser\u00e3o informadas ao autor conforme cronograma.<\/li>\n<\/ul>\n<p><span style=\"color: #000080;\"><strong>As submiss\u00f5es dever\u00e3o observar as orienta\u00e7\u00f5es a seguir:<\/strong><\/span><\/p>\n<ol>\n<li>Toda a comunica\u00e7\u00e3o entre autores(as) e a organiza\u00e7\u00e3o do Evento ocorrer\u00e1 atrav\u00e9s da plataforma que consta neste site, onde est\u00e3o dispon\u00edveis os campos de identifica\u00e7\u00e3o e as instru\u00e7\u00f5es para o encaminhamento do resumo OU via e-mail simexmin.trabalhos@adimb.org.br;<\/li>\n<li>Cada autor(as) inscrito(as) poder\u00e1 enviar at\u00e9 02 (dois) resumos como por autor(a) principal.<\/li>\n<li>Os resumos poder\u00e3o ser enviados em portugu\u00eas ou ingl\u00eas;<br \/>Sugerimos que os resumos em ingl\u00eas sejam revisados por um profissional qualificado, a fim evitar atrasos na avalia\u00e7\u00e3o ou a necessidade de corre\u00e7\u00f5es lingu\u00edsticas.<\/li>\n<li>O(a) autor(a) principal dever\u00e1 submeter o trabalho vinculado a uma das \u00e1reas tem\u00e1ticas dentre as op\u00e7\u00f5es dispon\u00edveis na plataforma de inscri\u00e7\u00e3o. O Comit\u00ea Cient\u00edfico dar\u00e1 prioridade \u00e0 \u00e1rea tem\u00e1tica escolhida pelo(a) autor(a), mas reserva-se o direito de alterar caso seja necess\u00e1rio;<\/li>\n<li>Os(a) autores(a) autorizam a publica\u00e7\u00e3o dos resumos nos Anais do Simp\u00f3sio, sem fazerem jus a qualquer remunera\u00e7\u00e3o por direito autoral.<\/li>\n<li>Ser\u00e3o apresentados e publicados nos Anais, somente os trabalhos aprovados pelo Comit\u00ea Cient\u00edfico e com taxa de inscri\u00e7\u00e3o paga pelo autor(a)\/coautor(a) que submeteu o trabalho e apresentador (apontado na plataforma).<\/li>\n<li>N\u00e3o ser\u00e3o aceitos resumos incompletos ou provis\u00f3rios. Os resumos que n\u00e3o estiverem de acordo com as Normas de Submiss\u00e3o do Evento ser\u00e3o automaticamente recusados.<\/li>\n<li>O envio do resumo e sua inscri\u00e7\u00e3o no Simp\u00f3sio representam o compromisso dos (a) autores(a) com sua apresenta\u00e7\u00e3o no evento, desde que a aceita\u00e7\u00e3o seja confirmada pelo Comit\u00ea Cient\u00edfico;<\/li>\n<li>Um certificado de trabalho aceito ser\u00e1 disponibilizado on-line para o conjunto dos (as) autores (as);<\/li>\n<\/ol>\n<p><span style=\"color: #000080;\"><strong>Formata\u00e7\u00e3o para Submiss\u00e3o dos Trabalhos<\/strong><\/span><\/p>\n<ul>\n<li>Os trabalhos dever\u00e3o ser enviados na forma de resumo simples (m\u00ednimo de 2000 caracteres e m\u00e1ximo de 3500 caracteres (com espa\u00e7o), texto corrido (sem par\u00e1grafos) e justificado, com espa\u00e7amento de 1,15, fonte Arial, tamanho 11 (exceto quando especificado outros tamanhos no modelo).<\/li>\n<li>O texto deve ser escrito utilizando o template disponibilizado, em editor de texto Word para Windows.<\/li>\n<li>No resumo deve constar o t\u00edtulo (letras mai\u00fasculas em negrito e centralizado), autores(as) com afilia\u00e7\u00f5es (o nome do(a) apresentador(a) deve estar sublinhado), o texto referente ao resumo e os agradecimentos ao final (opcional).<\/li>\n<li>No texto devem ser abordados os itens introdu\u00e7\u00e3o, objetivos, materiais e m\u00e9todo resultados, discuss\u00e3o e conclus\u00f5es. N\u00e3o incluir nem tabelas, nem figuras e nem refer\u00eancias.<\/li>\n<\/ul>\n<p><a href=\"https:\/\/simexmin.org.br\/2026\/wp-content\/uploads\/2025\/10\/Template_Simexmin2026.docx\" target=\"_blank\" rel=\"noopener\">\u00bb Veja o modelo de Template <\/a><\/p>\n[\/et_pb_text][\/et_pb_column][\/et_pb_row][et_pb_row disabled_on=&#8221;off|off|off&#8221; _builder_version=&#8221;4.27.4&#8243; _module_preset=&#8221;default&#8221; max_width=&#8221;1358px&#8221; hover_enabled=&#8221;0&#8243; global_colors_info=&#8221;{}&#8221; sticky_enabled=&#8221;0&#8243;][et_pb_column type=&#8221;4_4&#8243; _builder_version=&#8221;4.23.1&#8243; _module_preset=&#8221;default&#8221; global_colors_info=&#8221;{}&#8221;][et_pb_button button_url=&#8221;https:\/\/www.hbatools.com.br\/LoginAreaInscrito\/Login\/2493&#8243; url_new_window=&#8221;on&#8221; button_text=&#8221;CLIQUE AQUI PARA ACESSAR A \u00c1REA DO INSCRITO&#8221; button_alignment=&#8221;center&#8221; disabled_on=&#8221;off|off|off&#8221; _builder_version=&#8221;4.27.4&#8243; _module_preset=&#8221;default&#8221; custom_button=&#8221;on&#8221; button_text_size=&#8221;28px&#8221; button_text_color=&#8221;#FFFFFF&#8221; button_bg_color=&#8221;#002A54&#8243; button_border_color=&#8221;#002A54&#8243; button_border_radius=&#8221;27px&#8221; button_font=&#8221;|700|||||||&#8221; custom_margin=&#8221;14px|||||&#8221; button_text_size_tablet=&#8221;28px&#8221; button_text_size_phone=&#8221;20px&#8221; button_text_size_last_edited=&#8221;on|phone&#8221; global_colors_info=&#8221;{}&#8221; button_text_color__hover_enabled=&#8221;on|hover&#8221; button_text_color__hover=&#8221;#002A54&#8243; button_bg_color__hover_enabled=&#8221;on|hover&#8221; button_bg_color__hover=&#8221;#F7BC13&#8243; button_bg_enable_color__hover=&#8221;on&#8221; button_border_color__hover_enabled=&#8221;on|hover&#8221; button_border_color__hover=&#8221;#F7BC13&#8243;][\/et_pb_button][\/et_pb_column][\/et_pb_row][\/et_pb_section]\n","protected":false},"excerpt":{"rendered":"<p>Orienta\u00e7\u00f5es para Submiss\u00e3o de TrabalhosAs normas para a prepara\u00e7\u00e3o dos Resumos devem ser rigorosamente seguidas. Os Resumos ser\u00e3o objeto de revis\u00e3o e eventuais corre\u00e7\u00f5es poder\u00e3o ser solicitadas aos autores. As submiss\u00f5es devem ocorrer exclusivamente via plataforma. O pagamento de taxa de inscri\u00e7\u00e3o \u00e9 obrigat\u00f3rio para submiss\u00e3o e apresenta\u00e7\u00e3o do trabalho e posterior publica\u00e7\u00e3o nos Anais [&hellip;]<\/p>\n","protected":false},"author":1,"featured_media":0,"parent":0,"menu_order":0,"comment_status":"closed","ping_status":"closed","template":"","meta":{"_et_pb_use_builder":"on","_et_pb_old_content":"","_et_gb_content_width":"","footnotes":""},"class_list":["post-22","page","type-page","status-publish","hentry"],"_links":{"self":[{"href":"https:\/\/simexmin.org.br\/2026\/wp-json\/wp\/v2\/pages\/22","targetHints":{"allow":["GET"]}}],"collection":[{"href":"https:\/\/simexmin.org.br\/2026\/wp-json\/wp\/v2\/pages"}],"about":[{"href":"https:\/\/simexmin.org.br\/2026\/wp-json\/wp\/v2\/types\/page"}],"author":[{"embeddable":true,"href":"https:\/\/simexmin.org.br\/2026\/wp-json\/wp\/v2\/users\/1"}],"replies":[{"embeddable":true,"href":"https:\/\/simexmin.org.br\/2026\/wp-json\/wp\/v2\/comments?post=22"}],"version-history":[{"count":18,"href":"https:\/\/simexmin.org.br\/2026\/wp-json\/wp\/v2\/pages\/22\/revisions"}],"predecessor-version":[{"id":1408,"href":"https:\/\/simexmin.org.br\/2026\/wp-json\/wp\/v2\/pages\/22\/revisions\/1408"}],"wp:attachment":[{"href":"https:\/\/simexmin.org.br\/2026\/wp-json\/wp\/v2\/media?parent=22"}],"curies":[{"name":"wp","href":"https:\/\/api.w.org\/{rel}","templated":true}]}}